{"id":33120,"date":"2025-09-26T23:39:20","date_gmt":"2025-09-26T23:39:20","guid":{"rendered":"https:\/\/as-schwabe.de\/?post_type=product&#038;p=33120"},"modified":"2025-10-23T00:20:21","modified_gmt":"2025-10-23T00:20:21","slug":"kolumna-oswietleniowa-led-360-centra-70-w-f-846373","status":"publish","type":"product","link":"https:\/\/as-schwabe.de\/pl\/produkt\/kolumna-oswietleniowa-led-360-centra-70-w-f-846373\/","title":{"rendered":"Kolumna o\u015bwietleniowa LED 360\u00b0 CENTRA 70 W &#8222;F&#8220; &#8211; 7000 lm | 846373"},"content":{"rendered":"<p>Kolumna o\u015bwietleniowa LED 360\u00b0 CENTRA o mocy 70 W to idealne rozwi\u0105zanie dla profesjonalist\u00f3w potrzebuj\u0105cych efektywnego i mobilnego \u017ar\u00f3d\u0142a \u015bwiat\u0142a. Dzi\u0119ki sk\u0142adanej konstrukcji o wysoko\u015bci regulowanej od 0,88 m do 1,35 m, o\u015bwietlenie mo\u017cna dostosowa\u0107 do r\u00f3\u017cnych warunk\u00f3w pracy, zapewniaj\u0105c optymalne o\u015bwietlenie w promieniu 360\u00b0. Emituje \u015bwiat\u0142o o mocy 7000 lumen\u00f3w (100 lm\/W) o barwie 4000K, co gwarantuje doskona\u0142\u0105 widoczno\u015b\u0107 w ka\u017cdym \u015brodowisku. Wbudowane gniazdo z klapk\u0105 i uziemieniem IP54 umo\u017cliwia pod\u0142\u0105czenie dodatkowych urz\u0105dze\u0144, co zwi\u0119ksza funkcjonalno\u015b\u0107 kolumny. Metalowy sk\u0142adany stela\u017c i plastikowa obudowa z uchwytem na przew\u00f3d zapewniaj\u0105 wygod\u0119 transportu oraz u\u017cytkowania, a klasyfikacja IP44 chroni produkt przed py\u0142em i lekkim deszczem.<\/p>","protected":false},"excerpt":{"rendered":"<div class=\"icons\" style=\"display: flex; flex-wrap: wrap; gap: 5px; align-items: center; margin-top: 10px;\"><img decoding=\"async\" src=\"https:\/\/as-schwabe.de\/wp-content\/uploads\/ikony\/znak_FR.png\" alt=\"\" width=\"50\" height=\"50\" \/><img decoding=\"async\" src=\"https:\/\/as-schwabe.de\/wp-content\/uploads\/ikony\/znak_CE.png\" alt=\"\" width=\"50\" height=\"50\" \/><img decoding=\"async\" src=\"https:\/\/as-schwabe.de\/wp-content\/uploads\/ikony\/znak_IP44.png\" alt=\"\" width=\"50\" height=\"50\" \/><img loading=\"lazy\" decoding=\"async\" src=\"https:\/\/as-schwabe.de\/wp-content\/uploads\/ikony\/znak_LED.png\" alt=\"\" width=\"50\" height=\"50\" \/><img loading=\"lazy\" decoding=\"async\" src=\"https:\/\/as-schwabe.de\/wp-content\/uploads\/ikony\/znak_PB.png\" alt=\"\" width=\"50\" height=\"50\" \/><img loading=\"lazy\" decoding=\"async\" src=\"https:\/\/as-schwabe.de\/wp-content\/uploads\/ikony\/znak_Z.png\" alt=\"\" width=\"50\" height=\"50\" \/><img loading=\"lazy\" decoding=\"async\" src=\"https:\/\/as-schwabe.de\/wp-content\/uploads\/ikony\/znak_D.png\" alt=\"\" width=\"50\" height=\"50\" \/><\/div>\n<ul>\n<li>sk\u0142adana kolumna o\u015bwietleniowa 360\u00b0 na plac budowy <\/li>\n<li>optymalny rozsy\u0142 \u015bwiat\u0142a dzi\u0119ki o\u015bwietleniu 360\u00b0 <\/li>\n<li>diody LED osadzone w kolumnie ochronnej z poliw\u0119glanu (100 lm\/W) <\/li>\n<li>wsp\u00f3\u0142czynnik oddawania barw: CRI > 80 <\/li>\n<li>du\u017cy uchwyt do przenoszenia, idealny do trzymania w r\u0119kawicach <\/li>\n<li>stabilny, sk\u0142adany, 3-ramienny statyw wykonany z metalu malowanego proszkowo z nawijakiem na przew\u00f3d <\/li>\n<li>w obudowie lampy dodatkowe gniazdo z uziemieniem 230 V, 16 A, maks. 2000 W <\/li>\n<li>1,8m przew\u00f3d neoprenowy H07RN-F 3G1,5 z wtyczk\u0105 z uziemieniem <\/li>\n<li>wysoko\u015b\u0107 po z\u0142o\u017ceniu: 0,88 m <\/li>\n<li>wysoko\u015b\u0107 po roz\u0142o\u017ceniu: 1,35 m <\/li>\n<li>230 V, 16 A, maks. 2000 W \/ 50-60 Hz <\/li>\n<li>IP54: odporny na kurz i bryzgi wody<\/li>\n<\/ul>","protected":false},"featured_media":35099,"template":"","meta":{"inline_featured_image":false},"genre":[509],"product_cat":[547,559],"product_tag":[],"class_list":{"0":"post-33120","1":"product","2":"type-product","3":"status-publish","4":"has-post-thumbnail","6":"product_brand-as-schwabe-pl","7":"product_cat-oswietlenie-2-pl","8":"product_cat-lampy-robocze-360-pl","10":"first","11":"instock","12":"shipping-taxable","13":"product-type-simple"},"aioseo_notices":[],"_links":{"self":[{"href":"https:\/\/as-schwabe.de\/pl\/wp-json\/wp\/v2\/product\/33120","targetHints":{"allow":["GET"]}}],"collection":[{"href":"https:\/\/as-schwabe.de\/pl\/wp-json\/wp\/v2\/product"}],"about":[{"href":"https:\/\/as-schwabe.de\/pl\/wp-json\/wp\/v2\/types\/product"}],"version-history":[{"count":0,"href":"https:\/\/as-schwabe.de\/pl\/wp-json\/wp\/v2\/product\/33120\/revisions"}],"wp:featuredmedia":[{"embeddable":true,"href":"https:\/\/as-schwabe.de\/pl\/wp-json\/wp\/v2\/media\/35099"}],"wp:attachment":[{"href":"https:\/\/as-schwabe.de\/pl\/wp-json\/wp\/v2\/media?parent=33120"}],"wp:term":[{"taxonomy":"product_brand","embeddable":true,"href":"https:\/\/as-schwabe.de\/pl\/wp-json\/wp\/v2\/genre?post=33120"},{"taxonomy":"product_cat","embeddable":true,"href":"https:\/\/as-schwabe.de\/pl\/wp-json\/wp\/v2\/product_cat?post=33120"},{"taxonomy":"product_tag","embeddable":true,"href":"https:\/\/as-schwabe.de\/pl\/wp-json\/wp\/v2\/product_tag?post=33120"}],"curies":[{"name":"wp","href":"https:\/\/api.w.org\/{rel}","templated":true}]}}