{"id":33118,"date":"2025-09-26T23:39:20","date_gmt":"2025-09-26T23:39:20","guid":{"rendered":"https:\/\/as-schwabe.de\/?post_type=product&#038;p=33118"},"modified":"2025-10-23T00:20:20","modified_gmt":"2025-10-23T00:20:20","slug":"naswietlacz-mobilny-optiline-led-80-w-f-846346","status":"publish","type":"product","link":"https:\/\/as-schwabe.de\/pl\/produkt\/naswietlacz-mobilny-optiline-led-80-w-f-846346\/","title":{"rendered":"Na\u015bwietlacz mobilny Optiline LED 80 W &#8222;F&#8220; &#8211; 9200 lm | 846346"},"content":{"rendered":"<p>Na\u015bwietlacz mobilny Optiline LED 80 W &#8222;F&#8220; to wszechstronny i wydajny \u017ar\u00f3d\u0142o \u015bwiat\u0142a, idealne do zastosowa\u0144 w pomieszczeniach oraz na zewn\u0105trz. Dzi\u0119ki mocy \u015bwietlnej wynosz\u0105cej 8200 lumen\u00f3w oraz wysokiej efektywno\u015bci na poziomie 104 lm\/W, zapewnia doskona\u0142e o\u015bwietlenie w temperaturze barwowej 4000K, co sprzyja komfortowi pracy. Obudowa i dyfuzor wykonane z odpornego tworzywa sztucznego w kolorze czarno-niebieskim gwarantuj\u0105 trwa\u0142o\u015b\u0107 i estetyk\u0119 produktu. Na\u015bwietlacz wyposa\u017cony jest w przew\u00f3d zasilaj\u0105cy IP44 oraz dwa gniazda z klapk\u0105 i uziemieniem 230 V, 16 A, co umo\u017cliwia \u0142atwe pod\u0142\u0105czenie dodatkowych urz\u0105dze\u0144. Dodatkowo, mo\u017cliwo\u015b\u0107 regulacji dw\u00f3ch poziom\u00f3w \u015bwiecenia (50 %, 100%) pozwala na dostosowanie intensywno\u015bci \u015bwiat\u0142a do indywidualnych potrzeb u\u017cytkownika.<\/p>","protected":false},"excerpt":{"rendered":"<div class=\"icons\" style=\"display: flex; flex-wrap: wrap; gap: 5px; align-items: center; margin-top: 10px;\"><img decoding=\"async\" src=\"https:\/\/as-schwabe.de\/wp-content\/uploads\/ikony\/znak_FR.png\" alt=\"\" width=\"50\" height=\"50\" \/><img decoding=\"async\" src=\"https:\/\/as-schwabe.de\/wp-content\/uploads\/ikony\/znak_CE.png\" alt=\"\" width=\"50\" height=\"50\" \/><img decoding=\"async\" src=\"https:\/\/as-schwabe.de\/wp-content\/uploads\/ikony\/znak_IP54.png\" alt=\"\" width=\"50\" height=\"50\" \/><img loading=\"lazy\" decoding=\"async\" src=\"https:\/\/as-schwabe.de\/wp-content\/uploads\/ikony\/znak_LED.png\" alt=\"\" width=\"50\" height=\"50\" \/><img loading=\"lazy\" decoding=\"async\" src=\"https:\/\/as-schwabe.de\/wp-content\/uploads\/ikony\/znak_Z.png\" alt=\"\" width=\"50\" height=\"50\" \/><img loading=\"lazy\" decoding=\"async\" src=\"https:\/\/as-schwabe.de\/wp-content\/uploads\/ikony\/znak_D.png\" alt=\"\" width=\"50\" height=\"50\" \/><\/div>\n<ul>\n<li>diody LED o \u017cywotno\u015bci ponad 40 000 h <\/li>\n<li>temperatura barwowa: 4000 K (neutralna biel) <\/li>\n<li>k\u0105t rozsy\u0142u \u015bwiat\u0142a diody LED: 100\u00b0 <\/li>\n<li>wsp\u00f3\u0142czynnik oddawania barw: CRI > 80 <\/li>\n<li>z dyfuzorem wykonanym z poliw\u0119glanu <\/li>\n<li>wyj\u0105tkowo w\u0105ska obudowa reflektora wykonana ze specjalnego tworzywa sztucznego z blokad\u0105 uchwytu mocuj\u0105cego <\/li>\n<li>pod\u0142\u0105czenie: 220-240 V\/50 Hz <\/li>\n<li>3 m przew\u00f3d neoprenowy H07RN-F 3G1,5 z wtyczk\u0105 z uziemieniem <\/li>\n<li>IP54: odporny na kurz i bryzgi wody <\/li>\n<li>2x gniazdo z uziemieniem i uchyln\u0105 klapk\u0105 <\/li>\n<li>3 poziomy prze\u0142\u0105czania: 50%, 100%, wy\u0142\u0105czony <\/li>\n<\/ul>","protected":false},"featured_media":32297,"template":"","meta":{"inline_featured_image":false},"genre":[509],"product_cat":[547,557],"product_tag":[],"class_list":{"0":"post-33118","1":"product","2":"type-product","3":"status-publish","4":"has-post-thumbnail","6":"product_brand-as-schwabe-pl","7":"product_cat-oswietlenie-2-pl","8":"product_cat-o-seria-naswietlaczy-optiline-pl","10":"first","11":"instock","12":"shipping-taxable","13":"product-type-simple"},"aioseo_notices":[],"_links":{"self":[{"href":"https:\/\/as-schwabe.de\/pl\/wp-json\/wp\/v2\/product\/33118","targetHints":{"allow":["GET"]}}],"collection":[{"href":"https:\/\/as-schwabe.de\/pl\/wp-json\/wp\/v2\/product"}],"about":[{"href":"https:\/\/as-schwabe.de\/pl\/wp-json\/wp\/v2\/types\/product"}],"version-history":[{"count":0,"href":"https:\/\/as-schwabe.de\/pl\/wp-json\/wp\/v2\/product\/33118\/revisions"}],"wp:featuredmedia":[{"embeddable":true,"href":"https:\/\/as-schwabe.de\/pl\/wp-json\/wp\/v2\/media\/32297"}],"wp:attachment":[{"href":"https:\/\/as-schwabe.de\/pl\/wp-json\/wp\/v2\/media?parent=33118"}],"wp:term":[{"taxonomy":"product_brand","embeddable":true,"href":"https:\/\/as-schwabe.de\/pl\/wp-json\/wp\/v2\/genre?post=33118"},{"taxonomy":"product_cat","embeddable":true,"href":"https:\/\/as-schwabe.de\/pl\/wp-json\/wp\/v2\/product_cat?post=33118"},{"taxonomy":"product_tag","embeddable":true,"href":"https:\/\/as-schwabe.de\/pl\/wp-json\/wp\/v2\/product_tag?post=33118"}],"curies":[{"name":"wp","href":"https:\/\/api.w.org\/{rel}","templated":true}]}}