{"id":33089,"date":"2025-09-26T23:38:59","date_gmt":"2025-09-26T23:38:59","guid":{"rendered":"https:\/\/as-schwabe.de\/?post_type=product&#038;p=33089"},"modified":"2025-10-23T00:20:20","modified_gmt":"2025-10-23T00:20:20","slug":"naswietlacz-mobilny-optiline-led-45-w-f-846345","status":"publish","type":"product","link":"https:\/\/as-schwabe.de\/pl\/produkt\/naswietlacz-mobilny-optiline-led-45-w-f-846345\/","title":{"rendered":"Na\u015bwietlacz mobilny Optiline LED 45 W &#8222;F&#8220; &#8211; 3800 lm | 846345"},"content":{"rendered":"<p>Na\u015bwietlacz mobilny Optiline LED o mocy 45 W to idealne rozwi\u0105zanie do o\u015bwietlenia r\u00f3\u017cnorodnych przestrzeni roboczych oraz zewn\u0119trznych. Wyposa\u017cony w przew\u00f3d zasilaj\u0105cy IP44 H07RN-F o d\u0142ugo\u015bci 3 m, zapewnia wygodne pod\u0142\u0105czenie do \u017ar\u00f3d\u0142a energii. Oferuj\u0105c moc \u015bwietln\u0105 3800 lm oraz efektywno\u015b\u0107 na poziomie 104 lm\/W, na\u015bwietlacz gwarantuje jasne i energooszcz\u0119dne o\u015bwietlenie w temperaturze barwowej 4000K. Solidna obudowa w kolorze czarno-niebieskim oraz odporne tworzywo sztuczne czyni\u0105 go odpornym na trudne warunki atmosferyczne. Dodatkowo, dwa gniazda z klapk\u0105 i uziemieniem 230 V umo\u017cliwiaj\u0105 zasilanie innych urz\u0105dze\u0144, a dwa poziomy \u015bwiecenia (50% i 100%) pozwalaj\u0105 na optymalne dopasowanie jasno\u015bci do potrzeb u\u017cytkownika.<\/p>","protected":false},"excerpt":{"rendered":"<div class=\"icons\" style=\"display: flex; flex-wrap: wrap; gap: 5px; align-items: center; margin-top: 10px;\"><img decoding=\"async\" src=\"https:\/\/as-schwabe.de\/wp-content\/uploads\/ikony\/znak_FR.png\" alt=\"\" width=\"50\" height=\"50\" \/><img decoding=\"async\" src=\"https:\/\/as-schwabe.de\/wp-content\/uploads\/ikony\/znak_CE.png\" alt=\"\" width=\"50\" height=\"50\" \/><img decoding=\"async\" src=\"https:\/\/as-schwabe.de\/wp-content\/uploads\/ikony\/znak_IP54.png\" alt=\"\" width=\"50\" height=\"50\" \/><img loading=\"lazy\" decoding=\"async\" src=\"https:\/\/as-schwabe.de\/wp-content\/uploads\/ikony\/znak_LED.png\" alt=\"\" width=\"50\" height=\"50\" \/><img loading=\"lazy\" decoding=\"async\" src=\"https:\/\/as-schwabe.de\/wp-content\/uploads\/ikony\/znak_Z.png\" alt=\"\" width=\"50\" height=\"50\" \/><img loading=\"lazy\" decoding=\"async\" src=\"https:\/\/as-schwabe.de\/wp-content\/uploads\/ikony\/znak_D.png\" alt=\"\" width=\"50\" height=\"50\" \/><\/div>\n<ul>\n<li>diody LED o \u017cywotno\u015bci ponad 40 000 h <\/li>\n<li>temperatura barwowa: 4000 K (neutralna biel) <\/li>\n<li>k\u0105t rozsy\u0142u \u015bwiat\u0142a diody LED: 100\u00b0 <\/li>\n<li>wsp\u00f3\u0142czynnik oddawania barw: CRI > 80 <\/li>\n<li>z dyfuzorem wykonanym z poliw\u0119glanu <\/li>\n<li>wyj\u0105tkowo w\u0105ska obudowa reflektora wykonana ze specjalnego tworzywa sztucznego z blokad\u0105 uchwytu mocuj\u0105cego <\/li>\n<li>pod\u0142\u0105czenie: 220-240 V\/50 Hz <\/li>\n<li>3 m przew\u00f3d neoprenowy H07RN-F 3G1,5 z wtyczk\u0105 z uziemieniem <\/li>\n<li>IP54: odporny na kurz i bryzgi wody <\/li>\n<li>2x gniazdo z uziemieniem i uchyln\u0105 klapk\u0105 <\/li>\n<li>3 poziomy prze\u0142\u0105czania: 50%, 100%, wy\u0142\u0105czony <\/li>\n<\/ul>","protected":false},"featured_media":32294,"template":"","meta":{"inline_featured_image":false},"genre":[509],"product_cat":[547,557],"product_tag":[],"class_list":{"0":"post-33089","1":"product","2":"type-product","3":"status-publish","4":"has-post-thumbnail","6":"product_brand-as-schwabe-pl","7":"product_cat-oswietlenie-2-pl","8":"product_cat-o-seria-naswietlaczy-optiline-pl","10":"first","11":"instock","12":"shipping-taxable","13":"product-type-simple"},"aioseo_notices":[],"_links":{"self":[{"href":"https:\/\/as-schwabe.de\/pl\/wp-json\/wp\/v2\/product\/33089","targetHints":{"allow":["GET"]}}],"collection":[{"href":"https:\/\/as-schwabe.de\/pl\/wp-json\/wp\/v2\/product"}],"about":[{"href":"https:\/\/as-schwabe.de\/pl\/wp-json\/wp\/v2\/types\/product"}],"version-history":[{"count":0,"href":"https:\/\/as-schwabe.de\/pl\/wp-json\/wp\/v2\/product\/33089\/revisions"}],"wp:featuredmedia":[{"embeddable":true,"href":"https:\/\/as-schwabe.de\/pl\/wp-json\/wp\/v2\/media\/32294"}],"wp:attachment":[{"href":"https:\/\/as-schwabe.de\/pl\/wp-json\/wp\/v2\/media?parent=33089"}],"wp:term":[{"taxonomy":"product_brand","embeddable":true,"href":"https:\/\/as-schwabe.de\/pl\/wp-json\/wp\/v2\/genre?post=33089"},{"taxonomy":"product_cat","embeddable":true,"href":"https:\/\/as-schwabe.de\/pl\/wp-json\/wp\/v2\/product_cat?post=33089"},{"taxonomy":"product_tag","embeddable":true,"href":"https:\/\/as-schwabe.de\/pl\/wp-json\/wp\/v2\/product_tag?post=33089"}],"curies":[{"name":"wp","href":"https:\/\/api.w.org\/{rel}","templated":true}]}}