{"id":33087,"date":"2025-09-26T23:38:58","date_gmt":"2025-09-26T23:38:58","guid":{"rendered":"https:\/\/as-schwabe.de\/?post_type=product&#038;p=33087"},"modified":"2025-10-23T00:20:19","modified_gmt":"2025-10-23T00:20:19","slug":"przedluzacz-1-gn-prcd-s-30-ma-ip44-h07bq-f-3g25-3-m-f-845458","status":"publish","type":"product","link":"https:\/\/as-schwabe.de\/pl\/produkt\/przedluzacz-1-gn-prcd-s-30-ma-ip44-h07bq-f-3g25-3-m-f-845458\/","title":{"rendered":"Przed\u0142u\u017cacz 1-gniazdowy z uk\u0142adem ochrony osobistej PRCD-S 30 mA 3 m H07BQ-F 3G2,5 IP44 &#8222;F&#8220; | 845458"},"content":{"rendered":"<p>Przed\u0142u\u017cacz 1-gniazdowy z uk\u0142adem ochrony osobistej PRCD-S 30 mA to niezawodne rozwi\u0105zanie dla profesjonalist\u00f3w oraz amator\u00f3w, kt\u00f3rzy potrzebuj\u0105 bezpiecznego zasilania w trudnych warunkach. Dzi\u0119ki stopniowi ochrony IP44, produkt doskonale sprawdza si\u0119 zar\u00f3wno na zewn\u0105trz, jak i na budowach, oferuj\u0105c wydajno\u015b\u0107 do 230 V i 16 A (maks. 3500 W). Wyposa\u017cony w 1 gniazdo IP44 oraz przew\u00f3d H07BQ-F 3G2,5 w pomara\u0144czowym kolorze, przed\u0142u\u017cacz zapewnia doskona\u0142\u0105 widoczno\u015b\u0107 i wytrzyma\u0142o\u015b\u0107. Jego uk\u0142ad ochrony PRCD-S 30 mA chroni u\u017cytkownika przed pora\u017ceniem pr\u0105dem, zwi\u0119kszaj\u0105c poziom bezpiecze\u0144stwa podczas pracy. D\u0142ugo\u015b\u0107 przewodu wynosz\u0105ca 1,5 m oraz solidna wtyczka IP44 gwarantuj\u0105 \u0142atwe i wygodne pod\u0142\u0105czenie do \u017ar\u00f3d\u0142a zasilania.<\/p>","protected":false},"excerpt":{"rendered":"<div class=\"icons\" style=\"display: flex; flex-wrap: wrap; gap: 5px; align-items: center; margin-top: 10px;\"><img decoding=\"async\" src=\"https:\/\/as-schwabe.de\/wp-content\/uploads\/ikony\/znak_FR.png\" alt=\"\" width=\"50\" height=\"50\" \/><img decoding=\"async\" src=\"https:\/\/as-schwabe.de\/wp-content\/uploads\/ikony\/znak_CE.png\" alt=\"\" width=\"50\" height=\"50\" \/><img decoding=\"async\" src=\"https:\/\/as-schwabe.de\/wp-content\/uploads\/ikony\/znak_IP44.png\" alt=\"\" width=\"50\" height=\"50\" \/><img loading=\"lazy\" decoding=\"async\" src=\"https:\/\/as-schwabe.de\/wp-content\/uploads\/ikony\/znak_PB.png\" alt=\"\" width=\"50\" height=\"50\" \/><img loading=\"lazy\" decoding=\"async\" src=\"https:\/\/as-schwabe.de\/wp-content\/uploads\/ikony\/znak_Z.png\" alt=\"\" width=\"50\" height=\"50\" \/><img loading=\"lazy\" decoding=\"async\" src=\"https:\/\/as-schwabe.de\/wp-content\/uploads\/ikony\/znak_D.png\" alt=\"\" width=\"50\" height=\"50\" \/><img loading=\"lazy\" decoding=\"async\" src=\"https:\/\/as-schwabe.de\/wp-content\/uploads\/ikony\/znak_K2.png\" alt=\"\" width=\"50\" height=\"50\" \/><img loading=\"lazy\" decoding=\"async\" src=\"https:\/\/as-schwabe.de\/wp-content\/uploads\/ikony\/znak_DG.png\" alt=\"\" width=\"50\" height=\"50\" \/><img loading=\"lazy\" decoding=\"async\" src=\"https:\/\/as-schwabe.de\/wp-content\/uploads\/ikony\/znak_DE.png\" alt=\"\" width=\"50\" height=\"40\" \/><\/div>\n<ul>\n<li>przew\u00f3d 2x 1,5 m H07BQ-F 3G2,5 tworzy przed\u0142u\u017cacz budowlany z poliuretanu z wtyczk\u0105 z uziemieniem <\/li>\n<li>z prze\u0142\u0105cznikiem po\u015brednim ochrony osobistej PRCD-S (numer artyku\u0142u 45305) <\/li>\n<li>230 V, 16 A, maks. 3500 W<\/li>\n<\/ul>","protected":false},"featured_media":32291,"template":"","meta":{"inline_featured_image":false},"genre":[509],"product_cat":[521,539],"product_tag":[],"class_list":{"0":"post-33087","1":"product","2":"type-product","3":"status-publish","4":"has-post-thumbnail","6":"product_brand-as-schwabe-pl","7":"product_cat-produkty-z-zakresu-elektrycznej-ochrony-indywidualnej-pl","8":"product_cat-p-seria-prcd-s-pl","10":"first","11":"instock","12":"shipping-taxable","13":"product-type-simple"},"aioseo_notices":[],"_links":{"self":[{"href":"https:\/\/as-schwabe.de\/pl\/wp-json\/wp\/v2\/product\/33087","targetHints":{"allow":["GET"]}}],"collection":[{"href":"https:\/\/as-schwabe.de\/pl\/wp-json\/wp\/v2\/product"}],"about":[{"href":"https:\/\/as-schwabe.de\/pl\/wp-json\/wp\/v2\/types\/product"}],"version-history":[{"count":0,"href":"https:\/\/as-schwabe.de\/pl\/wp-json\/wp\/v2\/product\/33087\/revisions"}],"wp:featuredmedia":[{"embeddable":true,"href":"https:\/\/as-schwabe.de\/pl\/wp-json\/wp\/v2\/media\/32291"}],"wp:attachment":[{"href":"https:\/\/as-schwabe.de\/pl\/wp-json\/wp\/v2\/media?parent=33087"}],"wp:term":[{"taxonomy":"product_brand","embeddable":true,"href":"https:\/\/as-schwabe.de\/pl\/wp-json\/wp\/v2\/genre?post=33087"},{"taxonomy":"product_cat","embeddable":true,"href":"https:\/\/as-schwabe.de\/pl\/wp-json\/wp\/v2\/product_cat?post=33087"},{"taxonomy":"product_tag","embeddable":true,"href":"https:\/\/as-schwabe.de\/pl\/wp-json\/wp\/v2\/product_tag?post=33087"}],"curies":[{"name":"wp","href":"https:\/\/api.w.org\/{rel}","templated":true}]}}