{"id":33086,"date":"2025-09-26T23:38:58","date_gmt":"2025-09-26T23:38:58","guid":{"rendered":"https:\/\/as-schwabe.de\/?post_type=product&#038;p=33086"},"modified":"2025-10-23T00:20:19","modified_gmt":"2025-10-23T00:20:19","slug":"przedluzacz-1-gn-prcd-30-ma-ip44-h07rn-f-3g25-3-m-f-845303","status":"publish","type":"product","link":"https:\/\/as-schwabe.de\/pl\/produkt\/przedluzacz-1-gn-prcd-30-ma-ip44-h07rn-f-3g25-3-m-f-845303\/","title":{"rendered":"Przed\u0142u\u017cacz 1-gniazdowy z uk\u0142adem ochrony osobistej PRCD 30 mA 3 m H07RN-F 3G2,5 IP44 &#8222;F&#8220; | 845303"},"content":{"rendered":"<p>Przed\u0142u\u017cacz 1-gniazdowy z uk\u0142adem ochrony osobistej PRCD 30 mA to niezawodne rozwi\u0105zanie do u\u017cytku zewn\u0119trznego, idealne do zasilania urz\u0105dze\u0144 elektrycznych w trudnych warunkach atmosferycznych. Produkt charakteryzuje si\u0119 solidn\u0105 konstrukcj\u0105 z przewodem H07RN-F 3G2,5, o d\u0142ugo\u015bci 3 m, co zapewnia elastyczno\u015b\u0107 w u\u017cytkowaniu. Gniazdo IP44 umo\u017cliwia bezpieczne pod\u0142\u0105czenie urz\u0105dze\u0144 o maksymalnej mocy 3500 W przy napi\u0119ciu 230 V i pr\u0105dzie 16 A. System PRCD 30 mA zapewnia dodatkow\u0105 ochron\u0119 przed pora\u017ceniem elektrycznym, co czyni go idealnym wyborem do pracy na zewn\u0105trz. Dzi\u0119ki swoim parametrom, przed\u0142u\u017cacz ten gwarantuje wysok\u0105 jako\u015b\u0107 oraz bezpiecze\u0144stwo u\u017cytkowania, nawet w trudnych warunkach.<\/p>","protected":false},"excerpt":{"rendered":"<div class=\"icons\" style=\"display: flex; flex-wrap: wrap; gap: 5px; align-items: center; margin-top: 10px;\"><img decoding=\"async\" src=\"https:\/\/as-schwabe.de\/wp-content\/uploads\/ikony\/znak_FR.png\" alt=\"\" width=\"50\" height=\"50\" \/><img decoding=\"async\" src=\"https:\/\/as-schwabe.de\/wp-content\/uploads\/ikony\/znak_CE.png\" alt=\"\" width=\"50\" height=\"50\" \/><img decoding=\"async\" src=\"https:\/\/as-schwabe.de\/wp-content\/uploads\/ikony\/znak_IP44.png\" alt=\"\" width=\"50\" height=\"50\" \/><img loading=\"lazy\" decoding=\"async\" src=\"https:\/\/as-schwabe.de\/wp-content\/uploads\/ikony\/znak_Z.png\" alt=\"\" width=\"50\" height=\"50\" \/><img loading=\"lazy\" decoding=\"async\" src=\"https:\/\/as-schwabe.de\/wp-content\/uploads\/ikony\/znak_D.png\" alt=\"\" width=\"50\" height=\"50\" \/><img loading=\"lazy\" decoding=\"async\" src=\"https:\/\/as-schwabe.de\/wp-content\/uploads\/ikony\/znak_DE.png\" alt=\"\" width=\"50\" height=\"40\" \/><\/div>\n<ul>\n<li>znamionowy pr\u0105d r\u00f3\u017cnicowy 30 mA <\/li>\n<li>wyzwalacz podnapi\u0119ciowy <\/li>\n<li>czas wyzwalania kr\u00f3tszy ni\u017c 30 ms <\/li>\n<li>IP44: chroniony przed cia\u0142ami obcymi i bryzgami wody <\/li>\n<li>z wtyczk\u0105 i gniazdem z uziemieniem, gniazdo wyposa\u017cone w klapk\u0119 ochronn\u0105 <\/li>\n<li>z opisem funkcji i przyciskiem testowym oraz z elektronicznym urz\u0105dzeniem pomiarowym <\/li>\n<li>230 V, 16 A, maks. 3500 W<\/li>\n<\/ul>","protected":false},"featured_media":32287,"template":"","meta":{"inline_featured_image":false},"genre":[509],"product_cat":[521,522],"product_tag":[],"class_list":{"0":"post-33086","1":"product","2":"type-product","3":"status-publish","4":"has-post-thumbnail","6":"product_brand-as-schwabe-pl","7":"product_cat-produkty-z-zakresu-elektrycznej-ochrony-indywidualnej-pl","8":"product_cat-p-seria-prcd-pl","10":"first","11":"instock","12":"shipping-taxable","13":"product-type-simple"},"aioseo_notices":[],"_links":{"self":[{"href":"https:\/\/as-schwabe.de\/pl\/wp-json\/wp\/v2\/product\/33086","targetHints":{"allow":["GET"]}}],"collection":[{"href":"https:\/\/as-schwabe.de\/pl\/wp-json\/wp\/v2\/product"}],"about":[{"href":"https:\/\/as-schwabe.de\/pl\/wp-json\/wp\/v2\/types\/product"}],"version-history":[{"count":0,"href":"https:\/\/as-schwabe.de\/pl\/wp-json\/wp\/v2\/product\/33086\/revisions"}],"wp:featuredmedia":[{"embeddable":true,"href":"https:\/\/as-schwabe.de\/pl\/wp-json\/wp\/v2\/media\/32287"}],"wp:attachment":[{"href":"https:\/\/as-schwabe.de\/pl\/wp-json\/wp\/v2\/media?parent=33086"}],"wp:term":[{"taxonomy":"product_brand","embeddable":true,"href":"https:\/\/as-schwabe.de\/pl\/wp-json\/wp\/v2\/genre?post=33086"},{"taxonomy":"product_cat","embeddable":true,"href":"https:\/\/as-schwabe.de\/pl\/wp-json\/wp\/v2\/product_cat?post=33086"},{"taxonomy":"product_tag","embeddable":true,"href":"https:\/\/as-schwabe.de\/pl\/wp-json\/wp\/v2\/product_tag?post=33086"}],"curies":[{"name":"wp","href":"https:\/\/api.w.org\/{rel}","templated":true}]}}