{"id":33084,"date":"2025-09-26T23:38:58","date_gmt":"2025-09-26T23:38:58","guid":{"rendered":"https:\/\/as-schwabe.de\/?post_type=product&#038;p=33084"},"modified":"2025-10-23T00:20:17","modified_gmt":"2025-10-23T00:20:17","slug":"gniazdo-listwowe-budowlane-5-gn-z-wl-ip54-f-838626","status":"publish","type":"product","link":"https:\/\/as-schwabe.de\/pl\/produkt\/gniazdo-listwowe-budowlane-5-gn-z-wl-ip54-f-838626\/","title":{"rendered":"Gniazdo listwowe budowlane 5-krotne z w\u0142\u0105cznikiem 230 V, 16 A IP54 &#8222;F&#8220; | 838626"},"content":{"rendered":"<p>Gniazdo listwowe budowlane 5-krotne z w\u0142\u0105cznikiem 230 V, 16 A &#8222;F&#8220; to niezawodne rozwi\u0105zanie dla profesjonalist\u00f3w pracuj\u0105cych w trudnych warunkach na budowach oraz na zewn\u0105trz. Obudowa o stopniu ochrony IP44 zapewnia odporno\u015b\u0107 na py\u0142 i wilgo\u0107, co sprawia, \u017ce gniazdo mo\u017ce by\u0107 bezpiecznie u\u017cywane w r\u00f3\u017cnych warunkach atmosferycznych. Wbudowany pod\u015bwietlany w\u0142\u0105cznik w silikonowej os\u0142onie umo\u017cliwia \u0142atw\u0105 obs\u0142ug\u0119 w ciemno\u015bci, a maksymalne obci\u0105\u017cenie 3500 W pozwala na jednoczesne pod\u0142\u0105czenie kilku urz\u0105dze\u0144 elektrycznych. Produkt przeznaczony jest do samodzielnego monta\u017cu, co umo\u017cliwia dostosowanie instalacji do indywidualnych potrzeb u\u017cytkownika. Dzi\u0119ki solidnej konstrukcji i funkcjonalno\u015bci, gniazdo to stanowi niezawodny element ka\u017cdej roboczej przestrzeni.<\/p>","protected":false},"excerpt":{"rendered":"<div class=\"icons\" style=\"display: flex; flex-wrap: wrap; gap: 5px; align-items: center; margin-top: 10px;\"><img decoding=\"async\" src=\"https:\/\/as-schwabe.de\/wp-content\/uploads\/ikony\/znak_FR.png\" alt=\"\" width=\"50\" height=\"50\" \/><img decoding=\"async\" src=\"https:\/\/as-schwabe.de\/wp-content\/uploads\/ikony\/znak_CE.png\" alt=\"\" width=\"50\" height=\"50\" \/><img decoding=\"async\" src=\"https:\/\/as-schwabe.de\/wp-content\/uploads\/ikony\/znak_IP54.png\" alt=\"\" width=\"50\" height=\"50\" \/><img loading=\"lazy\" decoding=\"async\" src=\"https:\/\/as-schwabe.de\/wp-content\/uploads\/ikony\/znak_PB.png\" alt=\"\" width=\"50\" height=\"50\" \/><img loading=\"lazy\" decoding=\"async\" src=\"https:\/\/as-schwabe.de\/wp-content\/uploads\/ikony\/znak_Z.png\" alt=\"\" width=\"50\" height=\"50\" \/><img loading=\"lazy\" decoding=\"async\" src=\"https:\/\/as-schwabe.de\/wp-content\/uploads\/ikony\/znak_D.png\" alt=\"\" width=\"50\" height=\"50\" \/><img loading=\"lazy\" decoding=\"async\" src=\"https:\/\/as-schwabe.de\/wp-content\/uploads\/ikony\/znak_DG.png\" alt=\"\" width=\"50\" height=\"50\" \/><\/div>\n<ul>\n<li>IP44: chroniony przed cia\u0142ami obcymi i bryzgami wody <\/li>\n<li>IP54: odporny na kurz i zachlapania <\/li>\n<li>mo\u017cliwo\u015b\u0107 pod\u0142\u0105czenia wszystkich typ\u00f3w przewod\u00f3w \u2013 wycena na \u017cyczenie klienta <\/li>\n<li>dopuszczony do stosowania na budowach i w rolnictwie <\/li>\n<li>nadaje si\u0119 do monta\u017cu na \u015bcianie <\/li>\n<li>z pod\u015bwietlanym w\u0142\u0105cznikiem <\/li>\n<li>z wtyczk\u0105 z uziemieniem <\/li>\n<li>gniazda z uziemieniem z samozamykaj\u0105cymi si\u0119 klapkami 230 V, 16 A, maks. 3500 W<\/li>\n<\/ul>","protected":false},"featured_media":32283,"template":"","meta":{"inline_featured_image":false},"genre":[509],"product_cat":[544,545],"product_tag":[],"class_list":{"0":"post-33084","1":"product","2":"type-product","3":"status-publish","4":"has-post-thumbnail","6":"product_brand-as-schwabe-pl","7":"product_cat-przedluzacze-2-pl","8":"product_cat-do-stosowania-na-budowach-pl","10":"first","11":"instock","12":"shipping-taxable","13":"product-type-simple"},"aioseo_notices":[],"_links":{"self":[{"href":"https:\/\/as-schwabe.de\/pl\/wp-json\/wp\/v2\/product\/33084","targetHints":{"allow":["GET"]}}],"collection":[{"href":"https:\/\/as-schwabe.de\/pl\/wp-json\/wp\/v2\/product"}],"about":[{"href":"https:\/\/as-schwabe.de\/pl\/wp-json\/wp\/v2\/types\/product"}],"version-history":[{"count":0,"href":"https:\/\/as-schwabe.de\/pl\/wp-json\/wp\/v2\/product\/33084\/revisions"}],"wp:featuredmedia":[{"embeddable":true,"href":"https:\/\/as-schwabe.de\/pl\/wp-json\/wp\/v2\/media\/32283"}],"wp:attachment":[{"href":"https:\/\/as-schwabe.de\/pl\/wp-json\/wp\/v2\/media?parent=33084"}],"wp:term":[{"taxonomy":"product_brand","embeddable":true,"href":"https:\/\/as-schwabe.de\/pl\/wp-json\/wp\/v2\/genre?post=33084"},{"taxonomy":"product_cat","embeddable":true,"href":"https:\/\/as-schwabe.de\/pl\/wp-json\/wp\/v2\/product_cat?post=33084"},{"taxonomy":"product_tag","embeddable":true,"href":"https:\/\/as-schwabe.de\/pl\/wp-json\/wp\/v2\/product_tag?post=33084"}],"curies":[{"name":"wp","href":"https:\/\/api.w.org\/{rel}","templated":true}]}}