{"id":33083,"date":"2025-09-26T23:38:58","date_gmt":"2025-09-26T23:38:58","guid":{"rendered":"https:\/\/as-schwabe.de\/?post_type=product&#038;p=33083"},"modified":"2025-10-23T00:20:16","modified_gmt":"2025-10-23T00:20:16","slug":"przedluzacz-budowlany-5-gn-z-wl-ip54-h07rn-f-3g25-2-m-f-838625","status":"publish","type":"product","link":"https:\/\/as-schwabe.de\/pl\/produkt\/przedluzacz-budowlany-5-gn-z-wl-ip54-h07rn-f-3g25-2-m-f-838625\/","title":{"rendered":"Przed\u0142u\u017cacz listwowy budowlany 5-gniazdowy z w\u0142\u0105cznikiem 2 m H07RN-F 3G2,5 IP54 &#8222;F&#8220; | 838625"},"content":{"rendered":"<p>Przed\u0142u\u017cacz listwowy budowlany 5-gniazdowy z w\u0142\u0105cznikiem &#8222;F&#8220; to idealne rozwi\u0105zanie dla profesjonalist\u00f3w pracuj\u0105cych w trudnych warunkach. Wykonany w technologii H07RN-F 3G2,5, zapewnia solidno\u015b\u0107 i bezpiecze\u0144stwo u\u017cytkowania. Posiada zewn\u0119trzne gniazda IP44, co gwarantuje ochron\u0119 przed wod\u0105 i py\u0142em, co czyni go doskona\u0142ym wyborem do u\u017cytku na budowie oraz w warsztatach. Dzi\u0119ki wtyczce IP44 i wydajno\u015bci do 16 A oraz 3500 W, umo\u017cliwia pod\u0142\u0105czenie wielu urz\u0105dze\u0144 jednocze\u015bnie. Dodatkowo, pod\u015bwietlany w\u0142\u0105cznik zabezpieczony silikonow\u0105 os\u0142on\u0105 zwi\u0119ksza komfort u\u017cytkowania, a d\u0142ugo\u015b\u0107 kabla 2 m zapewnia elastyczno\u015b\u0107 w jego zastosowaniu.<\/p>","protected":false},"excerpt":{"rendered":"<div class=\"icons\" style=\"display: flex; flex-wrap: wrap; gap: 5px; align-items: center; margin-top: 10px;\"><img decoding=\"async\" src=\"https:\/\/as-schwabe.de\/wp-content\/uploads\/ikony\/znak_FR.png\" alt=\"\" width=\"50\" height=\"50\" \/><img decoding=\"async\" src=\"https:\/\/as-schwabe.de\/wp-content\/uploads\/ikony\/znak_CE.png\" alt=\"\" width=\"50\" height=\"50\" \/><img decoding=\"async\" src=\"https:\/\/as-schwabe.de\/wp-content\/uploads\/ikony\/znak_IP54.png\" alt=\"\" width=\"50\" height=\"50\" \/><img loading=\"lazy\" decoding=\"async\" src=\"https:\/\/as-schwabe.de\/wp-content\/uploads\/ikony\/znak_PB.png\" alt=\"\" width=\"50\" height=\"50\" \/><img loading=\"lazy\" decoding=\"async\" src=\"https:\/\/as-schwabe.de\/wp-content\/uploads\/ikony\/znak_Z.png\" alt=\"\" width=\"50\" height=\"50\" \/><img loading=\"lazy\" decoding=\"async\" src=\"https:\/\/as-schwabe.de\/wp-content\/uploads\/ikony\/znak_D.png\" alt=\"\" width=\"50\" height=\"50\" \/><img loading=\"lazy\" decoding=\"async\" src=\"https:\/\/as-schwabe.de\/wp-content\/uploads\/ikony\/znak_DG.png\" alt=\"\" width=\"50\" height=\"50\" \/><\/div>\n<ul>\n<li>IP44: chroniony przed cia\u0142ami obcymi i bryzgami wody <\/li>\n<li>IP54: odporny na kurz i zachlapania <\/li>\n<li>mo\u017cliwo\u015b\u0107 pod\u0142\u0105czenia wszystkich typ\u00f3w przewod\u00f3w \u2013 wycena na \u017cyczenie klienta <\/li>\n<li>dopuszczony do stosowania na budowach i w rolnictwie <\/li>\n<li>nadaje si\u0119 do monta\u017cu na \u015bcianie <\/li>\n<li>z pod\u015bwietlanym w\u0142\u0105cznikiem <\/li>\n<li>z wtyczk\u0105 z uziemieniem <\/li>\n<li>gniazda z uziemieniem z samozamykaj\u0105cymi si\u0119 klapkami 230 V, 16 A, maks. 3500 W<\/li>\n<\/ul>","protected":false},"featured_media":32277,"template":"","meta":{"inline_featured_image":false},"genre":[509],"product_cat":[544,545],"product_tag":[],"class_list":{"0":"post-33083","1":"product","2":"type-product","3":"status-publish","4":"has-post-thumbnail","6":"product_brand-as-schwabe-pl","7":"product_cat-przedluzacze-2-pl","8":"product_cat-do-stosowania-na-budowach-pl","10":"first","11":"instock","12":"shipping-taxable","13":"product-type-simple"},"aioseo_notices":[],"_links":{"self":[{"href":"https:\/\/as-schwabe.de\/pl\/wp-json\/wp\/v2\/product\/33083","targetHints":{"allow":["GET"]}}],"collection":[{"href":"https:\/\/as-schwabe.de\/pl\/wp-json\/wp\/v2\/product"}],"about":[{"href":"https:\/\/as-schwabe.de\/pl\/wp-json\/wp\/v2\/types\/product"}],"version-history":[{"count":0,"href":"https:\/\/as-schwabe.de\/pl\/wp-json\/wp\/v2\/product\/33083\/revisions"}],"wp:featuredmedia":[{"embeddable":true,"href":"https:\/\/as-schwabe.de\/pl\/wp-json\/wp\/v2\/media\/32277"}],"wp:attachment":[{"href":"https:\/\/as-schwabe.de\/pl\/wp-json\/wp\/v2\/media?parent=33083"}],"wp:term":[{"taxonomy":"product_brand","embeddable":true,"href":"https:\/\/as-schwabe.de\/pl\/wp-json\/wp\/v2\/genre?post=33083"},{"taxonomy":"product_cat","embeddable":true,"href":"https:\/\/as-schwabe.de\/pl\/wp-json\/wp\/v2\/product_cat?post=33083"},{"taxonomy":"product_tag","embeddable":true,"href":"https:\/\/as-schwabe.de\/pl\/wp-json\/wp\/v2\/product_tag?post=33083"}],"curies":[{"name":"wp","href":"https:\/\/api.w.org\/{rel}","templated":true}]}}