{"id":33082,"date":"2025-09-26T23:38:57","date_gmt":"2025-09-26T23:38:57","guid":{"rendered":"https:\/\/as-schwabe.de\/?post_type=product&#038;p=33082"},"modified":"2025-10-23T00:20:16","modified_gmt":"2025-10-23T00:20:16","slug":"przedluzacz-budowlany-4-gn-z-wl-ip44-h07rn-f-3g15-15-m-f-838611","status":"publish","type":"product","link":"https:\/\/as-schwabe.de\/pl\/produkt\/przedluzacz-budowlany-4-gn-z-wl-ip44-h07rn-f-3g15-15-m-f-838611\/","title":{"rendered":"Przed\u0142u\u017cacz listwowy budowlany 4-gniazdowy z w\u0142\u0105cznikiem 1,5 m H07RN-F 3G1,5 IP44 &#8222;F&#8220; | 838611"},"content":{"rendered":"<p>Przed\u0142u\u017cacz listwowy budowlany 4-gniazdowy z w\u0142\u0105cznikiem &#8222;F&#8220; to niezawodne rozwi\u0105zanie dla profesjonalist\u00f3w i majsterkowicz\u00f3w, kt\u00f3rzy potrzebuj\u0105 efektywnego zasilania na placu budowy lub w warunkach zewn\u0119trznych. Posiadaj\u0105cy cztery gniazda IP44, z maksymalnym obci\u0105\u017ceniem do 16 A (do 3500 W) oraz wtyczk\u0119 IP44 230 V, ten produkt gwarantuje bezpiecze\u0144stwo i stabilno\u015b\u0107 zasilania w trudnych warunkach. Pod\u015bwietlany w\u0142\u0105cznik w silikonowej os\u0142onie zwi\u0119ksza komfort u\u017cytkowania, a zastosowanie przewodu H07RN-F 3G1,5 czyni go odpornym na uszkodzenia mechaniczne oraz dzia\u0142anie czynnik\u00f3w atmosferycznych. Idealny do zastosowa\u0144 budowlanych oraz w ogrodzie, zapewnia wielofunkcyjno\u015b\u0107 i wygod\u0119 w codziennym u\u017cytkowaniu.<\/p>","protected":false},"excerpt":{"rendered":"<div class=\"icons\" style=\"display: flex; flex-wrap: wrap; gap: 5px; align-items: center; margin-top: 10px;\"><img decoding=\"async\" src=\"https:\/\/as-schwabe.de\/wp-content\/uploads\/ikony\/znak_FR.png\" alt=\"\" width=\"50\" height=\"50\" \/><img decoding=\"async\" src=\"https:\/\/as-schwabe.de\/wp-content\/uploads\/ikony\/znak_CE.png\" alt=\"\" width=\"50\" height=\"50\" \/><img decoding=\"async\" src=\"https:\/\/as-schwabe.de\/wp-content\/uploads\/ikony\/znak_IP44.png\" alt=\"\" width=\"50\" height=\"50\" \/><img loading=\"lazy\" decoding=\"async\" src=\"https:\/\/as-schwabe.de\/wp-content\/uploads\/ikony\/znak_PB.png\" alt=\"\" width=\"50\" height=\"50\" \/><img loading=\"lazy\" decoding=\"async\" src=\"https:\/\/as-schwabe.de\/wp-content\/uploads\/ikony\/znak_Z.png\" alt=\"\" width=\"50\" height=\"50\" \/><img loading=\"lazy\" decoding=\"async\" src=\"https:\/\/as-schwabe.de\/wp-content\/uploads\/ikony\/znak_D.png\" alt=\"\" width=\"50\" height=\"50\" \/><img loading=\"lazy\" decoding=\"async\" src=\"https:\/\/as-schwabe.de\/wp-content\/uploads\/ikony\/znak_DG.png\" alt=\"\" width=\"50\" height=\"50\" \/><\/div>\n<ul>\n<li>IP44: chroniony przed cia\u0142ami obcymi i bryzgami wody <\/li>\n<li>IP54: odporny na kurz i zachlapania <\/li>\n<li>dopuszczone do stosowania na budowach i w rolnictwie<\/li>\n<li> nadaj\u0105 si\u0119 do monta\u017cu na \u015bcianie <\/li>\n<li>z pod\u015bwietlanym w\u0142\u0105cznikiem <\/li>\n<li>z wtyczk\u0105 z uziemieniem <\/li>\n<li>gniazda z uziemieniem z samozamykaj\u0105cymi si\u0119 klapkami 230 V, 16 A, maks. 3500 W<\/li>\n<\/ul>","protected":false},"featured_media":32275,"template":"","meta":{"inline_featured_image":false},"genre":[509],"product_cat":[544,545],"product_tag":[],"class_list":{"0":"post-33082","1":"product","2":"type-product","3":"status-publish","4":"has-post-thumbnail","6":"product_brand-as-schwabe-pl","7":"product_cat-przedluzacze-2-pl","8":"product_cat-do-stosowania-na-budowach-pl","10":"first","11":"instock","12":"shipping-taxable","13":"product-type-simple"},"aioseo_notices":[],"_links":{"self":[{"href":"https:\/\/as-schwabe.de\/pl\/wp-json\/wp\/v2\/product\/33082","targetHints":{"allow":["GET"]}}],"collection":[{"href":"https:\/\/as-schwabe.de\/pl\/wp-json\/wp\/v2\/product"}],"about":[{"href":"https:\/\/as-schwabe.de\/pl\/wp-json\/wp\/v2\/types\/product"}],"version-history":[{"count":0,"href":"https:\/\/as-schwabe.de\/pl\/wp-json\/wp\/v2\/product\/33082\/revisions"}],"wp:featuredmedia":[{"embeddable":true,"href":"https:\/\/as-schwabe.de\/pl\/wp-json\/wp\/v2\/media\/32275"}],"wp:attachment":[{"href":"https:\/\/as-schwabe.de\/pl\/wp-json\/wp\/v2\/media?parent=33082"}],"wp:term":[{"taxonomy":"product_brand","embeddable":true,"href":"https:\/\/as-schwabe.de\/pl\/wp-json\/wp\/v2\/genre?post=33082"},{"taxonomy":"product_cat","embeddable":true,"href":"https:\/\/as-schwabe.de\/pl\/wp-json\/wp\/v2\/product_cat?post=33082"},{"taxonomy":"product_tag","embeddable":true,"href":"https:\/\/as-schwabe.de\/pl\/wp-json\/wp\/v2\/product_tag?post=33082"}],"curies":[{"name":"wp","href":"https:\/\/api.w.org\/{rel}","templated":true}]}}