{"id":33080,"date":"2025-09-26T23:38:57","date_gmt":"2025-09-26T23:38:57","guid":{"rendered":"https:\/\/as-schwabe.de\/?post_type=product&#038;p=33080"},"modified":"2025-10-23T00:20:15","modified_gmt":"2025-10-23T00:20:15","slug":"prz-bebnowy-pro-mammut-k-rn-5g6-40-m-cee-400-v-22-kw-rcd-f-826407","status":"publish","type":"product","link":"https:\/\/as-schwabe.de\/pl\/produkt\/prz-bebnowy-pro-mammut-k-rn-5g6-40-m-cee-400-v-22-kw-rcd-f-826407\/","title":{"rendered":"Przed\u0142u\u017cacz b\u0119bnowy profesjonalny &#8222;Mammut 460&#8220; CEE, 400 V, 32 A, 5P 40 m H07RN-F 5G6, stela\u017c sk\u0142adany z k\u00f3\u0142kami &#8222;F&#8220; | 826407"},"content":{"rendered":"<p>Przed\u0142u\u017cacz b\u0119bnowy profesjonalny &#8222;Mammut 460&#8220; to wszechstronne rozwi\u0105zanie dla wymagaj\u0105cych u\u017cytkownik\u00f3w, potrzebuj\u0105cych niezawodnego \u017ar\u00f3d\u0142a zasilania w trudnych warunkach. Posiada stela\u017c sk\u0142adany z k\u00f3\u0142kami, co zapewnia \u0142atwo\u015b\u0107 transportu i przechowywania. Wyposa\u017cony w przew\u00f3d H07RN-F 5G6 o d\u0142ugo\u015bci 40 m oraz wtyczk\u0119 CEE 400 V, 32 A, 5P, oferuje wysok\u0105 moc do 22 kW, co czyni go idealnym do u\u017cytku na budowach oraz w ogrodach. Zintegrowane zabezpieczenia, w tym wy\u0142\u0105cznik r\u00f3\u017cnicowopr\u0105dowy 4P 40 A oraz gniazda z uziemieniem, gwarantuj\u0105 bezpieczne korzystanie z urz\u0105dzenia. Klasa ochrony IP44 zapewnia odporno\u015b\u0107 na czynniki atmosferyczne, umo\u017cliwiaj\u0105c u\u017cytkowanie na zewn\u0105trz bez obaw o uszkodzenia.<\/p>","protected":false},"excerpt":{"rendered":"<div class=\"icons\" style=\"display: flex; flex-wrap: wrap; gap: 5px; align-items: center; margin-top: 10px;\"><img decoding=\"async\" src=\"https:\/\/as-schwabe.de\/wp-content\/uploads\/ikony\/znak_FR.png\" alt=\"\" width=\"50\" height=\"50\" \/><img decoding=\"async\" src=\"https:\/\/as-schwabe.de\/wp-content\/uploads\/ikony\/znak_CE.png\" alt=\"\" width=\"50\" height=\"50\" \/><img decoding=\"async\" src=\"https:\/\/as-schwabe.de\/wp-content\/uploads\/ikony\/znak_IP44.png\" alt=\"\" width=\"50\" height=\"50\" \/><img loading=\"lazy\" decoding=\"async\" src=\"https:\/\/as-schwabe.de\/wp-content\/uploads\/ikony\/znak_PB.png\" alt=\"\" width=\"50\" height=\"50\" \/><img loading=\"lazy\" decoding=\"async\" src=\"https:\/\/as-schwabe.de\/wp-content\/uploads\/ikony\/znak_Z.png\" alt=\"\" width=\"50\" height=\"50\" \/><img loading=\"lazy\" decoding=\"async\" src=\"https:\/\/as-schwabe.de\/wp-content\/uploads\/ikony\/znak_D.png\" alt=\"\" width=\"50\" height=\"50\" \/><img loading=\"lazy\" decoding=\"async\" src=\"https:\/\/as-schwabe.de\/wp-content\/uploads\/ikony\/znak_K2.png\" alt=\"\" width=\"50\" height=\"50\" \/><img loading=\"lazy\" decoding=\"async\" src=\"https:\/\/as-schwabe.de\/wp-content\/uploads\/ikony\/znak_DG.png\" alt=\"\" width=\"50\" height=\"50\" \/><img loading=\"lazy\" decoding=\"async\" src=\"https:\/\/as-schwabe.de\/wp-content\/uploads\/ikony\/znak_DE.png\" alt=\"\" width=\"50\" height=\"40\" \/><\/div>\n<ul>\n<li>wyj\u0105tkowo wytrzyma\u0142y korpus b\u0119bna wykonany z twardego tworzywa TARMA-Plast <\/li>\n<li>dwa du\u017ce, ergonomiczne uchwyty u\u0142atwiaj\u0105ce podnoszenie <\/li>\n<li>rozk\u0142adana rama uchwytu u\u0142atwia jazd\u0119 nawet po nier\u00f3wnych powierzchniach <\/li>\n<li>stabilne ko\u0142a: odpowiednie do ci\u0119\u017ckiego terenu budowy <\/li>\n<li>wyj\u0105tkowo du\u017ca sk\u0142adana r\u0105czka do zwijania <\/li>\n<li>wizualny wska\u017anik przegrzania i wy\u015bwietlacz funkcji zasilania <\/li>\n<li>IP44: idealny do stosowania w trudnych warunkach budowlanych <\/li>\n<li>idealne na plac budowy <\/li>\n<li>korpus b\u0119bna wykonany z niezwykle wytrzyma\u0142ego, twardego tworzywa TARMA-Plast <\/li>\n<li>rama pokryta tworzywem sztucznym ze sta\u0142ym hamulcem postojowym <\/li>\n<li>rama no\u015bna i podstawa z ergonomicznymi uchwytami, opcjonalnie z mechanizmem sk\u0142adania <\/li>\n<li>wizualny wska\u017anik przegrzania i wy\u015bwietlacz funkcji zasilania <\/li>\n<li>IP44: chroniony przed cia\u0142ami obcymi i bryzgami wody<\/li>\n<\/ul>","protected":false},"featured_media":32272,"template":"","meta":{"inline_featured_image":false},"genre":[509],"product_cat":[510,542],"product_tag":[],"class_list":{"0":"post-33080","1":"product","2":"type-product","3":"status-publish","4":"has-post-thumbnail","6":"product_brand-as-schwabe-pl","7":"product_cat-przedluzacze-bebnowe-pl","8":"product_cat-przedluzacze-bebnowe-mammut-pl","10":"first","11":"instock","12":"shipping-taxable","13":"product-type-simple"},"aioseo_notices":[],"_links":{"self":[{"href":"https:\/\/as-schwabe.de\/pl\/wp-json\/wp\/v2\/product\/33080","targetHints":{"allow":["GET"]}}],"collection":[{"href":"https:\/\/as-schwabe.de\/pl\/wp-json\/wp\/v2\/product"}],"about":[{"href":"https:\/\/as-schwabe.de\/pl\/wp-json\/wp\/v2\/types\/product"}],"version-history":[{"count":0,"href":"https:\/\/as-schwabe.de\/pl\/wp-json\/wp\/v2\/product\/33080\/revisions"}],"wp:featuredmedia":[{"embeddable":true,"href":"https:\/\/as-schwabe.de\/pl\/wp-json\/wp\/v2\/media\/32272"}],"wp:attachment":[{"href":"https:\/\/as-schwabe.de\/pl\/wp-json\/wp\/v2\/media?parent=33080"}],"wp:term":[{"taxonomy":"product_brand","embeddable":true,"href":"https:\/\/as-schwabe.de\/pl\/wp-json\/wp\/v2\/genre?post=33080"},{"taxonomy":"product_cat","embeddable":true,"href":"https:\/\/as-schwabe.de\/pl\/wp-json\/wp\/v2\/product_cat?post=33080"},{"taxonomy":"product_tag","embeddable":true,"href":"https:\/\/as-schwabe.de\/pl\/wp-json\/wp\/v2\/product_tag?post=33080"}],"curies":[{"name":"wp","href":"https:\/\/api.w.org\/{rel}","templated":true}]}}