{"id":33071,"date":"2025-09-26T23:38:55","date_gmt":"2025-09-26T23:38:55","guid":{"rendered":"https:\/\/as-schwabe.de\/?post_type=product&#038;p=33071"},"modified":"2025-10-23T00:20:11","modified_gmt":"2025-10-23T00:20:11","slug":"przedluzacz-bebnowy-xperts-cee-h07rn-f-5g25-30-m-f-823653","status":"publish","type":"product","link":"https:\/\/as-schwabe.de\/pl\/produkt\/przedluzacz-bebnowy-xperts-cee-h07rn-f-5g25-30-m-f-823653\/","title":{"rendered":"Przed\u0142u\u017cacz b\u0119bnowy plastikowy Xperts CEE 30 m H07RN-F 5G2,5 IP44 &#8222;F&#8220; | 823653"},"content":{"rendered":"<p>Przed\u0142u\u017cacz b\u0119bnowy plastikowy Xperts CEE o \u015brednicy 320 mm jest idealnym rozwi\u0105zaniem do zasilania sprz\u0119tu elektrycznego w warunkach przemys\u0142owych oraz na budowach. Wyposa\u017cony w 30-metrowy kabel H07RN-F 5G2,5, wtyczk\u0119 CEE 400 V, 16 A, 5P oraz dodatkowe gniazda IP44 z klapk\u0105, umo\u017cliwia wygodne pod\u0142\u0105czenie urz\u0105dze\u0144 o r\u00f3\u017cnych wymaganiach zasilania. Solidny stela\u017c metalowy wzmacniany podw\u00f3jnymi rurami zapewnia stabilno\u015b\u0107 i bezpiecze\u0144stwo, a ergonomiczny uchwyt z tworzywa oraz hamulec u\u0142atwiaj\u0105 transport i przechowywanie. Urz\u0105dzenie charakteryzuje si\u0119 stopniem ochrony IP44, co czyni je odpowiednim do u\u017cytku na zewn\u0105trz, a maksymalna moc 11 kW zapewnia efektywne zasilanie nawet wymagaj\u0105cych narz\u0119dzi.<\/p>","protected":false},"excerpt":{"rendered":"<div class=\"icons\" style=\"display: flex; flex-wrap: wrap; gap: 5px; align-items: center; margin-top: 10px;\"><img decoding=\"async\" src=\"https:\/\/as-schwabe.de\/wp-content\/uploads\/ikony\/znak_FR.png\" alt=\"\" width=\"50\" height=\"50\" \/><img decoding=\"async\" src=\"https:\/\/as-schwabe.de\/wp-content\/uploads\/ikony\/znak_CE.png\" alt=\"\" width=\"50\" height=\"50\" \/><img decoding=\"async\" src=\"https:\/\/as-schwabe.de\/wp-content\/uploads\/ikony\/znak_IP44.png\" alt=\"\" width=\"50\" height=\"50\" \/><img loading=\"lazy\" decoding=\"async\" src=\"https:\/\/as-schwabe.de\/wp-content\/uploads\/ikony\/znak_PB.png\" alt=\"\" width=\"50\" height=\"50\" \/><img loading=\"lazy\" decoding=\"async\" src=\"https:\/\/as-schwabe.de\/wp-content\/uploads\/ikony\/znak_Z.png\" alt=\"\" width=\"50\" height=\"50\" \/><img loading=\"lazy\" decoding=\"async\" src=\"https:\/\/as-schwabe.de\/wp-content\/uploads\/ikony\/znak_D.png\" alt=\"\" width=\"50\" height=\"50\" \/><img loading=\"lazy\" decoding=\"async\" src=\"https:\/\/as-schwabe.de\/wp-content\/uploads\/ikony\/znak_K2.png\" alt=\"\" width=\"50\" height=\"50\" \/><img loading=\"lazy\" decoding=\"async\" src=\"https:\/\/as-schwabe.de\/wp-content\/uploads\/ikony\/znak_DG.png\" alt=\"\" width=\"50\" height=\"50\" \/><img loading=\"lazy\" decoding=\"async\" src=\"https:\/\/as-schwabe.de\/wp-content\/uploads\/ikony\/znak_DE.png\" alt=\"\" width=\"50\" height=\"40\" \/><\/div>\n<ul>\n<li>korpus b\u0119bna wykonany z wytrzyma\u0142ego, bardzo odpornego na uszkodzenia, specjalnego tworzywa sztucznego<\/li>\n<li> ze stabiln\u0105, amortyzuj\u0105c\u0105 ram\u0105 w kszta\u0142cie litery X z podw\u00f3jn\u0105 ram\u0105 rurow\u0105 z hamulcem gwiazdowym<\/li>\n<li> rama z ergonomicznym, antypo\u015blizgowym 2-komponentowym uchwytem i prowadzeniem kabli<\/li>\n<li> z wbudowanym wy\u0142\u0105cznikiem termicznym<\/li>\n<li> ze stabiln\u0105, amortyzuj\u0105c\u0105 ram\u0105 w kszta\u0142cie litery X z podw\u00f3jn\u0105 ram\u0105 rurow\u0105 z hamulcem gwiazdowym<\/li>\n<li> z wtyczk\u0105 CEE 400 V, 16 A, 5P<\/li>\n<li> 1x gniazdo CEE 400 V, 16 A, 5P<\/li>\n<li> CEE 400 V, 16 A, 5P, maks. 11 kW<\/li>\n<\/ul>","protected":false},"featured_media":32263,"template":"","meta":{"inline_featured_image":false},"genre":[509],"product_cat":[510,514],"product_tag":[],"class_list":{"0":"post-33071","1":"product","2":"type-product","3":"status-publish","4":"has-post-thumbnail","6":"product_brand-as-schwabe-pl","7":"product_cat-przedluzacze-bebnowe-pl","8":"product_cat-plastikowe-budowlane-przedluzacze-bebnowe-pl","10":"first","11":"instock","12":"shipping-taxable","13":"product-type-simple"},"aioseo_notices":[],"_links":{"self":[{"href":"https:\/\/as-schwabe.de\/pl\/wp-json\/wp\/v2\/product\/33071","targetHints":{"allow":["GET"]}}],"collection":[{"href":"https:\/\/as-schwabe.de\/pl\/wp-json\/wp\/v2\/product"}],"about":[{"href":"https:\/\/as-schwabe.de\/pl\/wp-json\/wp\/v2\/types\/product"}],"version-history":[{"count":0,"href":"https:\/\/as-schwabe.de\/pl\/wp-json\/wp\/v2\/product\/33071\/revisions"}],"wp:featuredmedia":[{"embeddable":true,"href":"https:\/\/as-schwabe.de\/pl\/wp-json\/wp\/v2\/media\/32263"}],"wp:attachment":[{"href":"https:\/\/as-schwabe.de\/pl\/wp-json\/wp\/v2\/media?parent=33071"}],"wp:term":[{"taxonomy":"product_brand","embeddable":true,"href":"https:\/\/as-schwabe.de\/pl\/wp-json\/wp\/v2\/genre?post=33071"},{"taxonomy":"product_cat","embeddable":true,"href":"https:\/\/as-schwabe.de\/pl\/wp-json\/wp\/v2\/product_cat?post=33071"},{"taxonomy":"product_tag","embeddable":true,"href":"https:\/\/as-schwabe.de\/pl\/wp-json\/wp\/v2\/product_tag?post=33071"}],"curies":[{"name":"wp","href":"https:\/\/api.w.org\/{rel}","templated":true}]}}