{"id":33069,"date":"2025-09-26T23:38:55","date_gmt":"2025-09-26T23:38:55","guid":{"rendered":"https:\/\/as-schwabe.de\/?post_type=product&#038;p=33069"},"modified":"2025-10-23T00:20:10","modified_gmt":"2025-10-23T00:20:10","slug":"przedluzacz-bebnowy-plastikowy-xperts-h07rn-f-3g15-50-m-f-823625","status":"publish","type":"product","link":"https:\/\/as-schwabe.de\/pl\/produkt\/przedluzacz-bebnowy-plastikowy-xperts-h07rn-f-3g15-50-m-f-823625\/","title":{"rendered":"Przed\u0142u\u017cacz b\u0119bnowy plastikowy Xperts 50 m H07RN-F 3G1,5 IP44 &#8222;F&#8220; | 823625"},"content":{"rendered":"<p>Przed\u0142u\u017cacz b\u0119bnowy plastikowy Xperts o \u015brednicy 320 mm to idealne rozwi\u0105zanie dla profesjonalnych zastosowa\u0144 w warunkach budowlanych oraz na zewn\u0105trz. Wyposa\u017cony w 50 m kabla H07RN-F 3G1,5 z wtyczk\u0105 IP44 oraz trzema gniazdami z klapk\u0105, zapewnia wydajne \u017ar\u00f3d\u0142o zasilania o parametrach 230 V, 16 A, 2P+Z. Wzmocniony metalowy stela\u017c oraz ergonomiczny uchwyt umo\u017cliwiaj\u0105 \u0142atwe przemieszczanie i stabilne u\u017cytkowanie. Dodatkowo, b\u0119bnowy przed\u0142u\u017cacz wyposa\u017cono w port USB 5 V oraz funkcj\u0119 sygnalizacji napi\u0119cia, co zwi\u0119ksza jego funkcjonalno\u015b\u0107. Klasa szczelno\u015bci IP44 chroni urz\u0105dzenie przed wilgoci\u0105 i zanieczyszczeniami, co czyni go niezawodnym narz\u0119dziem w ka\u017cdych warunkach.<\/p>","protected":false},"excerpt":{"rendered":"<div class=\"icons\" style=\"display: flex; flex-wrap: wrap; gap: 5px; align-items: center; margin-top: 10px;\"><img decoding=\"async\" src=\"https:\/\/as-schwabe.de\/wp-content\/uploads\/ikony\/znak_FR.png\" alt=\"\" width=\"50\" height=\"50\" \/><img decoding=\"async\" src=\"https:\/\/as-schwabe.de\/wp-content\/uploads\/ikony\/znak_CE.png\" alt=\"\" width=\"50\" height=\"50\" \/><img decoding=\"async\" src=\"https:\/\/as-schwabe.de\/wp-content\/uploads\/ikony\/znak_IP44.png\" alt=\"\" width=\"50\" height=\"50\" \/><img loading=\"lazy\" decoding=\"async\" src=\"https:\/\/as-schwabe.de\/wp-content\/uploads\/ikony\/znak_PB.png\" alt=\"\" width=\"50\" height=\"50\" \/><img loading=\"lazy\" decoding=\"async\" src=\"https:\/\/as-schwabe.de\/wp-content\/uploads\/ikony\/znak_Z.png\" alt=\"\" width=\"50\" height=\"50\" \/><img loading=\"lazy\" decoding=\"async\" src=\"https:\/\/as-schwabe.de\/wp-content\/uploads\/ikony\/znak_D.png\" alt=\"\" width=\"50\" height=\"50\" \/><img loading=\"lazy\" decoding=\"async\" src=\"https:\/\/as-schwabe.de\/wp-content\/uploads\/ikony\/znak_K2.png\" alt=\"\" width=\"50\" height=\"50\" \/><img loading=\"lazy\" decoding=\"async\" src=\"https:\/\/as-schwabe.de\/wp-content\/uploads\/ikony\/znak_DG.png\" alt=\"\" width=\"50\" height=\"50\" \/><img loading=\"lazy\" decoding=\"async\" src=\"https:\/\/as-schwabe.de\/wp-content\/uploads\/ikony\/znak_DE.png\" alt=\"\" width=\"50\" height=\"40\" \/><\/div>\n<ul>\n<li>korpus b\u0119bna wykonany z wytrzyma\u0142ego, bardzo odpornego na uszkodzenia, specjalnego tworzywa sztucznego<\/li>\n<li> ze stabiln\u0105, amortyzuj\u0105c\u0105 ram\u0105 w kszta\u0142cie litery X z podw\u00f3jn\u0105 ram\u0105 rurow\u0105 z hamulcem gwiazdowym<\/li>\n<li> rama z ergonomicznym, antypo\u015blizgowym 2-komponentowym uchwytem i prowadzeniem kabli<\/li>\n<li> z wbudowanym wy\u0142\u0105cznikiem termicznym<\/li>\n<li> ze stabiln\u0105, amortyzuj\u0105c\u0105 ram\u0105 w kszta\u0142cie litery X z podw\u00f3jn\u0105 ram\u0105 rurow\u0105 z hamulcem gwiazdowym <\/li>\n<li> z wtyczk\u0105 z uziemieniem<\/li>\n<li> port USB 5 V \/ 1 A<\/li>\n<li> zintegrowana sygnalizacja napi\u0119cia<\/li>\n<li> 230 V, 16 A, maks. 3500 W<\/li>\n<\/ul>","protected":false},"featured_media":32258,"template":"","meta":{"inline_featured_image":false},"genre":[509],"product_cat":[510,514],"product_tag":[],"class_list":{"0":"post-33069","1":"product","2":"type-product","3":"status-publish","4":"has-post-thumbnail","6":"product_brand-as-schwabe-pl","7":"product_cat-przedluzacze-bebnowe-pl","8":"product_cat-plastikowe-budowlane-przedluzacze-bebnowe-pl","10":"first","11":"instock","12":"shipping-taxable","13":"product-type-simple"},"aioseo_notices":[],"_links":{"self":[{"href":"https:\/\/as-schwabe.de\/pl\/wp-json\/wp\/v2\/product\/33069","targetHints":{"allow":["GET"]}}],"collection":[{"href":"https:\/\/as-schwabe.de\/pl\/wp-json\/wp\/v2\/product"}],"about":[{"href":"https:\/\/as-schwabe.de\/pl\/wp-json\/wp\/v2\/types\/product"}],"version-history":[{"count":0,"href":"https:\/\/as-schwabe.de\/pl\/wp-json\/wp\/v2\/product\/33069\/revisions"}],"wp:featuredmedia":[{"embeddable":true,"href":"https:\/\/as-schwabe.de\/pl\/wp-json\/wp\/v2\/media\/32258"}],"wp:attachment":[{"href":"https:\/\/as-schwabe.de\/pl\/wp-json\/wp\/v2\/media?parent=33069"}],"wp:term":[{"taxonomy":"product_brand","embeddable":true,"href":"https:\/\/as-schwabe.de\/pl\/wp-json\/wp\/v2\/genre?post=33069"},{"taxonomy":"product_cat","embeddable":true,"href":"https:\/\/as-schwabe.de\/pl\/wp-json\/wp\/v2\/product_cat?post=33069"},{"taxonomy":"product_tag","embeddable":true,"href":"https:\/\/as-schwabe.de\/pl\/wp-json\/wp\/v2\/product_tag?post=33069"}],"curies":[{"name":"wp","href":"https:\/\/api.w.org\/{rel}","templated":true}]}}