{"id":33068,"date":"2025-09-26T23:38:54","date_gmt":"2025-09-26T23:38:54","guid":{"rendered":"https:\/\/as-schwabe.de\/?post_type=product&#038;p=33068"},"modified":"2025-10-23T00:20:10","modified_gmt":"2025-10-23T00:20:10","slug":"przedluzacz-bebnowy-plastikowy-xperts-h07rn-f-3g25-40-m-f-823624","status":"publish","type":"product","link":"https:\/\/as-schwabe.de\/pl\/produkt\/przedluzacz-bebnowy-plastikowy-xperts-h07rn-f-3g25-40-m-f-823624\/","title":{"rendered":"Przed\u0142u\u017cacz b\u0119bnowy plastikowy Xperts 40 m H07RN-F 3G2,5 IP44 &#8222;F&#8220; | 823624"},"content":{"rendered":"<p>Przed\u0142u\u017cacz b\u0119bnowy plastikowy Xperts to doskona\u0142e rozwi\u0105zanie dla profesjonalist\u00f3w oraz majsterkowicz\u00f3w, oferuj\u0105ce wyspecjalizowane parametry techniczne. Wyposa\u017cony w 40-metrowy kabel H07RN-F 3G2,5, zapewnia wydajne zasilanie o napi\u0119ciu 230 V i nat\u0119\u017ceniu 16 A. Stela\u017c metalowy, wzmacniany z podw\u00f3jnych rur, gwarantuje stabilno\u015b\u0107 oraz trwa\u0142o\u015b\u0107, a ergonomiczny uchwyt u\u0142atwia przenoszenie. Produkt posiada 3 gniazda IP44 oraz port USB 5 V\/1 A, co umo\u017cliwia jednoczesne pod\u0142\u0105czenie wielu urz\u0105dze\u0144, zar\u00f3wno w warunkach zewn\u0119trznych, jak i na budowie. Dodatkowe funkcje, takie jak sygnalizacja napi\u0119cia i zabezpieczenie termiczne, podnosz\u0105 bezpiecze\u0144stwo u\u017cytkowania. Idealny wyb\u00f3r dla wymagaj\u0105cych aplikacji w warunkach niezale\u017cno\u015bci i efektywno\u015bci.<\/p>","protected":false},"excerpt":{"rendered":"<div class=\"icons\" style=\"display: flex; flex-wrap: wrap; gap: 5px; align-items: center; margin-top: 10px;\"><img decoding=\"async\" src=\"https:\/\/as-schwabe.de\/wp-content\/uploads\/ikony\/znak_FR.png\" alt=\"\" width=\"50\" height=\"50\" \/><img decoding=\"async\" src=\"https:\/\/as-schwabe.de\/wp-content\/uploads\/ikony\/znak_CE.png\" alt=\"\" width=\"50\" height=\"50\" \/><img decoding=\"async\" src=\"https:\/\/as-schwabe.de\/wp-content\/uploads\/ikony\/znak_IP44.png\" alt=\"\" width=\"50\" height=\"50\" \/><img loading=\"lazy\" decoding=\"async\" src=\"https:\/\/as-schwabe.de\/wp-content\/uploads\/ikony\/znak_PB.png\" alt=\"\" width=\"50\" height=\"50\" \/><img loading=\"lazy\" decoding=\"async\" src=\"https:\/\/as-schwabe.de\/wp-content\/uploads\/ikony\/znak_Z.png\" alt=\"\" width=\"50\" height=\"50\" \/><img loading=\"lazy\" decoding=\"async\" src=\"https:\/\/as-schwabe.de\/wp-content\/uploads\/ikony\/znak_D.png\" alt=\"\" width=\"50\" height=\"50\" \/><img loading=\"lazy\" decoding=\"async\" src=\"https:\/\/as-schwabe.de\/wp-content\/uploads\/ikony\/znak_K2.png\" alt=\"\" width=\"50\" height=\"50\" \/><img loading=\"lazy\" decoding=\"async\" src=\"https:\/\/as-schwabe.de\/wp-content\/uploads\/ikony\/znak_DG.png\" alt=\"\" width=\"50\" height=\"50\" \/><img loading=\"lazy\" decoding=\"async\" src=\"https:\/\/as-schwabe.de\/wp-content\/uploads\/ikony\/znak_DE.png\" alt=\"\" width=\"50\" height=\"40\" \/><\/div>\n<ul>\n<li>korpus b\u0119bna wykonany z wytrzyma\u0142ego, bardzo odpornego na uszkodzenia, specjalnego tworzywa sztucznego<\/li>\n<li> ze stabiln\u0105, amortyzuj\u0105c\u0105 ram\u0105 w kszta\u0142cie litery X z podw\u00f3jn\u0105 ram\u0105 rurow\u0105 z hamulcem gwiazdowym<\/li>\n<li> rama z ergonomicznym, antypo\u015blizgowym 2-komponentowym uchwytem i prowadzeniem kabli<\/li>\n<li> z wbudowanym wy\u0142\u0105cznikiem termicznym<\/li>\n<li> ze stabiln\u0105, amortyzuj\u0105c\u0105 ram\u0105 w kszta\u0142cie litery X z podw\u00f3jn\u0105 ram\u0105 rurow\u0105 z hamulcem gwiazdowym <\/li>\n<li> z wtyczk\u0105 z uziemieniem<\/li>\n<li> port USB 5 V \/ 1 A<\/li>\n<li> zintegrowana sygnalizacja napi\u0119cia<\/li>\n<li> 230 V, 16 A, maks. 3500 W<\/li>\n<\/ul>","protected":false},"featured_media":32257,"template":"","meta":{"inline_featured_image":false},"genre":[509],"product_cat":[510,514],"product_tag":[],"class_list":{"0":"post-33068","1":"product","2":"type-product","3":"status-publish","4":"has-post-thumbnail","6":"product_brand-as-schwabe-pl","7":"product_cat-przedluzacze-bebnowe-pl","8":"product_cat-plastikowe-budowlane-przedluzacze-bebnowe-pl","10":"first","11":"instock","12":"shipping-taxable","13":"product-type-simple"},"aioseo_notices":[],"_links":{"self":[{"href":"https:\/\/as-schwabe.de\/pl\/wp-json\/wp\/v2\/product\/33068","targetHints":{"allow":["GET"]}}],"collection":[{"href":"https:\/\/as-schwabe.de\/pl\/wp-json\/wp\/v2\/product"}],"about":[{"href":"https:\/\/as-schwabe.de\/pl\/wp-json\/wp\/v2\/types\/product"}],"version-history":[{"count":0,"href":"https:\/\/as-schwabe.de\/pl\/wp-json\/wp\/v2\/product\/33068\/revisions"}],"wp:featuredmedia":[{"embeddable":true,"href":"https:\/\/as-schwabe.de\/pl\/wp-json\/wp\/v2\/media\/32257"}],"wp:attachment":[{"href":"https:\/\/as-schwabe.de\/pl\/wp-json\/wp\/v2\/media?parent=33068"}],"wp:term":[{"taxonomy":"product_brand","embeddable":true,"href":"https:\/\/as-schwabe.de\/pl\/wp-json\/wp\/v2\/genre?post=33068"},{"taxonomy":"product_cat","embeddable":true,"href":"https:\/\/as-schwabe.de\/pl\/wp-json\/wp\/v2\/product_cat?post=33068"},{"taxonomy":"product_tag","embeddable":true,"href":"https:\/\/as-schwabe.de\/pl\/wp-json\/wp\/v2\/product_tag?post=33068"}],"curies":[{"name":"wp","href":"https:\/\/api.w.org\/{rel}","templated":true}]}}