{"id":33066,"date":"2025-09-26T23:38:54","date_gmt":"2025-09-26T23:38:54","guid":{"rendered":"https:\/\/as-schwabe.de\/?post_type=product&#038;p=33066"},"modified":"2025-10-23T00:20:09","modified_gmt":"2025-10-23T00:20:09","slug":"przedluzacz-bebnowy-xperts-z-3-gn-h07rn-f-3g25-40-m-f-823247","status":"publish","type":"product","link":"https:\/\/as-schwabe.de\/pl\/produkt\/przedluzacz-bebnowy-xperts-z-3-gn-h07rn-f-3g25-40-m-f-823247\/","title":{"rendered":"Przed\u0142u\u017cacz b\u0119bnowy plastikowy Xperts z rozga\u0142\u0119ziaczem potr\u00f3jnym 40 m H07RN-F 3G2,5 IP44 &#8222;F&#8220; | 823247"},"content":{"rendered":"<p>Przed\u0142u\u017cacz b\u0119bnowy plastikowy Xperts to doskona\u0142e rozwi\u0105zanie dla profesjonalist\u00f3w i amator\u00f3w, kt\u00f3rzy potrzebuj\u0105 niezawodnego zasilania w trudnych warunkach. Wyposa\u017cony w rozga\u0142\u0119ziacz potr\u00f3jny oraz 40-metrowy kabel H07RN-F 3G2,5, oferuje trzy gniazda IP44 z gumowymi klapkami, co zapewnia wysok\u0105 odporno\u015b\u0107 na wod\u0119 i kurz, idealne do zastosowania na zewn\u0105trz oraz na budowach. Metalowy stela\u017c wzmacniany z podw\u00f3jnych rur gwarantuje stabilno\u015b\u0107 i trwa\u0142o\u015b\u0107, a ergonomiczny uchwyt u\u0142atwia przenoszenie i obs\u0142ug\u0119 b\u0119bna. Dodatkowe funkcje, takie jak hamulec oraz termik, podnosz\u0105 komfort u\u017cytkowania, zapewniaj\u0105c jednocze\u015bnie bezpiecze\u0144stwo pracy z maksymalnym obci\u0105\u017ceniem do 3500 W. Przed\u0142u\u017cacz Xperts to nie tylko praktyczny, ale i bezpieczny wyb\u00f3r, kt\u00f3ry sprawdzi si\u0119 w ka\u017cdych warunkach.<\/p>","protected":false},"excerpt":{"rendered":"<div class=\"icons\" style=\"display: flex; flex-wrap: wrap; gap: 5px; align-items: center; margin-top: 10px;\"><img decoding=\"async\" src=\"https:\/\/as-schwabe.de\/wp-content\/uploads\/ikony\/znak_FR.png\" alt=\"\" width=\"50\" height=\"50\" \/><img decoding=\"async\" src=\"https:\/\/as-schwabe.de\/wp-content\/uploads\/ikony\/znak_CE.png\" alt=\"\" width=\"50\" height=\"50\" \/><img decoding=\"async\" src=\"https:\/\/as-schwabe.de\/wp-content\/uploads\/ikony\/znak_IP44.png\" alt=\"\" width=\"50\" height=\"50\" \/><img loading=\"lazy\" decoding=\"async\" src=\"https:\/\/as-schwabe.de\/wp-content\/uploads\/ikony\/znak_PB.png\" alt=\"\" width=\"50\" height=\"50\" \/><img loading=\"lazy\" decoding=\"async\" src=\"https:\/\/as-schwabe.de\/wp-content\/uploads\/ikony\/znak_Z.png\" alt=\"\" width=\"50\" height=\"50\" \/><img loading=\"lazy\" decoding=\"async\" src=\"https:\/\/as-schwabe.de\/wp-content\/uploads\/ikony\/znak_D.png\" alt=\"\" width=\"50\" height=\"50\" \/><img loading=\"lazy\" decoding=\"async\" src=\"https:\/\/as-schwabe.de\/wp-content\/uploads\/ikony\/znak_K2.png\" alt=\"\" width=\"50\" height=\"50\" \/><img loading=\"lazy\" decoding=\"async\" src=\"https:\/\/as-schwabe.de\/wp-content\/uploads\/ikony\/znak_DG.png\" alt=\"\" width=\"50\" height=\"50\" \/><img loading=\"lazy\" decoding=\"async\" src=\"https:\/\/as-schwabe.de\/wp-content\/uploads\/ikony\/znak_DE.png\" alt=\"\" width=\"50\" height=\"40\" \/><\/div>\n<ul>\n<li>korpus b\u0119bna wykonany z wytrzyma\u0142ego, bardzo odpornego na p\u0119kanie specjalnego tworzywa sztucznego ze szpul\u0105 kablow\u0105 <\/li>\n<li>ze stabiln\u0105, amortyzuj\u0105c\u0105 ram\u0105 w kszta\u0142cie litery X z podw\u00f3jn\u0105 ram\u0105 rurow\u0105 z hamulcem gwiazdowym <\/li>\n<li>rama z ergonomicznym, antypo\u015blizgowym 2-komponentowym uchwytem i prowadzeniem kabli <\/li>\n<li>z wbudowanym wy\u0142\u0105cznikiem termicznym <\/li>\n<li>idealny do prac dekarskich i na rusztowaniach <\/li>\n<li>3x gniazdo z utwardzonej gumy z uziemieniem, do wtyczek z uziemieniem z obrotowymi klapkami gniazd, kt\u00f3re mo\u017cna obraca\u0107 o 360\u00b0 <\/li>\n<li>z 1,5 m kablem przy\u0142\u0105czeniowym z wtyczk\u0105 z uziemieniem <\/li>\n<li>kabel w ostrzegawczym, czerwonym kolorze <\/li>\n<li>IP44: chroniony przed cia\u0142ami obcymi i bryzgami wody <\/li>\n<li>230 V, 16 A, maks. 3500 W<\/li>\n<\/ul>","protected":false},"featured_media":32255,"template":"","meta":{"inline_featured_image":false},"genre":[509],"product_cat":[510,538],"product_tag":[],"class_list":{"0":"post-33066","1":"product","2":"type-product","3":"status-publish","4":"has-post-thumbnail","6":"product_brand-as-schwabe-pl","7":"product_cat-przedluzacze-bebnowe-pl","8":"product_cat-nawijaki-bebnowe-pl","10":"first","11":"instock","12":"shipping-taxable","13":"product-type-simple"},"aioseo_notices":[],"_links":{"self":[{"href":"https:\/\/as-schwabe.de\/pl\/wp-json\/wp\/v2\/product\/33066","targetHints":{"allow":["GET"]}}],"collection":[{"href":"https:\/\/as-schwabe.de\/pl\/wp-json\/wp\/v2\/product"}],"about":[{"href":"https:\/\/as-schwabe.de\/pl\/wp-json\/wp\/v2\/types\/product"}],"version-history":[{"count":0,"href":"https:\/\/as-schwabe.de\/pl\/wp-json\/wp\/v2\/product\/33066\/revisions"}],"wp:featuredmedia":[{"embeddable":true,"href":"https:\/\/as-schwabe.de\/pl\/wp-json\/wp\/v2\/media\/32255"}],"wp:attachment":[{"href":"https:\/\/as-schwabe.de\/pl\/wp-json\/wp\/v2\/media?parent=33066"}],"wp:term":[{"taxonomy":"product_brand","embeddable":true,"href":"https:\/\/as-schwabe.de\/pl\/wp-json\/wp\/v2\/genre?post=33066"},{"taxonomy":"product_cat","embeddable":true,"href":"https:\/\/as-schwabe.de\/pl\/wp-json\/wp\/v2\/product_cat?post=33066"},{"taxonomy":"product_tag","embeddable":true,"href":"https:\/\/as-schwabe.de\/pl\/wp-json\/wp\/v2\/product_tag?post=33066"}],"curies":[{"name":"wp","href":"https:\/\/api.w.org\/{rel}","templated":true}]}}