{"id":33033,"date":"2025-09-26T23:38:31","date_gmt":"2025-09-26T23:38:31","guid":{"rendered":"https:\/\/as-schwabe.de\/?post_type=product&#038;p=33033"},"modified":"2025-10-23T00:20:06","modified_gmt":"2025-10-23T00:20:06","slug":"przedluzacz-bebnowy-xperts-z-3-gn-h07rn-f-3g25-25-m-f-822243","status":"publish","type":"product","link":"https:\/\/as-schwabe.de\/pl\/produkt\/przedluzacz-bebnowy-xperts-z-3-gn-h07rn-f-3g25-25-m-f-822243\/","title":{"rendered":"Przed\u0142u\u017cacz b\u0119bnowy plastikowy Xperts z rozga\u0142\u0119ziaczem potr\u00f3jnym 25 m H07RN-F 3G2,5 IP44 &#8222;F&#8220; | 822243"},"content":{"rendered":"<p>Przed\u0142u\u017cacz b\u0119bnowy plastikowy Xperts z rozga\u0142\u0119ziaczem potr\u00f3jnym o \u015brednicy 285 mm to niezawodne rozwi\u0105zanie dla profesjonalist\u00f3w oraz majsterkowicz\u00f3w, idealne do zastosowa\u0144 na zewn\u0105trz oraz w warunkach budowlanych. Wyposa\u017cony w 25 metr\u00f3w kabla H07RN-F 3G2,5, wtyczk\u0119 IP44 oraz trzy gumowe gniazda IP44 z klapkami, umo\u017cliwia bezpieczne zasilanie urz\u0105dze\u0144 o maksymalnej mocy 3500 W. Solidny metalowy stela\u017c oraz podw\u00f3jne rurki zapewniaj\u0105 stabilno\u015b\u0107, a ergonomiczny uchwyt oraz hamulec w szpuli plastikowej u\u0142atwiaj\u0105 codzienn\u0105 obs\u0142ug\u0119. Produkt charakteryzuje si\u0119 r\u00f3wnie\u017c termikiem, co dodatkowo podnosi bezpiecze\u0144stwo u\u017cytkowania. Dzi\u0119ki klasie ochrony IP44, b\u0119bnowy przed\u0142u\u017cacz Xperts to doskona\u0142y wyb\u00f3r dla os\u00f3b poszukuj\u0105cych funkcjonalnych i wytrzyma\u0142ych akcesori\u00f3w elektrycznych.<\/p>","protected":false},"excerpt":{"rendered":"<div class=\"icons\" style=\"display: flex; flex-wrap: wrap; gap: 5px; align-items: center; margin-top: 10px;\"><img decoding=\"async\" src=\"https:\/\/as-schwabe.de\/wp-content\/uploads\/ikony\/znak_FR.png\" alt=\"\" width=\"50\" height=\"50\" \/><img decoding=\"async\" src=\"https:\/\/as-schwabe.de\/wp-content\/uploads\/ikony\/znak_CE.png\" alt=\"\" width=\"50\" height=\"50\" \/><img decoding=\"async\" src=\"https:\/\/as-schwabe.de\/wp-content\/uploads\/ikony\/znak_IP44.png\" alt=\"\" width=\"50\" height=\"50\" \/><img loading=\"lazy\" decoding=\"async\" src=\"https:\/\/as-schwabe.de\/wp-content\/uploads\/ikony\/znak_PB.png\" alt=\"\" width=\"50\" height=\"50\" \/><img loading=\"lazy\" decoding=\"async\" src=\"https:\/\/as-schwabe.de\/wp-content\/uploads\/ikony\/znak_Z.png\" alt=\"\" width=\"50\" height=\"50\" \/><img loading=\"lazy\" decoding=\"async\" src=\"https:\/\/as-schwabe.de\/wp-content\/uploads\/ikony\/znak_D.png\" alt=\"\" width=\"50\" height=\"50\" \/><img loading=\"lazy\" decoding=\"async\" src=\"https:\/\/as-schwabe.de\/wp-content\/uploads\/ikony\/znak_K2.png\" alt=\"\" width=\"50\" height=\"50\" \/><img loading=\"lazy\" decoding=\"async\" src=\"https:\/\/as-schwabe.de\/wp-content\/uploads\/ikony\/znak_DG.png\" alt=\"\" width=\"50\" height=\"50\" \/><img loading=\"lazy\" decoding=\"async\" src=\"https:\/\/as-schwabe.de\/wp-content\/uploads\/ikony\/znak_DE.png\" alt=\"\" width=\"50\" height=\"40\" \/><\/div>\n<ul>\n<li>korpus b\u0119bna wykonany z wytrzyma\u0142ego, bardzo odpornego na p\u0119kanie specjalnego tworzywa sztucznego ze szpul\u0105 kablow\u0105 <\/li>\n<li>ze stabiln\u0105, amortyzuj\u0105c\u0105 ram\u0105 w kszta\u0142cie litery X z podw\u00f3jn\u0105 ram\u0105 rurow\u0105 z hamulcem gwiazdowym <\/li>\n<li>rama z ergonomicznym, antypo\u015blizgowym 2-komponentowym uchwytem i prowadzeniem kabli <\/li>\n<li>z wbudowanym wy\u0142\u0105cznikiem termicznym <\/li>\n<li>idealny do prac dekarskich i na rusztowaniach <\/li>\n<li>3x gniazdo z utwardzonej gumy z uziemieniem, do wtyczek z uziemieniem z obrotowymi klapkami gniazd, kt\u00f3re mo\u017cna obraca\u0107 o 360\u00b0 <\/li>\n<li>z 1,5 m kablem przy\u0142\u0105czeniowym z wtyczk\u0105 z uziemieniem <\/li>\n<li>kabel w ostrzegawczym, czerwonym kolorze <\/li>\n<li>IP44: chroniony przed cia\u0142ami obcymi i bryzgami wody <\/li>\n<li>230 V, 16 A, maks. 3500 W<\/li>\n<\/ul>","protected":false},"featured_media":32245,"template":"","meta":{"inline_featured_image":false},"genre":[509],"product_cat":[510,538],"product_tag":[],"class_list":{"0":"post-33033","1":"product","2":"type-product","3":"status-publish","4":"has-post-thumbnail","6":"product_brand-as-schwabe-pl","7":"product_cat-przedluzacze-bebnowe-pl","8":"product_cat-nawijaki-bebnowe-pl","10":"first","11":"instock","12":"shipping-taxable","13":"product-type-simple"},"aioseo_notices":[],"_links":{"self":[{"href":"https:\/\/as-schwabe.de\/pl\/wp-json\/wp\/v2\/product\/33033","targetHints":{"allow":["GET"]}}],"collection":[{"href":"https:\/\/as-schwabe.de\/pl\/wp-json\/wp\/v2\/product"}],"about":[{"href":"https:\/\/as-schwabe.de\/pl\/wp-json\/wp\/v2\/types\/product"}],"version-history":[{"count":0,"href":"https:\/\/as-schwabe.de\/pl\/wp-json\/wp\/v2\/product\/33033\/revisions"}],"wp:featuredmedia":[{"embeddable":true,"href":"https:\/\/as-schwabe.de\/pl\/wp-json\/wp\/v2\/media\/32245"}],"wp:attachment":[{"href":"https:\/\/as-schwabe.de\/pl\/wp-json\/wp\/v2\/media?parent=33033"}],"wp:term":[{"taxonomy":"product_brand","embeddable":true,"href":"https:\/\/as-schwabe.de\/pl\/wp-json\/wp\/v2\/genre?post=33033"},{"taxonomy":"product_cat","embeddable":true,"href":"https:\/\/as-schwabe.de\/pl\/wp-json\/wp\/v2\/product_cat?post=33033"},{"taxonomy":"product_tag","embeddable":true,"href":"https:\/\/as-schwabe.de\/pl\/wp-json\/wp\/v2\/product_tag?post=33033"}],"curies":[{"name":"wp","href":"https:\/\/api.w.org\/{rel}","templated":true}]}}