{"id":33031,"date":"2025-09-26T23:38:31","date_gmt":"2025-09-26T23:38:31","guid":{"rendered":"https:\/\/as-schwabe.de\/?post_type=product&#038;p=33031"},"modified":"2025-10-23T00:20:05","modified_gmt":"2025-10-23T00:20:05","slug":"przedluzacz-bebnowy-plastikowy-h07rn-f-3g25-40-m-f-820124","status":"publish","type":"product","link":"https:\/\/as-schwabe.de\/pl\/produkt\/przedluzacz-bebnowy-plastikowy-h07rn-f-3g25-40-m-f-820124\/","title":{"rendered":"Przed\u0142u\u017cacz b\u0119bnowy plastikowy 40 m H07RN-F 3G2,5 IP44 &#8222;F&#8220; | 820124"},"content":{"rendered":"<p>Przed\u0142u\u017cacz b\u0119bnowy plastikowy o \u015brednicy 320 mm to niezawodne rozwi\u0105zanie do zasilania urz\u0105dze\u0144 w trudnych warunkach, zar\u00f3wno na budowie, jak i na zewn\u0105trz. Wyposa\u017cony w przew\u00f3d H07RN-F 3G2,5 o d\u0142ugo\u015bci 40 m oraz wtyczk\u0119 IP44, zapewnia maksymalne napi\u0119cie 230 V i pr\u0105d 16 A, co umo\u017cliwia bezpieczne zasilanie sprz\u0119tu o mocy do 3500 W. Urz\u0105dzenie posiada trzy gniazda IP44 z klapk\u0105, co chroni przed wilgoci\u0105, oraz metalowy stela\u017c i hamulec, zapewniaj\u0105ce stabilno\u015b\u0107 i wygod\u0119 u\u017cytkowania. Ergonomiczny uchwyt z tworzywa u\u0142atwia przenoszenie, a termik chroni przed przeci\u0105\u017ceniem, co zwi\u0119ksza bezpiecze\u0144stwo pracy. Dzi\u0119ki solidnej konstrukcji i funkcjonalnym rozwi\u0105zaniom, ten przed\u0142u\u017cacz wpisuje si\u0119 w potrzeby u\u017cytkownik\u00f3w, kt\u00f3rzy ceni\u0105 sobie niezawodno\u015b\u0107 i komfort pracy w ka\u017cdych warunkach.<\/p>","protected":false},"excerpt":{"rendered":"<div class=\"icons\" style=\"display: flex; flex-wrap: wrap; gap: 5px; align-items: center; margin-top: 10px;\"><img decoding=\"async\" src=\"https:\/\/as-schwabe.de\/wp-content\/uploads\/ikony\/znak_FR.png\" alt=\"\" width=\"50\" height=\"50\" \/><img decoding=\"async\" src=\"https:\/\/as-schwabe.de\/wp-content\/uploads\/ikony\/znak_CE.png\" alt=\"\" width=\"50\" height=\"50\" \/><img decoding=\"async\" src=\"https:\/\/as-schwabe.de\/wp-content\/uploads\/ikony\/znak_IP44.png\" alt=\"\" width=\"50\" height=\"50\" \/><img loading=\"lazy\" decoding=\"async\" src=\"https:\/\/as-schwabe.de\/wp-content\/uploads\/ikony\/znak_PB.png\" alt=\"\" width=\"50\" height=\"50\" \/><img loading=\"lazy\" decoding=\"async\" src=\"https:\/\/as-schwabe.de\/wp-content\/uploads\/ikony\/znak_Z.png\" alt=\"\" width=\"50\" height=\"50\" \/><img loading=\"lazy\" decoding=\"async\" src=\"https:\/\/as-schwabe.de\/wp-content\/uploads\/ikony\/znak_D.png\" alt=\"\" width=\"50\" height=\"50\" \/><img loading=\"lazy\" decoding=\"async\" src=\"https:\/\/as-schwabe.de\/wp-content\/uploads\/ikony\/znak_K2.png\" alt=\"\" width=\"50\" height=\"50\" \/><img loading=\"lazy\" decoding=\"async\" src=\"https:\/\/as-schwabe.de\/wp-content\/uploads\/ikony\/znak_DG.png\" alt=\"\" width=\"50\" height=\"50\" \/><img loading=\"lazy\" decoding=\"async\" src=\"https:\/\/as-schwabe.de\/wp-content\/uploads\/ikony\/znak_DE.png\" alt=\"\" width=\"50\" height=\"40\" \/><\/div>\n<ul>\n<li>korpus b\u0119bna wykonany z wytrzyma\u0142ego, bardzo odpornego na uszkodzenia specjalnego tworzywa sztucznego<\/li>\n<li> z wytrzyma\u0142\u0105, poch\u0142aniaj\u0105c\u0105 wstrz\u0105sy i ocynkowan\u0105 pojedyncz\u0105 ram\u0105 podstawy z hamulcem postojowym<\/li>\n<li> rama z ergonomicznie ukszta\u0142towanym uchwytem i prowadnic\u0105 kabla<\/li>\n<li> z wbudowanym wy\u0142\u0105cznikiem termicznym<\/li>\n<li> IP44: chroniony przed cia\u0142ami obcymi i bryzgami wody<\/li>\n<li> z wtyczk\u0105 z uziemieniem<\/li>\n<li> 230 V, 16 A, maks. 3500 W<\/li>\n<\/ul>","protected":false},"featured_media":32242,"template":"","meta":{"inline_featured_image":false},"genre":[509],"product_cat":[510,514],"product_tag":[],"class_list":{"0":"post-33031","1":"product","2":"type-product","3":"status-publish","4":"has-post-thumbnail","6":"product_brand-as-schwabe-pl","7":"product_cat-przedluzacze-bebnowe-pl","8":"product_cat-plastikowe-budowlane-przedluzacze-bebnowe-pl","10":"first","11":"instock","12":"shipping-taxable","13":"product-type-simple"},"aioseo_notices":[],"_links":{"self":[{"href":"https:\/\/as-schwabe.de\/pl\/wp-json\/wp\/v2\/product\/33031","targetHints":{"allow":["GET"]}}],"collection":[{"href":"https:\/\/as-schwabe.de\/pl\/wp-json\/wp\/v2\/product"}],"about":[{"href":"https:\/\/as-schwabe.de\/pl\/wp-json\/wp\/v2\/types\/product"}],"version-history":[{"count":0,"href":"https:\/\/as-schwabe.de\/pl\/wp-json\/wp\/v2\/product\/33031\/revisions"}],"wp:featuredmedia":[{"embeddable":true,"href":"https:\/\/as-schwabe.de\/pl\/wp-json\/wp\/v2\/media\/32242"}],"wp:attachment":[{"href":"https:\/\/as-schwabe.de\/pl\/wp-json\/wp\/v2\/media?parent=33031"}],"wp:term":[{"taxonomy":"product_brand","embeddable":true,"href":"https:\/\/as-schwabe.de\/pl\/wp-json\/wp\/v2\/genre?post=33031"},{"taxonomy":"product_cat","embeddable":true,"href":"https:\/\/as-schwabe.de\/pl\/wp-json\/wp\/v2\/product_cat?post=33031"},{"taxonomy":"product_tag","embeddable":true,"href":"https:\/\/as-schwabe.de\/pl\/wp-json\/wp\/v2\/product_tag?post=33031"}],"curies":[{"name":"wp","href":"https:\/\/api.w.org\/{rel}","templated":true}]}}