{"id":33030,"date":"2025-09-26T23:38:31","date_gmt":"2025-09-26T23:38:31","guid":{"rendered":"https:\/\/as-schwabe.de\/?post_type=product&#038;p=33030"},"modified":"2025-10-23T00:20:05","modified_gmt":"2025-10-23T00:20:05","slug":"przedluzacz-bebnowy-w-obudowie-h05vv-f-3g15-7-m-f-816144","status":"publish","type":"product","link":"https:\/\/as-schwabe.de\/pl\/produkt\/przedluzacz-bebnowy-w-obudowie-h05vv-f-3g15-7-m-f-816144\/","title":{"rendered":"Przed\u0142u\u017cacz b\u0119bnowy plastikowy w obudowie 7 m H05VV-F 3G1,5 IP20 &#8222;F&#8220; | 816144"},"content":{"rendered":"<p>Przed\u0142u\u017cacz b\u0119bnowy plastikowy w obudowie typu &#8222;F&#8220; to idealne rozwi\u0105zanie do u\u017cytku wewn\u0119trznego, wyposa\u017cone w przew\u00f3d H05VV-F 3G1,5 o d\u0142ugo\u015bci 7 m oraz k\u0105tow\u0105 wtyczk\u0119 IP20, co sprawia, \u017ce jest funkcjonalny i wygodny w u\u017cyciu. Produkt oferuje 4 gniazda IP20 z uziemieniem, zapewniaj\u0105ce maksymalne parametry pracy 230 V i 16 A (3500 W), co pozwala na jednoczesne zasilanie r\u00f3\u017cnych urz\u0105dze\u0144 elektrycznych. Wbudowany termik chroni przed przeci\u0105\u017ceniem, co podnosi bezpiecze\u0144stwo u\u017cytkowania. Solidna, czarna kaseta z uchwytem zapewnia \u0142atwy transport i przechowywanie, a atrakcyjny design sprawia, \u017ce przed\u0142u\u017cacz doskonale wpisuje si\u0119 w nowoczesne wn\u0119trza. Idealny dla majsterkowicz\u00f3w oraz profesjonalist\u00f3w, kt\u00f3rzy ceni\u0105 sobie funkcjonalno\u015b\u0107 i niezawodno\u015b\u0107 w codziennym u\u017cytkowaniu.<\/p>","protected":false},"excerpt":{"rendered":"<div class=\"icons\" style=\"display: flex; flex-wrap: wrap; gap: 5px; align-items: center; margin-top: 10px;\"><img decoding=\"async\" src=\"https:\/\/as-schwabe.de\/wp-content\/uploads\/ikony\/znak_FR.png\" alt=\"\" width=\"50\" height=\"50\" \/><img decoding=\"async\" src=\"https:\/\/as-schwabe.de\/wp-content\/uploads\/ikony\/znak_CE.png\" alt=\"\" width=\"50\" height=\"50\" \/><img decoding=\"async\" src=\"https:\/\/as-schwabe.de\/wp-content\/uploads\/ikony\/znak_IP20.png\" alt=\"\" width=\"50\" height=\"50\" \/><img loading=\"lazy\" decoding=\"async\" src=\"https:\/\/as-schwabe.de\/wp-content\/uploads\/ikony\/znak_D.png\" alt=\"\" width=\"50\" height=\"50\" \/><img loading=\"lazy\" decoding=\"async\" src=\"https:\/\/as-schwabe.de\/wp-content\/uploads\/ikony\/znak_DE.png\" alt=\"\" width=\"50\" height=\"40\" \/><\/div>\n<ul>\n<li>kaseta przed\u0142u\u017cacza zbudowana z wytrzyma\u0142ego, odpornego na uderzenia tworzywa sztucznego, o nowoczesnym wygl\u0105dzie <\/li>\n<li>z praktycznym uchwytem <\/li>\n<li>z wbudowanym wy\u0142\u0105cznikiem termicznym <\/li>\n<li>pozwala na \u0142atwe zwijanie i rozwijanie <\/li>\n<li>IP20: do u\u017cytku wewn\u0105trz pomieszcze\u0144 <\/li>\n<li>z wbudowan\u0105 prowadnic\u0105 przewodu u\u0142atwiaj\u0105c\u0105 zwijanie i rozwijanie <\/li>\n<li>obrotowa korbka r\u0119czna: odpowiednia dla u\u017cytkownik\u00f3w lewo- i prawor\u0119cznych! <\/li>\n<li>z wtyczk\u0105 z uziemieniem <\/li>\n<li>4x gniazdo z uziemieniem i przes\u0142on\u0105 tor\u00f3w pr\u0105dowych <\/li>\n<li>230 V, 16 A, maks. 3500 W<\/li>\n<\/ul>","protected":false},"featured_media":32241,"template":"","meta":{"inline_featured_image":false},"genre":[509],"product_cat":[510,533],"product_tag":[],"class_list":{"0":"post-33030","1":"product","2":"type-product","3":"status-publish","4":"has-post-thumbnail","6":"product_brand-as-schwabe-pl","7":"product_cat-przedluzacze-bebnowe-pl","8":"product_cat-przedluzacze-w-obudowie-zamknietej-pl","10":"first","11":"instock","12":"shipping-taxable","13":"product-type-simple"},"aioseo_notices":[],"_links":{"self":[{"href":"https:\/\/as-schwabe.de\/pl\/wp-json\/wp\/v2\/product\/33030","targetHints":{"allow":["GET"]}}],"collection":[{"href":"https:\/\/as-schwabe.de\/pl\/wp-json\/wp\/v2\/product"}],"about":[{"href":"https:\/\/as-schwabe.de\/pl\/wp-json\/wp\/v2\/types\/product"}],"version-history":[{"count":0,"href":"https:\/\/as-schwabe.de\/pl\/wp-json\/wp\/v2\/product\/33030\/revisions"}],"wp:featuredmedia":[{"embeddable":true,"href":"https:\/\/as-schwabe.de\/pl\/wp-json\/wp\/v2\/media\/32241"}],"wp:attachment":[{"href":"https:\/\/as-schwabe.de\/pl\/wp-json\/wp\/v2\/media?parent=33030"}],"wp:term":[{"taxonomy":"product_brand","embeddable":true,"href":"https:\/\/as-schwabe.de\/pl\/wp-json\/wp\/v2\/genre?post=33030"},{"taxonomy":"product_cat","embeddable":true,"href":"https:\/\/as-schwabe.de\/pl\/wp-json\/wp\/v2\/product_cat?post=33030"},{"taxonomy":"product_tag","embeddable":true,"href":"https:\/\/as-schwabe.de\/pl\/wp-json\/wp\/v2\/product_tag?post=33030"}],"curies":[{"name":"wp","href":"https:\/\/api.w.org\/{rel}","templated":true}]}}