{"id":33028,"date":"2025-09-26T23:38:30","date_gmt":"2025-09-26T23:38:30","guid":{"rendered":"https:\/\/as-schwabe.de\/?post_type=product&#038;p=33028"},"modified":"2025-10-23T00:20:03","modified_gmt":"2025-10-23T00:20:03","slug":"przedluzacz-samozwijajacy-h07rn-f-3g15-20-m-f-812647","status":"publish","type":"product","link":"https:\/\/as-schwabe.de\/pl\/produkt\/przedluzacz-samozwijajacy-h07rn-f-3g15-20-m-f-812647\/","title":{"rendered":"Przed\u0142u\u017cacz samozwijaj\u0105cy 18 m H07RN-F 3G1,5 IP44 &#8222;F&#8220; | 812647"},"content":{"rendered":"<p>Przed\u0142u\u017cacz samozwijaj\u0105cy 18m &#8222;F&#8220; to niezawodne rozwi\u0105zanie do zasilania urz\u0105dze\u0144 w warunkach zewn\u0119trznych oraz na budowach. Wyposa\u017cony w przew\u00f3d H07RN-F 3G1,5 o d\u0142ugo\u015bci 2 m z wtyczk\u0105 IP44 oraz gniazdem IP44 z klapk\u0105, zapewnia bezpieczne zasilanie o maksymalnym napi\u0119ciu 230 V i nat\u0119\u017ceniu 16 A. Automatyczny system zwijania kabla oraz ogranicznik zwijania sprawiaj\u0105, \u017ce u\u017cytkowanie przed\u0142u\u017cacza jest proste i wygodne, a termiczny zabezpieczaj\u0105cy zwi\u0119ksza bezpiecze\u0144stwo. Dzi\u0119ki klasie ochrony IP44, produkt jest odporny na dzia\u0142anie wilgoci i zanieczyszcze\u0144, co czyni go idealnym do zastosowa\u0144 na \u015bwie\u017cym powietrzu. Idealny dla profesjonalist\u00f3w oraz majsterkowicz\u00f3w, kt\u00f3rzy ceni\u0105 sobie sprawno\u015b\u0107 i bezpiecze\u0144stwo podczas pracy w trudnych warunkach.<\/p>","protected":false},"excerpt":{"rendered":"<div class=\"icons\" style=\"display: flex; flex-wrap: wrap; gap: 5px; align-items: center; margin-top: 10px;\"><img decoding=\"async\" src=\"https:\/\/as-schwabe.de\/wp-content\/uploads\/ikony\/znak_FR.png\" alt=\"\" width=\"50\" height=\"50\" \/><img decoding=\"async\" src=\"https:\/\/as-schwabe.de\/wp-content\/uploads\/ikony\/znak_CE.png\" alt=\"\" width=\"50\" height=\"50\" \/><img decoding=\"async\" src=\"https:\/\/as-schwabe.de\/wp-content\/uploads\/ikony\/znak_IP44.png\" alt=\"\" width=\"50\" height=\"50\" \/><img loading=\"lazy\" decoding=\"async\" src=\"https:\/\/as-schwabe.de\/wp-content\/uploads\/ikony\/znak_PB.png\" alt=\"\" width=\"50\" height=\"50\" \/><img loading=\"lazy\" decoding=\"async\" src=\"https:\/\/as-schwabe.de\/wp-content\/uploads\/ikony\/znak_Z.png\" alt=\"\" width=\"50\" height=\"50\" \/><img loading=\"lazy\" decoding=\"async\" src=\"https:\/\/as-schwabe.de\/wp-content\/uploads\/ikony\/znak_D.png\" alt=\"\" width=\"50\" height=\"50\" \/><img loading=\"lazy\" decoding=\"async\" src=\"https:\/\/as-schwabe.de\/wp-content\/uploads\/ikony\/znak_DE.png\" alt=\"\" width=\"50\" height=\"40\" \/><\/div>\n<ul>\n<li>korpus b\u0119bna wykonany z wytrzyma\u0142ego, bardzo odpornego na uszkodzenia specjalnego tworzywa sztucznego (wyj\u0105tkowo solidna konstrukcja) <\/li>\n<li>mo\u017cliwo\u015b\u0107 obrotu o 180\u00b0 na uchwycie \u015bciennym <\/li>\n<li>z uchwytem zapewniaj\u0105cym wygodne przenoszenie <\/li>\n<li>nie wymaga pracoch\u0142onnego zwijania kabla po u\u017cyciu <\/li>\n<li>wystarczy lekkie poci\u0105gni\u0119cie za kabel, a automatyczna zwijarka nawinie przew\u00f3d w obudow\u0119 szpuli kablowej <\/li>\n<li>ze wzgl\u0119du na sta\u0142\u0105 blokad\u0119 na kablu, gniazdo nie mo\u017ce zosta\u0107 wci\u0105gni\u0119te do obudowy, gdy jest w po\u0142o\u017ceniu zwini\u0119tym <\/li>\n<li>z wbudowanym wy\u0142\u0105cznikiem termicznym <\/li>\n<li>zawiera wytrzyma\u0142e ko\u0142ki\/\u015bruby do monta\u017cu do \u015bciany <\/li>\n<li>z wtyczk\u0105 i gniazdem z uziemieniem i klapk\u0105 <\/li>\n<li>mo\u017cna go obr\u00f3ci\u0107 o 180\u00b0 na uchwycie \u015bciennym i posiada funkcj\u0119 \u201eEASY TO GO\u201d = \u0142atwy demonta\u017c <\/li>\n<li>IP44: nadaje si\u0119 do stosowania w warsztacie <\/li>\n<li>230 V, 16 A, maks. 2000 W<\/li>\n<\/ul>","protected":false},"featured_media":32239,"template":"","meta":{"inline_featured_image":false},"genre":[509],"product_cat":[510,528],"product_tag":[],"class_list":{"0":"post-33028","1":"product","2":"type-product","3":"status-publish","4":"has-post-thumbnail","6":"product_brand-as-schwabe-pl","7":"product_cat-przedluzacze-bebnowe-pl","8":"product_cat-przedluzacze-samozwijajace-pl","10":"first","11":"instock","12":"shipping-taxable","13":"product-type-simple"},"aioseo_notices":[],"_links":{"self":[{"href":"https:\/\/as-schwabe.de\/pl\/wp-json\/wp\/v2\/product\/33028","targetHints":{"allow":["GET"]}}],"collection":[{"href":"https:\/\/as-schwabe.de\/pl\/wp-json\/wp\/v2\/product"}],"about":[{"href":"https:\/\/as-schwabe.de\/pl\/wp-json\/wp\/v2\/types\/product"}],"version-history":[{"count":0,"href":"https:\/\/as-schwabe.de\/pl\/wp-json\/wp\/v2\/product\/33028\/revisions"}],"wp:featuredmedia":[{"embeddable":true,"href":"https:\/\/as-schwabe.de\/pl\/wp-json\/wp\/v2\/media\/32239"}],"wp:attachment":[{"href":"https:\/\/as-schwabe.de\/pl\/wp-json\/wp\/v2\/media?parent=33028"}],"wp:term":[{"taxonomy":"product_brand","embeddable":true,"href":"https:\/\/as-schwabe.de\/pl\/wp-json\/wp\/v2\/genre?post=33028"},{"taxonomy":"product_cat","embeddable":true,"href":"https:\/\/as-schwabe.de\/pl\/wp-json\/wp\/v2\/product_cat?post=33028"},{"taxonomy":"product_tag","embeddable":true,"href":"https:\/\/as-schwabe.de\/pl\/wp-json\/wp\/v2\/product_tag?post=33028"}],"curies":[{"name":"wp","href":"https:\/\/api.w.org\/{rel}","templated":true}]}}