{"id":33026,"date":"2025-09-26T23:38:30","date_gmt":"2025-09-26T23:38:30","guid":{"rendered":"https:\/\/as-schwabe.de\/?post_type=product&#038;p=33026"},"modified":"2025-10-23T00:20:01","modified_gmt":"2025-10-23T00:20:01","slug":"przedluzacz-samozwijajacy-h05vv-f-3g15-15-m-f-812611","status":"publish","type":"product","link":"https:\/\/as-schwabe.de\/pl\/produkt\/przedluzacz-samozwijajacy-h05vv-f-3g15-15-m-f-812611\/","title":{"rendered":"Przed\u0142u\u017cacz samozwijaj\u0105cy 15 m H05VV-F 3G1,5 IP20 &#8222;F&#8220; | 812611"},"content":{"rendered":"<p>Przed\u0142u\u017cacz samozwijaj\u0105cy 15m &#8222;F&#8220; to nowoczesne rozwi\u0105zanie dla u\u017cytkownik\u00f3w poszukuj\u0105cych wygodnego i funkcjonalnego zasilania w przestrzeniach zamkni\u0119tych. Zbudowany z wysokiej jako\u015bci materia\u0142\u00f3w, oferuje wyj\u015bcie 1x gniazdo IP20 z uziemieniem, co zapewnia bezpiecze\u0144stwo u\u017cytkowania przy maksymalnym obci\u0105\u017ceniu 230 V i 16 A. Automatyczny zwijak kabla i ogranicznik zwijania u\u0142atwiaj\u0105 korzystanie z urz\u0105dzenia, eliminuj\u0105c problem spl\u0105tanych przewod\u00f3w. Dzi\u0119ki 1,5 m przewodowi z wtyczk\u0105 k\u0105tow\u0105 oraz d\u0142ugo\u015bci 13,5 m, przed\u0142u\u017cacz doskonale sprawdzi si\u0119 w domach, biurach oraz warsztatach, gdzie elastyczno\u015b\u0107 i dost\u0119pno\u015b\u0107 zasilania s\u0105 kluczowe. Klasa ochrony IP20 wskazuje na jego przeznaczenie do u\u017cytku wewn\u0119trznego, co czyni go idealnym narz\u0119dziem w codziennym u\u017cytkowaniu.<\/p>","protected":false},"excerpt":{"rendered":"<div class=\"icons\" style=\"display: flex; flex-wrap: wrap; gap: 5px; align-items: center; margin-top: 10px;\"><img decoding=\"async\" src=\"https:\/\/as-schwabe.de\/wp-content\/uploads\/ikony\/znak_FR.png\" alt=\"\" width=\"50\" height=\"50\" \/><img decoding=\"async\" src=\"https:\/\/as-schwabe.de\/wp-content\/uploads\/ikony\/znak_CE.png\" alt=\"\" width=\"50\" height=\"50\" \/><img decoding=\"async\" src=\"https:\/\/as-schwabe.de\/wp-content\/uploads\/ikony\/znak_IP20.png\" alt=\"\" width=\"50\" height=\"50\" \/><img loading=\"lazy\" decoding=\"async\" src=\"https:\/\/as-schwabe.de\/wp-content\/uploads\/ikony\/znak_PB.png\" alt=\"\" width=\"50\" height=\"50\" \/><img loading=\"lazy\" decoding=\"async\" src=\"https:\/\/as-schwabe.de\/wp-content\/uploads\/ikony\/znak_Z.png\" alt=\"\" width=\"50\" height=\"50\" \/><img loading=\"lazy\" decoding=\"async\" src=\"https:\/\/as-schwabe.de\/wp-content\/uploads\/ikony\/znak_D.png\" alt=\"\" width=\"50\" height=\"50\" \/><img loading=\"lazy\" decoding=\"async\" src=\"https:\/\/as-schwabe.de\/wp-content\/uploads\/ikony\/znak_DE.png\" alt=\"\" width=\"50\" height=\"40\" \/><\/div>\n<ul>\n<li>korpus b\u0119bna wykonany z wytrzyma\u0142ego, bardzo odpornego na uszkodzenia specjalnego tworzywa sztucznego (wyj\u0105tkowo solidna konstrukcja) <\/li>\n<li>mo\u017cliwo\u015b\u0107 obrotu o 180\u00b0 na uchwycie \u015bciennym <\/li>\n<li>z uchwytem zapewniaj\u0105cym wygodne przenoszenie <\/li>\n<li>nie wymaga pracoch\u0142onnego zwijania kabla po u\u017cyciu <\/li>\n<li>wystarczy lekkie poci\u0105gni\u0119cie za kabel, a automatyczna zwijarka nawinie przew\u00f3d w obudow\u0119 szpuli kablowej <\/li>\n<li>ze wzgl\u0119du na sta\u0142\u0105 blokad\u0119 na kablu, gniazdo nie mo\u017ce zosta\u0107 wci\u0105gni\u0119te do obudowy, gdy jest w po\u0142o\u017ceniu zwini\u0119tym <\/li>\n<li>z wbudowanym wy\u0142\u0105cznikiem termicznym <\/li>\n<li>zawiera wytrzyma\u0142e ko\u0142ki\/\u015bruby do monta\u017cu do \u015bciany <\/li>\n<li>z wtyczk\u0105 k\u0105tow\u0105 i gniazdem z uziemieniem <\/li>\n<li>mo\u017cna go obr\u00f3ci\u0107 o 180\u00b0 na uchwycie \u015bciennym i posiada funkcj\u0119 \u201eEASY TO GO\u201d = \u0142atwy demonta\u017c <\/li>\n<li>IP20: nadaje si\u0119 do u\u017cytku w pomieszczeniach zamkni\u0119tych <\/li>\n<li>230 V, 16 A, maks. 2000 W<\/li>\n<\/ul>","protected":false},"featured_media":32231,"template":"","meta":{"inline_featured_image":false},"genre":[509],"product_cat":[510,528],"product_tag":[],"class_list":{"0":"post-33026","1":"product","2":"type-product","3":"status-publish","4":"has-post-thumbnail","6":"product_brand-as-schwabe-pl","7":"product_cat-przedluzacze-bebnowe-pl","8":"product_cat-przedluzacze-samozwijajace-pl","10":"first","11":"instock","12":"shipping-taxable","13":"product-type-simple"},"aioseo_notices":[],"_links":{"self":[{"href":"https:\/\/as-schwabe.de\/pl\/wp-json\/wp\/v2\/product\/33026","targetHints":{"allow":["GET"]}}],"collection":[{"href":"https:\/\/as-schwabe.de\/pl\/wp-json\/wp\/v2\/product"}],"about":[{"href":"https:\/\/as-schwabe.de\/pl\/wp-json\/wp\/v2\/types\/product"}],"version-history":[{"count":0,"href":"https:\/\/as-schwabe.de\/pl\/wp-json\/wp\/v2\/product\/33026\/revisions"}],"wp:featuredmedia":[{"embeddable":true,"href":"https:\/\/as-schwabe.de\/pl\/wp-json\/wp\/v2\/media\/32231"}],"wp:attachment":[{"href":"https:\/\/as-schwabe.de\/pl\/wp-json\/wp\/v2\/media?parent=33026"}],"wp:term":[{"taxonomy":"product_brand","embeddable":true,"href":"https:\/\/as-schwabe.de\/pl\/wp-json\/wp\/v2\/genre?post=33026"},{"taxonomy":"product_cat","embeddable":true,"href":"https:\/\/as-schwabe.de\/pl\/wp-json\/wp\/v2\/product_cat?post=33026"},{"taxonomy":"product_tag","embeddable":true,"href":"https:\/\/as-schwabe.de\/pl\/wp-json\/wp\/v2\/product_tag?post=33026"}],"curies":[{"name":"wp","href":"https:\/\/api.w.org\/{rel}","templated":true}]}}