{"id":33025,"date":"2025-09-26T23:38:30","date_gmt":"2025-09-26T23:38:30","guid":{"rendered":"https:\/\/as-schwabe.de\/?post_type=product&#038;p=33025"},"modified":"2025-10-23T00:20:01","modified_gmt":"2025-10-23T00:20:01","slug":"przedluzacz-bebnowy-plastikowy-z-3-gn-h07rn-f-3g25-25-m-f-812327","status":"publish","type":"product","link":"https:\/\/as-schwabe.de\/pl\/produkt\/przedluzacz-bebnowy-plastikowy-z-3-gn-h07rn-f-3g25-25-m-f-812327\/","title":{"rendered":"Przed\u0142u\u017cacz b\u0119bnowy plastikowy z przeciw nawijakiem i rozga\u0142\u0119ziaczem potr\u00f3jnym 25 m H07RN-F 3G2,5 IP44 &#8222;F&#8220; | 812327"},"content":{"rendered":"<p>Przed\u0142u\u017cacz b\u0119bnowy plastikowy z przeciw nawijakiem i potr\u00f3jnym rozga\u0142\u0119ziaczem to niezawodne rozwi\u0105zanie dla profesjonalist\u00f3w oraz amator\u00f3w prac budowlanych i ogrodowych. Oferuje d\u0142ugo\u015b\u0107 kabla 25 m, co zapewnia du\u017c\u0105 elastyczno\u015b\u0107 w u\u017cytkowaniu, a jego wzmocniona struktura wykonana z plastiku oraz metalowy stela\u017c gwarantuj\u0105 trwa\u0142o\u015b\u0107 i stabilno\u015b\u0107. Wyposa\u017cony w trzy gniazda IP44 z gumowymi klapkami, przed\u0142u\u017cacz jest idealny do stosowania na zewn\u0105trz, oferuj\u0105c ochron\u0119 przed wod\u0105 i py\u0142em (stopie\u0144 ochrony IP44). Dzi\u0119ki wtyczce IP44 oraz zastosowaniu technologii termicznej, urz\u0105dzenie obs\u0142uguje maksymalne obci\u0105\u017cenie 3500 W przy napi\u0119ciu 230 V. Dodatkowym atutem jest hamulec oraz ergonomiczny uchwyt, co u\u0142atwia zar\u00f3wno transport, jak i przechowywanie.<\/p>","protected":false},"excerpt":{"rendered":"<div class=\"icons\" style=\"display: flex; flex-wrap: wrap; gap: 5px; align-items: center; margin-top: 10px;\"><img decoding=\"async\" src=\"https:\/\/as-schwabe.de\/wp-content\/uploads\/ikony\/znak_FR.png\" alt=\"\" width=\"50\" height=\"50\" \/><img decoding=\"async\" src=\"https:\/\/as-schwabe.de\/wp-content\/uploads\/ikony\/znak_CE.png\" alt=\"\" width=\"50\" height=\"50\" \/><img decoding=\"async\" src=\"https:\/\/as-schwabe.de\/wp-content\/uploads\/ikony\/znak_IP44.png\" alt=\"\" width=\"50\" height=\"50\" \/><img loading=\"lazy\" decoding=\"async\" src=\"https:\/\/as-schwabe.de\/wp-content\/uploads\/ikony\/znak_PB.png\" alt=\"\" width=\"50\" height=\"50\" \/><img loading=\"lazy\" decoding=\"async\" src=\"https:\/\/as-schwabe.de\/wp-content\/uploads\/ikony\/znak_Z.png\" alt=\"\" width=\"50\" height=\"50\" \/><img loading=\"lazy\" decoding=\"async\" src=\"https:\/\/as-schwabe.de\/wp-content\/uploads\/ikony\/znak_D.png\" alt=\"\" width=\"50\" height=\"50\" \/><img loading=\"lazy\" decoding=\"async\" src=\"https:\/\/as-schwabe.de\/wp-content\/uploads\/ikony\/znak_DE.png\" alt=\"\" width=\"50\" height=\"40\" \/><\/div>\n<ul>\n<li>korpus b\u0119bna wykonany z wytrzyma\u0142ego, bardzo odpornego na p\u0119kanie specjalnego tworzywa sztucznego ze szpul\u0105 kablow\u0105 <\/li>\n<li>z wytrzyma\u0142\u0105, poch\u0142aniaj\u0105c\u0105 wstrz\u0105sy i ocynkowan\u0105 pojedyncz\u0105 ram\u0105 podstawy z hamulcem postojowym <\/li>\n<li>rama z ergonomicznie ukszta\u0142towanym uchwytem i prowadnic\u0105 kabla <\/li>\n<li>z wbudowanym wy\u0142\u0105cznikiem termicznym <\/li>\n<li>IP44: chroniony przed cia\u0142ami obcymi i bryzgami wody <\/li>\n<li>z 1,5 m kablem przy\u0142\u0105czeniowym z wtyczk\u0105 z uziemieniem <\/li>\n<li>IP44: chroniony przed cia\u0142ami obcymi i bryzgami wody <\/li>\n<li>230 V, 16 A, maks. 3500 W<\/li>\n<\/ul>","protected":false},"featured_media":32230,"template":"","meta":{"inline_featured_image":false},"genre":[509],"product_cat":[510,511],"product_tag":[],"class_list":{"0":"post-33025","1":"product","2":"type-product","3":"status-publish","4":"has-post-thumbnail","6":"product_brand-as-schwabe-pl","7":"product_cat-przedluzacze-bebnowe-pl","8":"product_cat-przedluzacze-bebnowe-do-uzytku-na-zewnatrz-pl","10":"first","11":"instock","12":"shipping-taxable","13":"product-type-simple"},"aioseo_notices":[],"_links":{"self":[{"href":"https:\/\/as-schwabe.de\/pl\/wp-json\/wp\/v2\/product\/33025","targetHints":{"allow":["GET"]}}],"collection":[{"href":"https:\/\/as-schwabe.de\/pl\/wp-json\/wp\/v2\/product"}],"about":[{"href":"https:\/\/as-schwabe.de\/pl\/wp-json\/wp\/v2\/types\/product"}],"version-history":[{"count":0,"href":"https:\/\/as-schwabe.de\/pl\/wp-json\/wp\/v2\/product\/33025\/revisions"}],"wp:featuredmedia":[{"embeddable":true,"href":"https:\/\/as-schwabe.de\/pl\/wp-json\/wp\/v2\/media\/32230"}],"wp:attachment":[{"href":"https:\/\/as-schwabe.de\/pl\/wp-json\/wp\/v2\/media?parent=33025"}],"wp:term":[{"taxonomy":"product_brand","embeddable":true,"href":"https:\/\/as-schwabe.de\/pl\/wp-json\/wp\/v2\/genre?post=33025"},{"taxonomy":"product_cat","embeddable":true,"href":"https:\/\/as-schwabe.de\/pl\/wp-json\/wp\/v2\/product_cat?post=33025"},{"taxonomy":"product_tag","embeddable":true,"href":"https:\/\/as-schwabe.de\/pl\/wp-json\/wp\/v2\/product_tag?post=33025"}],"curies":[{"name":"wp","href":"https:\/\/api.w.org\/{rel}","templated":true}]}}