{"id":33024,"date":"2025-09-26T23:38:29","date_gmt":"2025-09-26T23:38:29","guid":{"rendered":"https:\/\/as-schwabe.de\/?post_type=product&#038;p=33024"},"modified":"2025-10-23T00:20:00","modified_gmt":"2025-10-23T00:20:00","slug":"przedluzacz-bebnowy-z-przeciwnawijakiem-h07rn-f-3g25-25-m-f-812324","status":"publish","type":"product","link":"https:\/\/as-schwabe.de\/pl\/produkt\/przedluzacz-bebnowy-z-przeciwnawijakiem-h07rn-f-3g25-25-m-f-812324\/","title":{"rendered":"Przed\u0142u\u017cacz b\u0119bnowy plastikowy z przeciw nawijakiem 25 m H07RN-F 3G2,5 IP44 &#8222;F&#8220; | 812324"},"content":{"rendered":"<p>Przed\u0142u\u017cacz b\u0119bnowy plastikowy z przeciw nawijakiem o \u015brednicy 285 mm jest idealnym rozwi\u0105zaniem do zastosowa\u0144 na zewn\u0105trz oraz w budownictwie. Wyposa\u017cony w wtyczk\u0119 IP44 oraz jedno gniazdo z klapk\u0105, zapewnia bezpieczne zasilanie urz\u0105dze\u0144 elektrycznych w trudnych warunkach atmosferycznych. Dzi\u0119ki kablowi H07RN-F 3G2,5 i d\u0142ugo\u015bci 25 m, umo\u017cliwia elastyczne po\u0142\u0105czenie z zasilaniem przy jednoczesnym zachowaniu bezpiecze\u0144stwa, obs\u0142uguj\u0105c maksymalne obci\u0105\u017cenie do 230 V, 16 A oraz 3500 W. Metalowy stela\u017c oraz prowadnica do kabla zapewniaj\u0105 stabilno\u015b\u0107 i komfort u\u017cytkowania, a uchwyt z tworzywa oraz hamulec u\u0142atwiaj\u0105 obs\u0142ug\u0119 i przechowywanie. Dzi\u0119ki termikowi oraz zastosowaniu materia\u0142\u00f3w odpornych na warunki atmosferyczne, produkt ten gwarantuje d\u0142ugotrwa\u0142e i bezpieczne u\u017cytkowanie.<\/p>","protected":false},"excerpt":{"rendered":"<div class=\"icons\" style=\"display: flex; flex-wrap: wrap; gap: 5px; align-items: center; margin-top: 10px;\"><img decoding=\"async\" src=\"https:\/\/as-schwabe.de\/wp-content\/uploads\/ikony\/znak_FR.png\" alt=\"\" width=\"50\" height=\"50\" \/><img decoding=\"async\" src=\"https:\/\/as-schwabe.de\/wp-content\/uploads\/ikony\/znak_CE.png\" alt=\"\" width=\"50\" height=\"50\" \/><img decoding=\"async\" src=\"https:\/\/as-schwabe.de\/wp-content\/uploads\/ikony\/znak_IP44.png\" alt=\"\" width=\"50\" height=\"50\" \/><img loading=\"lazy\" decoding=\"async\" src=\"https:\/\/as-schwabe.de\/wp-content\/uploads\/ikony\/znak_PB.png\" alt=\"\" width=\"50\" height=\"50\" \/><img loading=\"lazy\" decoding=\"async\" src=\"https:\/\/as-schwabe.de\/wp-content\/uploads\/ikony\/znak_Z.png\" alt=\"\" width=\"50\" height=\"50\" \/><img loading=\"lazy\" decoding=\"async\" src=\"https:\/\/as-schwabe.de\/wp-content\/uploads\/ikony\/znak_D.png\" alt=\"\" width=\"50\" height=\"50\" \/><img loading=\"lazy\" decoding=\"async\" src=\"https:\/\/as-schwabe.de\/wp-content\/uploads\/ikony\/znak_DE.png\" alt=\"\" width=\"50\" height=\"40\" \/><\/div>\n<ul>\n<li>korpus b\u0119bna wykonany z wytrzyma\u0142ego, bardzo odpornego na p\u0119kanie specjalnego tworzywa sztucznego ze szpul\u0105 kablow\u0105 <\/li>\n<li>z wytrzyma\u0142\u0105, poch\u0142aniaj\u0105c\u0105 wstrz\u0105sy i ocynkowan\u0105 pojedyncz\u0105 ram\u0105 podstawy z hamulcem postojowym <\/li>\n<li>rama z ergonomicznie ukszta\u0142towanym uchwytem i prowadnic\u0105 kabla <\/li>\n<li>z wbudowanym wy\u0142\u0105cznikiem termicznym <\/li>\n<li>IP44: chroniony przed cia\u0142ami obcymi i bryzgami wody <\/li>\n<li>z 1,5 m kablem przy\u0142\u0105czeniowym z wtyczk\u0105 z uziemieniem <\/li>\n<li>IP44: chroniony przed cia\u0142ami obcymi i bryzgami wody <\/li>\n<li>230 V, 16 A, maks. 3500 W<\/li>\n<\/ul>","protected":false},"featured_media":32229,"template":"","meta":{"inline_featured_image":false},"genre":[509],"product_cat":[510,511],"product_tag":[],"class_list":{"0":"post-33024","1":"product","2":"type-product","3":"status-publish","4":"has-post-thumbnail","6":"product_brand-as-schwabe-pl","7":"product_cat-przedluzacze-bebnowe-pl","8":"product_cat-przedluzacze-bebnowe-do-uzytku-na-zewnatrz-pl","10":"first","11":"instock","12":"shipping-taxable","13":"product-type-simple"},"aioseo_notices":[],"_links":{"self":[{"href":"https:\/\/as-schwabe.de\/pl\/wp-json\/wp\/v2\/product\/33024","targetHints":{"allow":["GET"]}}],"collection":[{"href":"https:\/\/as-schwabe.de\/pl\/wp-json\/wp\/v2\/product"}],"about":[{"href":"https:\/\/as-schwabe.de\/pl\/wp-json\/wp\/v2\/types\/product"}],"version-history":[{"count":0,"href":"https:\/\/as-schwabe.de\/pl\/wp-json\/wp\/v2\/product\/33024\/revisions"}],"wp:featuredmedia":[{"embeddable":true,"href":"https:\/\/as-schwabe.de\/pl\/wp-json\/wp\/v2\/media\/32229"}],"wp:attachment":[{"href":"https:\/\/as-schwabe.de\/pl\/wp-json\/wp\/v2\/media?parent=33024"}],"wp:term":[{"taxonomy":"product_brand","embeddable":true,"href":"https:\/\/as-schwabe.de\/pl\/wp-json\/wp\/v2\/genre?post=33024"},{"taxonomy":"product_cat","embeddable":true,"href":"https:\/\/as-schwabe.de\/pl\/wp-json\/wp\/v2\/product_cat?post=33024"},{"taxonomy":"product_tag","embeddable":true,"href":"https:\/\/as-schwabe.de\/pl\/wp-json\/wp\/v2\/product_tag?post=33024"}],"curies":[{"name":"wp","href":"https:\/\/api.w.org\/{rel}","templated":true}]}}