{"id":33023,"date":"2025-09-26T23:38:29","date_gmt":"2025-09-26T23:38:29","guid":{"rendered":"https:\/\/as-schwabe.de\/?post_type=product&#038;p=33023"},"modified":"2025-10-23T00:20:00","modified_gmt":"2025-10-23T00:20:00","slug":"przedluzacz-bebnowy-z-przeciwnawijakiem-h05vv-f-3g15-25-m-f-812323","status":"publish","type":"product","link":"https:\/\/as-schwabe.de\/pl\/produkt\/przedluzacz-bebnowy-z-przeciwnawijakiem-h05vv-f-3g15-25-m-f-812323\/","title":{"rendered":"Przed\u0142u\u017cacz b\u0119bnowy plastikowy z przeciw nawijakiem 25 m H05VV-F 3G1,5 IP20 &#8222;F&#8220; | 812323"},"content":{"rendered":"<p>Przed\u0142u\u017cacz b\u0119bnowy plastikowy z przeciwnawijakiem o \u015brednicy 230 mm jest idealnym rozwi\u0105zaniem do u\u017cytku wewn\u0119trznego w pomieszczeniach, oferuj\u0105c maksymalne obci\u0105\u017cenie 230 V, 16 A i 3500 W. Wyposa\u017cony w jedno gniazdo IP20 z klapk\u0105, zapewnia wygodny dost\u0119p do zasilania oraz znakomit\u0105 ochron\u0119 przed zanieczyszczeniami. Wysokiej jako\u015bci stela\u017c metalowy oraz prowadnica do kabla gwarantuj\u0105 stabilno\u015b\u0107 i porz\u0105dek podczas u\u017cytkowania, a hamulec pozwala na bezpieczne blokowanie szpuli. Przed\u0142u\u017cacz posiada r\u00f3wnie\u017c wska\u017anik termiczny, co zwi\u0119ksza bezpiecze\u0144stwo u\u017cytkowania. Kompaktowa konstrukcja w zielonym kolorze oraz funkcjonalny uchwyt z tworzywa sprawiaj\u0105, \u017ce transport i przechowywanie urz\u0105dzenia s\u0105 niezwykle \u0142atwe i wygodne.<\/p>","protected":false},"excerpt":{"rendered":"<div class=\"icons\" style=\"display: flex; flex-wrap: wrap; gap: 5px; align-items: center; margin-top: 10px;\"><img decoding=\"async\" src=\"https:\/\/as-schwabe.de\/wp-content\/uploads\/ikony\/znak_FR.png\" alt=\"\" width=\"50\" height=\"50\" \/><img decoding=\"async\" src=\"https:\/\/as-schwabe.de\/wp-content\/uploads\/ikony\/znak_CE.png\" alt=\"\" width=\"50\" height=\"50\" \/><img decoding=\"async\" src=\"https:\/\/as-schwabe.de\/wp-content\/uploads\/ikony\/znak_IP20.png\" alt=\"\" width=\"50\" height=\"50\" \/><img loading=\"lazy\" decoding=\"async\" src=\"https:\/\/as-schwabe.de\/wp-content\/uploads\/ikony\/znak_Z.png\" alt=\"\" width=\"50\" height=\"50\" \/><img loading=\"lazy\" decoding=\"async\" src=\"https:\/\/as-schwabe.de\/wp-content\/uploads\/ikony\/znak_D.png\" alt=\"\" width=\"50\" height=\"50\" \/><img loading=\"lazy\" decoding=\"async\" src=\"https:\/\/as-schwabe.de\/wp-content\/uploads\/ikony\/znak_DE.png\" alt=\"\" width=\"50\" height=\"40\" \/><\/div>\n<ul>\n<li>korpus b\u0119bna wykonany z wytrzyma\u0142ego, bardzo odpornego na p\u0119kanie specjalnego tworzywa sztucznego ze szpul\u0105 kablow\u0105 <\/li>\n<li> z wytrzyma\u0142\u0105, poch\u0142aniaj\u0105c\u0105 wstrz\u0105sy i ocynkowan\u0105 pojedyncz\u0105 ram\u0105 podstawy z hamulcem postojowym <\/li>\n<li> rama z ergonomicznie ukszta\u0142towanym uchwytem i prowadnic\u0105 kabla <\/li>\n<li> z wbudowanym wy\u0142\u0105cznikiem termicznym <\/li>\n<li> wtyczka z uziemieniem <\/li>\n<li> z 1,5 m kablem przy\u0142\u0105czeniowym z wtyczk\u0105 z uziemieniem <\/li>\n<li> kabel w ostrzegawczym, czerwonym kolorze <\/li>\n<li> IP20: do u\u017cytku wewn\u0105trz pomieszcze\u0144 <\/li>\n<li> 230 V, 16 A, maks. 3500 W<\/li>\n<\/ul>","protected":false},"featured_media":36158,"template":"","meta":{"inline_featured_image":false},"genre":[509],"product_cat":[510,511],"product_tag":[],"class_list":{"0":"post-33023","1":"product","2":"type-product","3":"status-publish","4":"has-post-thumbnail","6":"product_brand-as-schwabe-pl","7":"product_cat-przedluzacze-bebnowe-pl","8":"product_cat-przedluzacze-bebnowe-do-uzytku-na-zewnatrz-pl","10":"first","11":"instock","12":"shipping-taxable","13":"product-type-simple"},"aioseo_notices":[],"_links":{"self":[{"href":"https:\/\/as-schwabe.de\/pl\/wp-json\/wp\/v2\/product\/33023","targetHints":{"allow":["GET"]}}],"collection":[{"href":"https:\/\/as-schwabe.de\/pl\/wp-json\/wp\/v2\/product"}],"about":[{"href":"https:\/\/as-schwabe.de\/pl\/wp-json\/wp\/v2\/types\/product"}],"version-history":[{"count":0,"href":"https:\/\/as-schwabe.de\/pl\/wp-json\/wp\/v2\/product\/33023\/revisions"}],"wp:featuredmedia":[{"embeddable":true,"href":"https:\/\/as-schwabe.de\/pl\/wp-json\/wp\/v2\/media\/36158"}],"wp:attachment":[{"href":"https:\/\/as-schwabe.de\/pl\/wp-json\/wp\/v2\/media?parent=33023"}],"wp:term":[{"taxonomy":"product_brand","embeddable":true,"href":"https:\/\/as-schwabe.de\/pl\/wp-json\/wp\/v2\/genre?post=33023"},{"taxonomy":"product_cat","embeddable":true,"href":"https:\/\/as-schwabe.de\/pl\/wp-json\/wp\/v2\/product_cat?post=33023"},{"taxonomy":"product_tag","embeddable":true,"href":"https:\/\/as-schwabe.de\/pl\/wp-json\/wp\/v2\/product_tag?post=33023"}],"curies":[{"name":"wp","href":"https:\/\/api.w.org\/{rel}","templated":true}]}}