{"id":33022,"date":"2025-09-26T23:38:29","date_gmt":"2025-09-26T23:38:29","guid":{"rendered":"https:\/\/as-schwabe.de\/?post_type=product&#038;p=33022"},"modified":"2025-10-23T00:20:00","modified_gmt":"2025-10-23T00:20:00","slug":"przedluzacz-bebnowy-plastikowy-promo-h05vv-f-3g15-50-m-ip20-z-klapka-f-811119","status":"publish","type":"product","link":"https:\/\/as-schwabe.de\/pl\/produkt\/przedluzacz-bebnowy-plastikowy-promo-h05vv-f-3g15-50-m-ip20-z-klapka-f-811119\/","title":{"rendered":"Przed\u0142u\u017cacz b\u0119bnowy plastikowy &#8211; Action 50 m H05VV-F 3G1,5 IP20 &#8222;F&#8220; | 811119"},"content":{"rendered":"<p>Przed\u0142u\u017cacz b\u0119bnowy plastikowy o \u015brednicy 285 mm to idealne rozwi\u0105zanie do u\u017cytku wewn\u0119trznego, stworzone z my\u015bl\u0105 o komforcie i bezpiecze\u0144stwie u\u017cytkowania. Posiada 50-metrowy kabel H05VV-F 3G1,5 z zasilaniem 230 V i pr\u0105dem maksymalnym 16 A, co pozwala na du\u017c\u0105 elastyczno\u015b\u0107 w dost\u0119pie do \u017ar\u00f3de\u0142 energii w r\u00f3\u017cnych miejscach. Wbudowane 4 gniazda IP20 z klapk\u0105 zabezpieczaj\u0105c\u0105 oraz system termiczny zapewniaj\u0105 bezpiecze\u0144stwo i wygod\u0119 u\u017cytkowania. Dodatkowo, metalowy stela\u017c, prowadnica do kabla oraz hamulec umo\u017cliwiaj\u0105 \u0142atwe tarcie oraz przechowywanie, co sprawia, \u017ce przed\u0142u\u017cacz jest funkcjonalnym i estetycznym elementem wyposa\u017cenia ka\u017cdego biura czy warsztatu. Dzi\u0119ki solidnej konstrukcji i nowoczesnemu designowi, model ten gwarantuje wysok\u0105 jako\u015b\u0107 i niezawodno\u015b\u0107 w codziennym u\u017cytkowaniu.<\/p>","protected":false},"excerpt":{"rendered":"<div class=\"icons\" style=\"display: flex; flex-wrap: wrap; gap: 5px; align-items: center; margin-top: 10px;\"><img decoding=\"async\" src=\"https:\/\/as-schwabe.de\/wp-content\/uploads\/ikony\/znak_FR.png\" alt=\"\" width=\"50\" height=\"50\" \/><img decoding=\"async\" src=\"https:\/\/as-schwabe.de\/wp-content\/uploads\/ikony\/znak_CE.png\" alt=\"\" width=\"50\" height=\"50\" \/><img decoding=\"async\" src=\"https:\/\/as-schwabe.de\/wp-content\/uploads\/ikony\/znak_IP20.png\" alt=\"\" width=\"50\" height=\"50\" \/><img loading=\"lazy\" decoding=\"async\" src=\"https:\/\/as-schwabe.de\/wp-content\/uploads\/ikony\/znak_D.png\" alt=\"\" width=\"50\" height=\"50\" \/><img loading=\"lazy\" decoding=\"async\" src=\"https:\/\/as-schwabe.de\/wp-content\/uploads\/ikony\/znak_DE.png\" alt=\"\" width=\"50\" height=\"40\" \/><\/div>\n<ul>\n<li>z wytrzyma\u0142\u0105, poch\u0142aniaj\u0105c\u0105 wstrz\u0105sy i ocynkowan\u0105 pojedyncz\u0105 ram\u0105 podstawy z hamulcem postojowym <\/li>\n<li>z wbudowanym wy\u0142\u0105cznikiem termicznym <\/li>\n<li>IP20: do u\u017cytku wewn\u0105trz pomieszcze\u0144 <\/li>\n<li>korpus b\u0119bna wykonany z wytrzyma\u0142ego, bardzo odpornego na uszkodzenia specjalnego tworzywa sztucznego <\/li>\n<li>z wtyczk\u0105 z uziemieniem <\/li>\n<li>rama z ergonomicznie ukszta\u0142towanym uchwytem i opatentowanym prowadzeniem kabli <\/li>\n<li>230 V, 16 A, maks. 3500 W<\/li>\n<\/ul>","protected":false},"featured_media":32218,"template":"","meta":{"inline_featured_image":false},"genre":[509],"product_cat":[510,512],"product_tag":[],"class_list":{"0":"post-33022","1":"product","2":"type-product","3":"status-publish","4":"has-post-thumbnail","6":"product_brand-as-schwabe-pl","7":"product_cat-przedluzacze-bebnowe-pl","8":"product_cat-przedluzacze-bebnowe-do-uzytku-wewnetrznego-pl","10":"first","11":"instock","12":"shipping-taxable","13":"product-type-simple"},"aioseo_notices":[],"_links":{"self":[{"href":"https:\/\/as-schwabe.de\/pl\/wp-json\/wp\/v2\/product\/33022","targetHints":{"allow":["GET"]}}],"collection":[{"href":"https:\/\/as-schwabe.de\/pl\/wp-json\/wp\/v2\/product"}],"about":[{"href":"https:\/\/as-schwabe.de\/pl\/wp-json\/wp\/v2\/types\/product"}],"version-history":[{"count":0,"href":"https:\/\/as-schwabe.de\/pl\/wp-json\/wp\/v2\/product\/33022\/revisions"}],"wp:featuredmedia":[{"embeddable":true,"href":"https:\/\/as-schwabe.de\/pl\/wp-json\/wp\/v2\/media\/32218"}],"wp:attachment":[{"href":"https:\/\/as-schwabe.de\/pl\/wp-json\/wp\/v2\/media?parent=33022"}],"wp:term":[{"taxonomy":"product_brand","embeddable":true,"href":"https:\/\/as-schwabe.de\/pl\/wp-json\/wp\/v2\/genre?post=33022"},{"taxonomy":"product_cat","embeddable":true,"href":"https:\/\/as-schwabe.de\/pl\/wp-json\/wp\/v2\/product_cat?post=33022"},{"taxonomy":"product_tag","embeddable":true,"href":"https:\/\/as-schwabe.de\/pl\/wp-json\/wp\/v2\/product_tag?post=33022"}],"curies":[{"name":"wp","href":"https:\/\/api.w.org\/{rel}","templated":true}]}}