{"id":33021,"date":"2025-09-26T23:38:29","date_gmt":"2025-09-26T23:38:29","guid":{"rendered":"https:\/\/as-schwabe.de\/?post_type=product&#038;p=33021"},"modified":"2025-10-23T00:19:59","modified_gmt":"2025-10-23T00:19:59","slug":"przedluzacz-bebnowy-plastikowy-promo-h05vv-f-3g15-25-m-ip20-z-klapka-f-811118","status":"publish","type":"product","link":"https:\/\/as-schwabe.de\/pl\/produkt\/przedluzacz-bebnowy-plastikowy-promo-h05vv-f-3g15-25-m-ip20-z-klapka-f-811118\/","title":{"rendered":"Przed\u0142u\u017cacz b\u0119bnowy plastikowy &#8211; Action z klapkami 25 m H05VV-F 3G1,5 IP20 &#8222;F&#8220; | 811118"},"content":{"rendered":"<p>Przed\u0142u\u017cacz b\u0119bnowy plastikowy 230mm\u00d8 &#8222;F&#8220; to wyj\u0105tkowo funkcjonalne rozwi\u0105zanie, stworzone z my\u015bl\u0105 o zastosowaniach wewn\u0119trznych. Wyposa\u017cony w 25 metr\u00f3w kabla H05VV-F 3G1,5, gwarantuje wygod\u0119 u\u017cytkowania oraz mo\u017cliwo\u015b\u0107 zasilania z r\u00f3\u017cnorodnych \u017ar\u00f3de\u0142. Urz\u0105dzenie oferuje cztery gniazda IP20 z klapk\u0105, umo\u017cliwiaj\u0105c jednoczesne pod\u0142\u0105czenie wielu urz\u0105dze\u0144, a jego maksymalne obci\u0105\u017cenie wynosi 230 V, 16 A, 3500 W. Dodatkow\u0105 zalet\u0105 jest metalowy stela\u017c, prowadnica do kabla oraz uchwyt z tworzywa, kt\u00f3re u\u0142atwiaj\u0105 transport i przechowywanie. Model ten jest tak\u017ce zabezpieczony termikiem, co zwi\u0119ksza bezpiecze\u0144stwo u\u017cytkowania. Idealny do dom\u00f3w, biur oraz warsztat\u00f3w, nasz przed\u0142u\u017cacz b\u0119bnowy to niezawodne wsparcie w codziennych pracach elektrycznych.<\/p>","protected":false},"excerpt":{"rendered":"<div class=\"icons\" style=\"display: flex; flex-wrap: wrap; gap: 5px; align-items: center; margin-top: 10px;\"><img decoding=\"async\" src=\"https:\/\/as-schwabe.de\/wp-content\/uploads\/ikony\/znak_FR.png\" alt=\"\" width=\"50\" height=\"50\" \/><img decoding=\"async\" src=\"https:\/\/as-schwabe.de\/wp-content\/uploads\/ikony\/znak_CE.png\" alt=\"\" width=\"50\" height=\"50\" \/><img decoding=\"async\" src=\"https:\/\/as-schwabe.de\/wp-content\/uploads\/ikony\/znak_IP20.png\" alt=\"\" width=\"50\" height=\"50\" \/><img loading=\"lazy\" decoding=\"async\" src=\"https:\/\/as-schwabe.de\/wp-content\/uploads\/ikony\/znak_D.png\" alt=\"\" width=\"50\" height=\"50\" \/><img loading=\"lazy\" decoding=\"async\" src=\"https:\/\/as-schwabe.de\/wp-content\/uploads\/ikony\/znak_DE.png\" alt=\"\" width=\"50\" height=\"40\" \/><\/div>\n<ul>\n<li>z wytrzyma\u0142\u0105, poch\u0142aniaj\u0105c\u0105 wstrz\u0105sy i ocynkowan\u0105 pojedyncz\u0105 ram\u0105 podstawy z hamulcem postojowym <\/li>\n<li> z wbudowanym wy\u0142\u0105cznikiem termicznym <\/li>\n<li> IP20: do u\u017cytku wewn\u0105trz pomieszcze\u0144 <\/li>\n<li> korpus b\u0119bna wykonany z wytrzyma\u0142ego, bardzo odpornego na uszkodzenia specjalnego tworzywa sztucznego <\/li>\n<li> z wtyczk\u0105 z uziemieniem <\/li>\n<li> rama z ergonomicznie ukszta\u0142towanym uchwytem i opatentowanym prowadzeniem kabli <\/li>\n<li> 230 V, 16 A, maks. 3500 W<\/li>\n<\/ul>","protected":false},"featured_media":32215,"template":"","meta":{"inline_featured_image":false},"genre":[509],"product_cat":[510,512],"product_tag":[],"class_list":{"0":"post-33021","1":"product","2":"type-product","3":"status-publish","4":"has-post-thumbnail","6":"product_brand-as-schwabe-pl","7":"product_cat-przedluzacze-bebnowe-pl","8":"product_cat-przedluzacze-bebnowe-do-uzytku-wewnetrznego-pl","10":"first","11":"instock","12":"shipping-taxable","13":"product-type-simple"},"aioseo_notices":[],"_links":{"self":[{"href":"https:\/\/as-schwabe.de\/pl\/wp-json\/wp\/v2\/product\/33021","targetHints":{"allow":["GET"]}}],"collection":[{"href":"https:\/\/as-schwabe.de\/pl\/wp-json\/wp\/v2\/product"}],"about":[{"href":"https:\/\/as-schwabe.de\/pl\/wp-json\/wp\/v2\/types\/product"}],"version-history":[{"count":0,"href":"https:\/\/as-schwabe.de\/pl\/wp-json\/wp\/v2\/product\/33021\/revisions"}],"wp:featuredmedia":[{"embeddable":true,"href":"https:\/\/as-schwabe.de\/pl\/wp-json\/wp\/v2\/media\/32215"}],"wp:attachment":[{"href":"https:\/\/as-schwabe.de\/pl\/wp-json\/wp\/v2\/media?parent=33021"}],"wp:term":[{"taxonomy":"product_brand","embeddable":true,"href":"https:\/\/as-schwabe.de\/pl\/wp-json\/wp\/v2\/genre?post=33021"},{"taxonomy":"product_cat","embeddable":true,"href":"https:\/\/as-schwabe.de\/pl\/wp-json\/wp\/v2\/product_cat?post=33021"},{"taxonomy":"product_tag","embeddable":true,"href":"https:\/\/as-schwabe.de\/pl\/wp-json\/wp\/v2\/product_tag?post=33021"}],"curies":[{"name":"wp","href":"https:\/\/api.w.org\/{rel}","templated":true}]}}