{"id":33019,"date":"2025-09-26T23:38:28","date_gmt":"2025-09-26T23:38:28","guid":{"rendered":"https:\/\/as-schwabe.de\/?post_type=product&#038;p=33019"},"modified":"2025-10-23T00:19:58","modified_gmt":"2025-10-23T00:19:58","slug":"przedluzacz-bebnowy-plastikowy-promo-h05vv-f-3g15-20-m-f-811103","status":"publish","type":"product","link":"https:\/\/as-schwabe.de\/pl\/produkt\/przedluzacz-bebnowy-plastikowy-promo-h05vv-f-3g15-20-m-f-811103\/","title":{"rendered":"Przed\u0142u\u017cacz b\u0119bnowy plastikowy &#8211; Action 20 m H05VV-F 3G1,5 IP20 &#8222;F&#8220; | 811103"},"content":{"rendered":"<p>Przed\u0142u\u017cacz b\u0119bnowy plastikowy 230mm\u00d8 &#8222;F&#8220; w wersji promocyjnej to idealne rozwi\u0105zanie dla os\u00f3b poszukuj\u0105cych niezawodnego \u017ar\u00f3d\u0142a zasilania w pomieszczeniach. Wyposa\u017cony w 20-metrowy kabel H05VV-F 3G1,5 oraz cztery gniazda IP20 o maksymalnym obci\u0105\u017ceniu 16 A, 230 V, 3500 W, zapewnia wygod\u0119 u\u017cytkowania i bezpiecze\u0144stwo dzi\u0119ki systemowi uziemienia. Metalowy stela\u017c oraz hamulec gwarantuj\u0105 stabilno\u015b\u0107 i \u0142atwo\u015b\u0107 w obs\u0142udze, a praktyczny uchwyt z tworzywa dodaje ergonomii. Dzi\u0119ki zastosowaniu termika, urz\u0105dzenie chroni przed przeci\u0105\u017ceniem, co zwi\u0119ksza bezpiecze\u0144stwo u\u017cytkowania. Przed\u0142u\u017cacz jest przeznaczony do u\u017cytku wewn\u0119trznego, co czyni go doskona\u0142ym wyborem do biur, warsztat\u00f3w oraz dom\u00f3w.<\/p>","protected":false},"excerpt":{"rendered":"<div class=\"icons\" style=\"display: flex; flex-wrap: wrap; gap: 5px; align-items: center; margin-top: 10px;\"><img decoding=\"async\" src=\"https:\/\/as-schwabe.de\/wp-content\/uploads\/ikony\/znak_FR.png\" alt=\"\" width=\"50\" height=\"50\" \/><img decoding=\"async\" src=\"https:\/\/as-schwabe.de\/wp-content\/uploads\/ikony\/znak_CE.png\" alt=\"\" width=\"50\" height=\"50\" \/><img decoding=\"async\" src=\"https:\/\/as-schwabe.de\/wp-content\/uploads\/ikony\/znak_IP20.png\" alt=\"\" width=\"50\" height=\"50\" \/><img loading=\"lazy\" decoding=\"async\" src=\"https:\/\/as-schwabe.de\/wp-content\/uploads\/ikony\/znak_D.png\" alt=\"\" width=\"50\" height=\"50\" \/><img loading=\"lazy\" decoding=\"async\" src=\"https:\/\/as-schwabe.de\/wp-content\/uploads\/ikony\/znak_DE.png\" alt=\"\" width=\"50\" height=\"40\" \/><\/div>\n<ul>\n<li>z wytrzyma\u0142\u0105, poch\u0142aniaj\u0105c\u0105 wstrz\u0105sy i ocynkowan\u0105 pojedyncz\u0105 ram\u0105 podstawy z hamulcem postojowym <\/li>\n<li>z wbudowanym wy\u0142\u0105cznikiem termicznym <\/li>\n<li>IP20: do u\u017cytku wewn\u0105trz pomieszcze\u0144 <\/li>\n<li>z wtyczk\u0105 z uziemieniem <\/li>\n<li>4x gniazdo z uziemieniem <\/li>\n<li>230 V, 16 A, maks. 3500 W<\/li>\n<\/ul>","protected":false},"featured_media":32212,"template":"","meta":{"inline_featured_image":false},"genre":[509],"product_cat":[510,512],"product_tag":[],"class_list":{"0":"post-33019","1":"product","2":"type-product","3":"status-publish","4":"has-post-thumbnail","6":"product_brand-as-schwabe-pl","7":"product_cat-przedluzacze-bebnowe-pl","8":"product_cat-przedluzacze-bebnowe-do-uzytku-wewnetrznego-pl","10":"first","11":"instock","12":"shipping-taxable","13":"product-type-simple"},"aioseo_notices":[],"_links":{"self":[{"href":"https:\/\/as-schwabe.de\/pl\/wp-json\/wp\/v2\/product\/33019","targetHints":{"allow":["GET"]}}],"collection":[{"href":"https:\/\/as-schwabe.de\/pl\/wp-json\/wp\/v2\/product"}],"about":[{"href":"https:\/\/as-schwabe.de\/pl\/wp-json\/wp\/v2\/types\/product"}],"version-history":[{"count":0,"href":"https:\/\/as-schwabe.de\/pl\/wp-json\/wp\/v2\/product\/33019\/revisions"}],"wp:featuredmedia":[{"embeddable":true,"href":"https:\/\/as-schwabe.de\/pl\/wp-json\/wp\/v2\/media\/32212"}],"wp:attachment":[{"href":"https:\/\/as-schwabe.de\/pl\/wp-json\/wp\/v2\/media?parent=33019"}],"wp:term":[{"taxonomy":"product_brand","embeddable":true,"href":"https:\/\/as-schwabe.de\/pl\/wp-json\/wp\/v2\/genre?post=33019"},{"taxonomy":"product_cat","embeddable":true,"href":"https:\/\/as-schwabe.de\/pl\/wp-json\/wp\/v2\/product_cat?post=33019"},{"taxonomy":"product_tag","embeddable":true,"href":"https:\/\/as-schwabe.de\/pl\/wp-json\/wp\/v2\/product_tag?post=33019"}],"curies":[{"name":"wp","href":"https:\/\/api.w.org\/{rel}","templated":true}]}}