{"id":33017,"date":"2025-09-26T23:38:28","date_gmt":"2025-09-26T23:38:28","guid":{"rendered":"https:\/\/as-schwabe.de\/?post_type=product&#038;p=33017"},"modified":"2025-10-23T00:19:58","modified_gmt":"2025-10-23T00:19:58","slug":"przedluzacz-bebnowy-plastikowy-promo-h05vv-f-3g15-50-m-f-811101","status":"publish","type":"product","link":"https:\/\/as-schwabe.de\/pl\/produkt\/przedluzacz-bebnowy-plastikowy-promo-h05vv-f-3g15-50-m-f-811101\/","title":{"rendered":"Przed\u0142u\u017cacz b\u0119bnowy plastikowy &#8211; Action 50 m H05VV-F 3G1,5 IP20 &#8222;F&#8220; | 811101"},"content":{"rendered":"<p>Przed\u0142u\u017cacz b\u0119bnowy plastikowy o \u015brednicy 285 mm, model promocyjny, to idealne rozwi\u0105zanie dla u\u017cytkownik\u00f3w poszukuj\u0105cych mobilnego zasilania w pomieszczeniach. Wyposa\u017cony w przew\u00f3d H05VV-F 3G1,5 o d\u0142ugo\u015bci 50 m i wtyczk\u0119 IP20, zapewnia bezpieczne zasilanie o napi\u0119ciu 230 V i nat\u0119\u017ceniu 16 A. Produkt zawiera trzy gniazda IP20 z uziemieniem, a tak\u017ce zabezpieczenie termiczne, co wp\u0142ywa na zwi\u0119kszenie bezpiecze\u0144stwa u\u017cytkowania. Metalowy stela\u017c oraz plastikowa szpula w kolorze czarnym gwarantuj\u0105 nie tylko trwa\u0142o\u015b\u0107, ale tak\u017ce wygod\u0119 w transporcie dzi\u0119ki uchwytowi z tworzywa. Dodatkowo, wbudowany hamulec pozwala na stabilne u\u017cytkowanie, co czyni ten przed\u0142u\u017cacz praktycznym rozwi\u0105zaniem w r\u00f3\u017cnych zastosowaniach wewn\u0119trznych.<\/p>","protected":false},"excerpt":{"rendered":"<div class=\"icons\" style=\"display: flex; flex-wrap: wrap; gap: 5px; align-items: center; margin-top: 10px;\"><img decoding=\"async\" src=\"https:\/\/as-schwabe.de\/wp-content\/uploads\/ikony\/znak_FR.png\" alt=\"\" width=\"50\" height=\"50\" \/><img decoding=\"async\" src=\"https:\/\/as-schwabe.de\/wp-content\/uploads\/ikony\/znak_CE.png\" alt=\"\" width=\"50\" height=\"50\" \/><img decoding=\"async\" src=\"https:\/\/as-schwabe.de\/wp-content\/uploads\/ikony\/znak_IP20.png\" alt=\"\" width=\"50\" height=\"50\" \/><img loading=\"lazy\" decoding=\"async\" src=\"https:\/\/as-schwabe.de\/wp-content\/uploads\/ikony\/znak_D.png\" alt=\"\" width=\"50\" height=\"50\" \/><img loading=\"lazy\" decoding=\"async\" src=\"https:\/\/as-schwabe.de\/wp-content\/uploads\/ikony\/znak_DE.png\" alt=\"\" width=\"50\" height=\"40\" \/><\/div>\n<ul>\n<li>z wytrzyma\u0142\u0105, poch\u0142aniaj\u0105c\u0105 wstrz\u0105sy i ocynkowan\u0105 pojedyncz\u0105 ram\u0105 podstawy z hamulcem postojowym <\/li>\n<li>z wbudowanym wy\u0142\u0105cznikiem termicznym <\/li>\n<li>IP20: do u\u017cytku wewn\u0105trz pomieszcze\u0144 <\/li>\n<li>z wtyczk\u0105 z uziemieniem <\/li>\n<li>4x gniazdo z uziemieniem <\/li>\n<li>230 V, 16 A, maks. 3500 W<\/li>\n<\/ul>","protected":false},"featured_media":32210,"template":"","meta":{"inline_featured_image":false},"genre":[509],"product_cat":[510,512],"product_tag":[],"class_list":{"0":"post-33017","1":"product","2":"type-product","3":"status-publish","4":"has-post-thumbnail","6":"product_brand-as-schwabe-pl","7":"product_cat-przedluzacze-bebnowe-pl","8":"product_cat-przedluzacze-bebnowe-do-uzytku-wewnetrznego-pl","10":"first","11":"instock","12":"shipping-taxable","13":"product-type-simple"},"aioseo_notices":[],"_links":{"self":[{"href":"https:\/\/as-schwabe.de\/pl\/wp-json\/wp\/v2\/product\/33017","targetHints":{"allow":["GET"]}}],"collection":[{"href":"https:\/\/as-schwabe.de\/pl\/wp-json\/wp\/v2\/product"}],"about":[{"href":"https:\/\/as-schwabe.de\/pl\/wp-json\/wp\/v2\/types\/product"}],"version-history":[{"count":0,"href":"https:\/\/as-schwabe.de\/pl\/wp-json\/wp\/v2\/product\/33017\/revisions"}],"wp:featuredmedia":[{"embeddable":true,"href":"https:\/\/as-schwabe.de\/pl\/wp-json\/wp\/v2\/media\/32210"}],"wp:attachment":[{"href":"https:\/\/as-schwabe.de\/pl\/wp-json\/wp\/v2\/media?parent=33017"}],"wp:term":[{"taxonomy":"product_brand","embeddable":true,"href":"https:\/\/as-schwabe.de\/pl\/wp-json\/wp\/v2\/genre?post=33017"},{"taxonomy":"product_cat","embeddable":true,"href":"https:\/\/as-schwabe.de\/pl\/wp-json\/wp\/v2\/product_cat?post=33017"},{"taxonomy":"product_tag","embeddable":true,"href":"https:\/\/as-schwabe.de\/pl\/wp-json\/wp\/v2\/product_tag?post=33017"}],"curies":[{"name":"wp","href":"https:\/\/api.w.org\/{rel}","templated":true}]}}