{"id":32986,"date":"2025-09-26T23:38:04","date_gmt":"2025-09-26T23:38:04","guid":{"rendered":"https:\/\/as-schwabe.de\/?post_type=product&#038;p=32986"},"modified":"2025-10-23T00:19:55","modified_gmt":"2025-10-23T00:19:55","slug":"przedluzacz-bebnowy-plastikowy-h05vv-f-3g15-15-m-f-810180","status":"publish","type":"product","link":"https:\/\/as-schwabe.de\/pl\/produkt\/przedluzacz-bebnowy-plastikowy-h05vv-f-3g15-15-m-f-810180\/","title":{"rendered":"Przed\u0142u\u017cacz b\u0119bnowy plastikowy &#8211; Action 15 m H05VV-F 3G1,5 IP20 &#8222;F&#8220; | 810180"},"content":{"rendered":"<p>Przed\u0142u\u017cacz b\u0119bnowy plastikowy 180mm\u00d8 &#8222;F&#8220; to niezawodne rozwi\u0105zanie do zasilania urz\u0105dze\u0144 elektrycznych w r\u00f3\u017cnych aplikacjach wewn\u0119trznych. Wyposa\u017cony w 15-metrowy kabel H05VV-F 3G1,5, oferuje cztery gniazda IP20 z uziemieniem, co pozwala na wygodne pod\u0142\u0105czenie wielu urz\u0105dze\u0144 jednocze\u015bnie. Solidna metalowa konstrukcja stela\u017ca oraz praktyczny hamulec zapewniaj\u0105 stabilno\u015b\u0107 podczas u\u017cytkowania, a zintegrowany termik chroni przed przeci\u0105\u017ceniami. Przed\u0142u\u017cacz jest dostosowany do pracy w warunkach domowych i biurowych, co czyni go idealnym wyborem dla os\u00f3b poszukuj\u0105cych funkcjonalnego i bezpiecznego rozwi\u0105zania do zasilania. Jego czarny kolor i estetyczne wyko\u0144czenie sprawiaj\u0105, \u017ce doskonale wpasuje si\u0119 w ka\u017cde wn\u0119trze.<\/p>","protected":false},"excerpt":{"rendered":"<div class=\"icons\" style=\"display: flex; flex-wrap: wrap; gap: 5px; align-items: center; margin-top: 10px;\"><img decoding=\"async\" src=\"https:\/\/as-schwabe.de\/wp-content\/uploads\/ikony\/znak_FR.png\" alt=\"\" width=\"50\" height=\"50\" \/><img decoding=\"async\" src=\"https:\/\/as-schwabe.de\/wp-content\/uploads\/ikony\/znak_CE.png\" alt=\"\" width=\"50\" height=\"50\" \/><img decoding=\"async\" src=\"https:\/\/as-schwabe.de\/wp-content\/uploads\/ikony\/znak_IP20.png\" alt=\"\" width=\"50\" height=\"50\" \/><img loading=\"lazy\" decoding=\"async\" src=\"https:\/\/as-schwabe.de\/wp-content\/uploads\/ikony\/znak_D.png\" alt=\"\" width=\"50\" height=\"50\" \/><img loading=\"lazy\" decoding=\"async\" src=\"https:\/\/as-schwabe.de\/wp-content\/uploads\/ikony\/znak_DE.png\" alt=\"\" width=\"50\" height=\"40\" \/><\/div>\n<ul>\n<li>z wytrzyma\u0142\u0105, poch\u0142aniaj\u0105c\u0105 wstrz\u0105sy i ocynkowan\u0105 pojedyncz\u0105 ram\u0105 podstawy z hamulcem postojowym <\/li>\n<li>z wbudowanym wy\u0142\u0105cznikiem termicznym <\/li>\n<li>IP20: do u\u017cytku wewn\u0105trz pomieszcze\u0144 <\/li>\n<li>z wtyczk\u0105 z uziemieniem <\/li>\n<li>4x gniazdo z uziemieniem <\/li>\n<li>230 V, 16 A, maks. 3500 W<\/li>\n<\/ul>","protected":false},"featured_media":32196,"template":"","meta":{"inline_featured_image":false},"genre":[509],"product_cat":[510,512],"product_tag":[],"class_list":{"0":"post-32986","1":"product","2":"type-product","3":"status-publish","4":"has-post-thumbnail","6":"product_brand-as-schwabe-pl","7":"product_cat-przedluzacze-bebnowe-pl","8":"product_cat-przedluzacze-bebnowe-do-uzytku-wewnetrznego-pl","10":"first","11":"instock","12":"shipping-taxable","13":"product-type-simple"},"aioseo_notices":[],"_links":{"self":[{"href":"https:\/\/as-schwabe.de\/pl\/wp-json\/wp\/v2\/product\/32986","targetHints":{"allow":["GET"]}}],"collection":[{"href":"https:\/\/as-schwabe.de\/pl\/wp-json\/wp\/v2\/product"}],"about":[{"href":"https:\/\/as-schwabe.de\/pl\/wp-json\/wp\/v2\/types\/product"}],"version-history":[{"count":0,"href":"https:\/\/as-schwabe.de\/pl\/wp-json\/wp\/v2\/product\/32986\/revisions"}],"wp:featuredmedia":[{"embeddable":true,"href":"https:\/\/as-schwabe.de\/pl\/wp-json\/wp\/v2\/media\/32196"}],"wp:attachment":[{"href":"https:\/\/as-schwabe.de\/pl\/wp-json\/wp\/v2\/media?parent=32986"}],"wp:term":[{"taxonomy":"product_brand","embeddable":true,"href":"https:\/\/as-schwabe.de\/pl\/wp-json\/wp\/v2\/genre?post=32986"},{"taxonomy":"product_cat","embeddable":true,"href":"https:\/\/as-schwabe.de\/pl\/wp-json\/wp\/v2\/product_cat?post=32986"},{"taxonomy":"product_tag","embeddable":true,"href":"https:\/\/as-schwabe.de\/pl\/wp-json\/wp\/v2\/product_tag?post=32986"}],"curies":[{"name":"wp","href":"https:\/\/api.w.org\/{rel}","templated":true}]}}