{"id":32985,"date":"2025-09-26T23:38:04","date_gmt":"2025-09-26T23:38:04","guid":{"rendered":"https:\/\/as-schwabe.de\/?post_type=product&#038;p=32985"},"modified":"2025-10-23T00:19:55","modified_gmt":"2025-10-23T00:19:55","slug":"przedluzacz-bebnowy-plastikowy-cee-powerlight-h07rn-f-3g25-25-m-f-810176","status":"publish","type":"product","link":"https:\/\/as-schwabe.de\/pl\/produkt\/przedluzacz-bebnowy-plastikowy-cee-powerlight-h07rn-f-3g25-25-m-f-810176\/","title":{"rendered":"Przed\u0142u\u017cacz b\u0119bnowy plastikowy CEE kempingowy 25 m H07RN-F 3G2,5 IP44 &#8222;F&#8220; | 810176"},"content":{"rendered":"<p>Przed\u0142u\u017cacz b\u0119bnowy plastikowy CEE kempingowy o \u015brednicy 285 mm to wszechstronne rozwi\u0105zanie, idealne do u\u017cytku na zewn\u0105trz. Dzi\u0119ki d\u0142ugo\u015bci przewodu wynosz\u0105cej 25 m oraz solidnej wtyczce CEE 230 V, 16 A, zapewnia stabilne zasilanie z maksymaln\u0105 moc\u0105 3500 W. Wyposa\u017cony w dwa gniazda z klapk\u0105 i uziemieniem oraz jedno gniazdo CEE, oferuje wygod\u0119 w pod\u0142\u0105czaniu r\u00f3\u017cnych urz\u0105dze\u0144. Ergonomiczny uchwyt oraz ocynkowana rama podstawy gwarantuj\u0105 \u0142atwo\u015b\u0107 transportu i stabilno\u015b\u0107, a plastikowa prowadnica do kabli zapewnia porz\u0105dek podczas u\u017cytkowania. Dodatkowo, funkcja sygnalizacji napi\u0119cia Powerlight oraz klasyfikacja IP44 czyni\u0105 go bezpiecznym wyborem dla amator\u00f3w kemping\u00f3w i wszelkich prac na \u015bwie\u017cym powietrzu.<\/p>","protected":false},"excerpt":{"rendered":"<div class=\"icons\" style=\"display: flex; flex-wrap: wrap; gap: 5px; align-items: center; margin-top: 10px;\"><img decoding=\"async\" src=\"https:\/\/as-schwabe.de\/wp-content\/uploads\/ikony\/znak_FR.png\" alt=\"\" width=\"50\" height=\"50\" \/><img decoding=\"async\" src=\"https:\/\/as-schwabe.de\/wp-content\/uploads\/ikony\/znak_CE.png\" alt=\"\" width=\"50\" height=\"50\" \/><img decoding=\"async\" src=\"https:\/\/as-schwabe.de\/wp-content\/uploads\/ikony\/znak_IP44.png\" alt=\"\" width=\"50\" height=\"50\" \/><img loading=\"lazy\" decoding=\"async\" src=\"https:\/\/as-schwabe.de\/wp-content\/uploads\/ikony\/znak_POWERLIGHT.png\" alt=\"\" width=\"90\" height=\"50\" \/><img loading=\"lazy\" decoding=\"async\" src=\"https:\/\/as-schwabe.de\/wp-content\/uploads\/ikony\/znak_Z.png\" alt=\"\" width=\"50\" height=\"50\" \/><img loading=\"lazy\" decoding=\"async\" src=\"https:\/\/as-schwabe.de\/wp-content\/uploads\/ikony\/znak_D.png\" alt=\"\" width=\"50\" height=\"50\" \/><img loading=\"lazy\" decoding=\"async\" src=\"https:\/\/as-schwabe.de\/wp-content\/uploads\/ikony\/znak_DE.png\" alt=\"\" width=\"50\" height=\"40\" \/><\/div>\n<ul>\n<li>z wytrzyma\u0142\u0105, poch\u0142aniaj\u0105c\u0105 wstrz\u0105sy i ocynkowan\u0105 pojedyncz\u0105 ram\u0105 podstawy z hamulcem postojowym <\/li>\n<li>z ergonomicznym uchwytem <\/li>\n<li>z wtyczk\u0105 CEE 230 V, 16 A, 3P z sygnalizacj\u0105 napi\u0119cia \u201ePowerlight\u201d <\/li>\n<li>1x gniazdo CEE z uchyln\u0105 z klapk\u0105 230 V, 16 A, 3P<\/li>\n<\/ul>","protected":false},"featured_media":32191,"template":"","meta":{"inline_featured_image":false},"genre":[509],"product_cat":[515,516],"product_tag":[],"class_list":{"0":"post-32985","1":"product","2":"type-product","3":"status-publish","4":"has-post-thumbnail","6":"product_brand-as-schwabe-pl","7":"product_cat-kemping-i-caravaning-pl","8":"product_cat-przedluzacze-bebnowe-kemping-i-caravaning-pl","10":"first","11":"instock","12":"shipping-taxable","13":"product-type-simple"},"aioseo_notices":[],"_links":{"self":[{"href":"https:\/\/as-schwabe.de\/pl\/wp-json\/wp\/v2\/product\/32985","targetHints":{"allow":["GET"]}}],"collection":[{"href":"https:\/\/as-schwabe.de\/pl\/wp-json\/wp\/v2\/product"}],"about":[{"href":"https:\/\/as-schwabe.de\/pl\/wp-json\/wp\/v2\/types\/product"}],"version-history":[{"count":0,"href":"https:\/\/as-schwabe.de\/pl\/wp-json\/wp\/v2\/product\/32985\/revisions"}],"wp:featuredmedia":[{"embeddable":true,"href":"https:\/\/as-schwabe.de\/pl\/wp-json\/wp\/v2\/media\/32191"}],"wp:attachment":[{"href":"https:\/\/as-schwabe.de\/pl\/wp-json\/wp\/v2\/media?parent=32985"}],"wp:term":[{"taxonomy":"product_brand","embeddable":true,"href":"https:\/\/as-schwabe.de\/pl\/wp-json\/wp\/v2\/genre?post=32985"},{"taxonomy":"product_cat","embeddable":true,"href":"https:\/\/as-schwabe.de\/pl\/wp-json\/wp\/v2\/product_cat?post=32985"},{"taxonomy":"product_tag","embeddable":true,"href":"https:\/\/as-schwabe.de\/pl\/wp-json\/wp\/v2\/product_tag?post=32985"}],"curies":[{"name":"wp","href":"https:\/\/api.w.org\/{rel}","templated":true}]}}