{"id":32980,"date":"2025-09-26T23:38:03","date_gmt":"2025-09-26T23:38:03","guid":{"rendered":"https:\/\/as-schwabe.de\/?post_type=product&#038;p=32980"},"modified":"2025-10-23T00:19:52","modified_gmt":"2025-10-23T00:19:52","slug":"adapter-cee-powerlight-wtyk-cee-3p-na-gniazdo-uk-cee-230-v-16-a-3p-h05vv-f-3g15-15-m-660488","status":"publish","type":"product","link":"https:\/\/as-schwabe.de\/pl\/produkt\/adapter-cee-powerlight-wtyk-cee-3p-na-gniazdo-uk-cee-230-v-16-a-3p-h05vv-f-3g15-15-m-660488\/","title":{"rendered":"Przed\u0142u\u017cacz adapter CEE 230 V, 13 A, 3P wtyczka CEE 3P PowerLight na gniazdo UK BS1363 13A 1,5 m H05VV-F 3G1,5 POM | 660488"},"content":{"rendered":"<p>Przed\u0142u\u017cacz adapter CEE 230 V, 16 A, 3P o d\u0142ugo\u015bci 1,5 m to niezawodne rozwi\u0105zanie dla profesjonalnych zastosowa\u0144 w energetyce i budownictwie. Wyposa\u017cony w pomara\u0144czow\u0105 wtyczk\u0119 CEE oraz sygnalizacj\u0119 napi\u0119cia Powerlight, zapewnia bezpiecze\u0144stwo i \u0142atwo\u015b\u0107 w monitorowaniu dostarczanego pr\u0105du. W zestawie znajduje si\u0119 ta\u015bma Velcro z metalowym uszkiem, umo\u017cliwiaj\u0105ca wygodne zawieszanie, co zwi\u0119ksza ergonomi\u0119 i porz\u0105dek w miejscu pracy. Wyj\u015bcie z pojedynczym gniazdem BS1363 o maksymalnym obci\u0105\u017ceniu 230 V, 13 A zapewnia wszechstronno\u015b\u0107 zastosowa\u0144, a solidna konstrukcja gwarantuje d\u0142ugotrwa\u0142e u\u017cytkowanie w trudnych warunkach. Niezb\u0119dny wyb\u00f3r dla ka\u017cdego, kto potrzebuje efektywnego i bezpiecznego zasilania.<\/p>","protected":false},"excerpt":{"rendered":"<div class=\"icons\" style=\"display: flex; flex-wrap: wrap; gap: 5px; align-items: center; margin-top: 10px;\"><img decoding=\"async\" src=\"https:\/\/as-schwabe.de\/wp-content\/uploads\/ikony\/znak_CE.png\" alt=\"\" width=\"50\" height=\"50\" \/><img decoding=\"async\" src=\"https:\/\/as-schwabe.de\/wp-content\/uploads\/ikony\/znak_POWERLIGHT.png\" alt=\"\" width=\"90\" height=\"50\" \/><\/div>\n<ul>\n<li>Wtyczka CEE 230 V, 16 A, 3P z sygnalizacj\u0105 napi\u0119cia \u201ePowerlight\u201d i gniazdo brytyjskie BS1363 250 V, 13 A, 3P<\/li>\n<\/ul>","protected":false},"featured_media":32166,"template":"","meta":{"inline_featured_image":false},"genre":[509],"product_cat":[515,576],"product_tag":[],"class_list":{"0":"post-32980","1":"product","2":"type-product","3":"status-publish","4":"has-post-thumbnail","6":"product_brand-as-schwabe-pl","7":"product_cat-kemping-i-caravaning-pl","8":"product_cat-adaptery-pl","10":"first","11":"instock","12":"shipping-taxable","13":"product-type-simple"},"aioseo_notices":[],"_links":{"self":[{"href":"https:\/\/as-schwabe.de\/pl\/wp-json\/wp\/v2\/product\/32980","targetHints":{"allow":["GET"]}}],"collection":[{"href":"https:\/\/as-schwabe.de\/pl\/wp-json\/wp\/v2\/product"}],"about":[{"href":"https:\/\/as-schwabe.de\/pl\/wp-json\/wp\/v2\/types\/product"}],"version-history":[{"count":0,"href":"https:\/\/as-schwabe.de\/pl\/wp-json\/wp\/v2\/product\/32980\/revisions"}],"wp:featuredmedia":[{"embeddable":true,"href":"https:\/\/as-schwabe.de\/pl\/wp-json\/wp\/v2\/media\/32166"}],"wp:attachment":[{"href":"https:\/\/as-schwabe.de\/pl\/wp-json\/wp\/v2\/media?parent=32980"}],"wp:term":[{"taxonomy":"product_brand","embeddable":true,"href":"https:\/\/as-schwabe.de\/pl\/wp-json\/wp\/v2\/genre?post=32980"},{"taxonomy":"product_cat","embeddable":true,"href":"https:\/\/as-schwabe.de\/pl\/wp-json\/wp\/v2\/product_cat?post=32980"},{"taxonomy":"product_tag","embeddable":true,"href":"https:\/\/as-schwabe.de\/pl\/wp-json\/wp\/v2\/product_tag?post=32980"}],"curies":[{"name":"wp","href":"https:\/\/api.w.org\/{rel}","templated":true}]}}