{"id":32976,"date":"2025-09-26T23:38:02","date_gmt":"2025-09-26T23:38:02","guid":{"rendered":"https:\/\/as-schwabe.de\/?post_type=product&#038;p=32976"},"modified":"2025-10-23T00:19:51","modified_gmt":"2025-10-23T00:19:51","slug":"latarka-led-w-kluczyku-ekspozytor-promo-24-szt-99456","status":"publish","type":"product","link":"https:\/\/as-schwabe.de\/pl\/produkt\/latarka-led-w-kluczyku-ekspozytor-promo-24-szt-99456\/","title":{"rendered":"Latarka LED w kluczyku &#8211; ekspozytor promocyjny 24 szt. | 99456"},"content":{"rendered":"<p>Latarka LED w kluczyku to praktyczne i funkcjonalne rozwi\u0105zanie, kt\u00f3re zawsze mo\u017cesz mie\u0107 pod r\u0119k\u0105. Wyposa\u017cona w wydajn\u0105 diod\u0119 LED o mocy 0,5 W, generuje strumie\u0144 \u015bwietlny o jasno\u015bci 50 lumen\u00f3w przy temperaturze barwowej 7500K, co zapewnia doskona\u0142\u0105 widoczno\u015b\u0107 w ciemno\u015bciach. Dzi\u0119ki dw\u00f3m poziomom \u015bwiecenia (miganie oraz pe\u0142na moc), latarka dostosowuje si\u0119 do r\u00f3\u017cnych potrzeb u\u017cytkownika. Zasilana dwoma bateriami CR2032, zapewnia d\u0142ugotrwa\u0142e dzia\u0142anie. Jej lekka obudowa z tworzywa sztucznego oraz praktyczne k\u00f3\u0142ko na klucze sprawiaj\u0105, \u017ce jest zawsze pod r\u0119k\u0105 \u2013 idealna do noszenia w kieszeni, torebce czy na breloczku. Latarka LED w kluczyku to nie tylko wyj\u0105tkowa funkcjonalno\u015b\u0107, ale tak\u017ce gwarancja bezpiecze\u0144stwa w ka\u017cdej sytuacji.<\/p>","protected":false},"excerpt":{"rendered":"<div class=\"icons\" style=\"display: flex; flex-wrap: wrap; gap: 5px; align-items: center; margin-top: 10px;\"><img decoding=\"async\" src=\"https:\/\/as-schwabe.de\/wp-content\/uploads\/ikony\/znak_CE.png\" alt=\"\" width=\"50\" height=\"50\" \/><img decoding=\"async\" src=\"https:\/\/as-schwabe.de\/wp-content\/uploads\/ikony\/znak_LED.png\" alt=\"\" width=\"50\" height=\"50\" \/><img decoding=\"async\" src=\"https:\/\/as-schwabe.de\/wp-content\/uploads\/ikony\/znak_D.png\" alt=\"\" width=\"50\" height=\"50\" \/><\/div>\n<ul>\n<li>Lampka LED w kluczyku \u2013 ekspozytor promocyjny <\/li>\n<li>ekspozytor promocyjny z 24 mini lampkami r\u0119cznymi jako brelokami do umieszczenia przy stanowisku sprzeda\u017cy lub w strefie kas <\/li>\n<li>maj\u0105c taki breloczek do kluczy, zawsze masz przy sobie por\u0119czn\u0105 latark\u0119 <\/li>\n<li>o\u015bwietlenie klawiszy LED o mocy 0,5 W <\/li>\n<li>moc \u015bwietlna: ok. 50 lm <\/li>\n<li>temperatura barwowa: 7500 K (\u015bwiat\u0142o dzienne) <\/li>\n<li>z 3 poziomami prze\u0142\u0105czania: 100% \/ miganie \/ wy\u0142\u0105czony <\/li>\n<li>w zestawie dwie baterie CR2032 <\/li>\n<li>kolor niebieski<\/li>\n<\/ul>","protected":false},"featured_media":32152,"template":"","meta":{"inline_featured_image":false},"genre":[509],"product_cat":[547],"product_tag":[],"class_list":{"0":"post-32976","1":"product","2":"type-product","3":"status-publish","4":"has-post-thumbnail","6":"product_brand-as-schwabe-pl","7":"product_cat-oswietlenie-2-pl","9":"first","10":"instock","11":"shipping-taxable","12":"product-type-simple"},"aioseo_notices":[],"_links":{"self":[{"href":"https:\/\/as-schwabe.de\/pl\/wp-json\/wp\/v2\/product\/32976","targetHints":{"allow":["GET"]}}],"collection":[{"href":"https:\/\/as-schwabe.de\/pl\/wp-json\/wp\/v2\/product"}],"about":[{"href":"https:\/\/as-schwabe.de\/pl\/wp-json\/wp\/v2\/types\/product"}],"version-history":[{"count":0,"href":"https:\/\/as-schwabe.de\/pl\/wp-json\/wp\/v2\/product\/32976\/revisions"}],"wp:featuredmedia":[{"embeddable":true,"href":"https:\/\/as-schwabe.de\/pl\/wp-json\/wp\/v2\/media\/32152"}],"wp:attachment":[{"href":"https:\/\/as-schwabe.de\/pl\/wp-json\/wp\/v2\/media?parent=32976"}],"wp:term":[{"taxonomy":"product_brand","embeddable":true,"href":"https:\/\/as-schwabe.de\/pl\/wp-json\/wp\/v2\/genre?post=32976"},{"taxonomy":"product_cat","embeddable":true,"href":"https:\/\/as-schwabe.de\/pl\/wp-json\/wp\/v2\/product_cat?post=32976"},{"taxonomy":"product_tag","embeddable":true,"href":"https:\/\/as-schwabe.de\/pl\/wp-json\/wp\/v2\/product_tag?post=32976"}],"curies":[{"name":"wp","href":"https:\/\/api.w.org\/{rel}","templated":true}]}}