{"id":32975,"date":"2025-09-26T23:38:02","date_gmt":"2025-09-26T23:38:02","guid":{"rendered":"https:\/\/as-schwabe.de\/?post_type=product&#038;p=32975"},"modified":"2025-10-23T00:19:50","modified_gmt":"2025-10-23T00:19:50","slug":"latarka-mini-led-ekspozytor-promo-20-szt-99455","status":"publish","type":"product","link":"https:\/\/as-schwabe.de\/pl\/produkt\/latarka-mini-led-ekspozytor-promo-20-szt-99455\/","title":{"rendered":"Latarka MINI LED &#8211; ekspozytor promocyjny 20 szt. &#8211; 150 lm | 99455"},"content":{"rendered":"<p>Latarka MINI LED to kompaktowe, akumulatorowe \u017ar\u00f3d\u0142o \u015bwiat\u0142a, idealne do codziennego u\u017cytku oraz zastosowa\u0144 outdoorowych. Wyposa\u017cona w wydajny wbudowany akumulator Li-Ion 3,7 V 400 mAh, zapewnia moc \u015bwietln\u0105 na poziomie 150 lm oraz mo\u017cliwo\u015b\u0107 pracy w trzech trybach \u015bwiecenia: miganie, 100% oraz pasek COB. Aluminiowa obudowa gwarantuje trwa\u0142o\u015b\u0107 i odporno\u015b\u0107 na uszkodzenia, a do\u0142\u0105czone k\u00f3\u0142ko na klucze zwi\u0119ksza jej mobilno\u015b\u0107. Czas \u0142adowania wynosi zaledwie 2 godziny, a w zestawie znajduje si\u0119 przew\u00f3d micro USB typu A, co u\u0142atwia do\u0142adowanie. Latarka MINI LED to doskona\u0142e rozwi\u0105zanie dla os\u00f3b poszukuj\u0105cych praktycznego i wydajnego o\u015bwietlenia w compactowym formacie.<\/p>","protected":false},"excerpt":{"rendered":"<div class=\"icons\" style=\"display: flex; flex-wrap: wrap; gap: 5px; align-items: center; margin-top: 10px;\"><img decoding=\"async\" src=\"https:\/\/as-schwabe.de\/wp-content\/uploads\/ikony\/znak_CE.png\" alt=\"\" width=\"50\" height=\"50\" \/><img decoding=\"async\" src=\"https:\/\/as-schwabe.de\/wp-content\/uploads\/ikony\/znak_LED.png\" alt=\"\" width=\"50\" height=\"50\" \/><img decoding=\"async\" src=\"https:\/\/as-schwabe.de\/wp-content\/uploads\/ikony\/znak_D.png\" alt=\"\" width=\"50\" height=\"50\" \/><\/div>\n<ul>\n<li>Lampka MINI LED \u2013 ekspozytor promocyjny <\/li>\n<li>ekspozytor promocyjny z 20 mini lampkami r\u0119cznymi jako brelokami do umieszczenia przy stanowisku sprzeda\u017cy lub w strefie kas <\/li>\n<li>maj\u0105c latark\u0119 MINI LED na breloczku, zawsze masz przy sobie por\u0119czne \u017ar\u00f3d\u0142o \u015bwiat\u0142a <\/li>\n<li>akumulator <\/li>\n<li>\u015bwiat\u0142o g\u0142\u00f3wne: 150 lm <\/li>\n<li>\u015bwiat\u0142o boczne: 120 lm <\/li>\n<li>czas \u0142adowania: ok. 2 h <\/li>\n<li>bateria: 3,7 V, 400 mAh <\/li>\n<li>z kablem \u0142aduj\u0105cym USB A na micro USB <\/li>\n<li>z k\u00f3\u0142kiem na klucze <\/li>\n<li>kolor czarny<\/li>\n<\/ul>","protected":false},"featured_media":32143,"template":"","meta":{"inline_featured_image":false},"genre":[509],"product_cat":[547],"product_tag":[],"class_list":{"0":"post-32975","1":"product","2":"type-product","3":"status-publish","4":"has-post-thumbnail","6":"product_brand-as-schwabe-pl","7":"product_cat-oswietlenie-2-pl","9":"first","10":"instock","11":"shipping-taxable","12":"product-type-simple"},"aioseo_notices":[],"_links":{"self":[{"href":"https:\/\/as-schwabe.de\/pl\/wp-json\/wp\/v2\/product\/32975","targetHints":{"allow":["GET"]}}],"collection":[{"href":"https:\/\/as-schwabe.de\/pl\/wp-json\/wp\/v2\/product"}],"about":[{"href":"https:\/\/as-schwabe.de\/pl\/wp-json\/wp\/v2\/types\/product"}],"version-history":[{"count":0,"href":"https:\/\/as-schwabe.de\/pl\/wp-json\/wp\/v2\/product\/32975\/revisions"}],"wp:featuredmedia":[{"embeddable":true,"href":"https:\/\/as-schwabe.de\/pl\/wp-json\/wp\/v2\/media\/32143"}],"wp:attachment":[{"href":"https:\/\/as-schwabe.de\/pl\/wp-json\/wp\/v2\/media?parent=32975"}],"wp:term":[{"taxonomy":"product_brand","embeddable":true,"href":"https:\/\/as-schwabe.de\/pl\/wp-json\/wp\/v2\/genre?post=32975"},{"taxonomy":"product_cat","embeddable":true,"href":"https:\/\/as-schwabe.de\/pl\/wp-json\/wp\/v2\/product_cat?post=32975"},{"taxonomy":"product_tag","embeddable":true,"href":"https:\/\/as-schwabe.de\/pl\/wp-json\/wp\/v2\/product_tag?post=32975"}],"curies":[{"name":"wp","href":"https:\/\/api.w.org\/{rel}","templated":true}]}}