{"id":32974,"date":"2025-09-26T23:38:02","date_gmt":"2025-09-26T23:38:02","guid":{"rendered":"https:\/\/as-schwabe.de\/?post_type=product&#038;p=32974"},"modified":"2025-10-23T00:19:49","modified_gmt":"2025-10-23T00:19:49","slug":"lampa-led-fan-10w-ekspozytor-promo-10-szt-99437","status":"publish","type":"product","link":"https:\/\/as-schwabe.de\/pl\/produkt\/lampa-led-fan-10w-ekspozytor-promo-10-szt-99437\/","title":{"rendered":"Lampa LED FAN 10W &#8211; ekspozytor promocyjny 10 szt. &#8211; 1000 lm | 99437"},"content":{"rendered":"<p>Lampa LED FAN 10W to wszechstronny ekspozytor promocyjny, kt\u00f3ry \u0142\u0105czy funkcjonalno\u015b\u0107 z nowoczesnym designem. Zasilana przez wbudowany akumulator Li-Ion 3,7 V (2x 1200 mAh), oferuje imponuj\u0105c\u0105 moc \u015bwietln\u0105 wynosz\u0105c\u0105 1000 lm przy temperaturze barwowej 6500K, co zapewnia jasne i efektywne o\u015bwietlenie. Dzi\u0119ki regulacji wspornika o 180\u00b0 oraz wbudowanemu hakowi i magnesowi w podstaw\u0119, lampa doskonale sprawdzi si\u0119 w r\u00f3\u017cnych warunkach, umo\u017cliwiaj\u0105c \u0142atwe zawieszenie lub umiejscowienie przyci\u0105gaj\u0105ce uwag\u0119. U\u017cytkownicy mog\u0105 korzysta\u0107 z trzech poziom\u00f3w \u015bwiecenia (miganie, 50%, 100%), co pozwala na dostosowanie intensywno\u015bci \u015bwiat\u0142a do indywidualnych potrzeb. Czas \u0142adowania wynosz\u0105cy zaledwie 2 godziny oraz funkcja powerbanku z wbudowanym portem USB-A sprawiaj\u0105, \u017ce lampa jest niezwykle praktycznym rozwi\u0105zaniem, idealnym do zastosowa\u0144 zar\u00f3wno wewn\u0119trznych, jak i zewn\u0119trznych. W zestawie znajduje si\u0119 przew\u00f3d micro USB typu C, co u\u0142atwia korzystanie z urz\u0105dzenia.<\/p>","protected":false},"excerpt":{"rendered":"<div class=\"icons\" style=\"display: flex; flex-wrap: wrap; gap: 5px; align-items: center; margin-top: 10px;\"><img decoding=\"async\" src=\"https:\/\/as-schwabe.de\/wp-content\/uploads\/ikony\/znak_CE.png\" alt=\"\" width=\"50\" height=\"50\" \/><img decoding=\"async\" src=\"https:\/\/as-schwabe.de\/wp-content\/uploads\/ikony\/znak_IP44.png\" alt=\"\" width=\"50\" height=\"50\" \/><img decoding=\"async\" src=\"https:\/\/as-schwabe.de\/wp-content\/uploads\/ikony\/znak_LED.png\" alt=\"\" width=\"50\" height=\"50\" \/><img loading=\"lazy\" decoding=\"async\" src=\"https:\/\/as-schwabe.de\/wp-content\/uploads\/ikony\/znak_PB.png\" alt=\"\" width=\"50\" height=\"50\" \/><img loading=\"lazy\" decoding=\"async\" src=\"https:\/\/as-schwabe.de\/wp-content\/uploads\/ikony\/znak_Z.png\" alt=\"\" width=\"50\" height=\"50\" \/><img loading=\"lazy\" decoding=\"async\" src=\"https:\/\/as-schwabe.de\/wp-content\/uploads\/ikony\/znak_D.png\" alt=\"\" width=\"50\" height=\"50\" \/><\/div>\n<ul>\n<li>ekspozytor promocyjny z 10 lampkami LED FAN <\/li>\n<li>obudowa z tworzywa ABS i poliw\u0119glanu <\/li>\n<li>1000 lm <\/li>\n<li>w\u0142\u0105cznik \/ przyciemnianie \/ miganie <\/li>\n<li>wska\u017anik poziomu na\u0142adowania <\/li>\n<li>2 x akumulator Li-Ion 18650 1200mAh <\/li>\n<li>odchylany o 360\u00b0 wspornik podstawy <\/li>\n<li>z haczykiem i magnesami na spodzie <\/li>\n<li>zawiera kabel \u0142aduj\u0105cy USB-C <\/li>\n<li>funkcja powerbanku z wyj\u015bcia USB-A <\/li>\n<li>IP65: py\u0142oszczelny i chroniony przed strumieniami wody<\/li>\n<\/ul>","protected":false},"featured_media":32140,"template":"","meta":{"inline_featured_image":false},"genre":[509],"product_cat":[547,556],"product_tag":[],"class_list":{"0":"post-32974","1":"product","2":"type-product","3":"status-publish","4":"has-post-thumbnail","6":"product_brand-as-schwabe-pl","7":"product_cat-oswietlenie-2-pl","8":"product_cat-zestawy-energy-xl-i-naswietlacze-energytube-xl-pl","10":"first","11":"instock","12":"shipping-taxable","13":"product-type-simple"},"aioseo_notices":[],"_links":{"self":[{"href":"https:\/\/as-schwabe.de\/pl\/wp-json\/wp\/v2\/product\/32974","targetHints":{"allow":["GET"]}}],"collection":[{"href":"https:\/\/as-schwabe.de\/pl\/wp-json\/wp\/v2\/product"}],"about":[{"href":"https:\/\/as-schwabe.de\/pl\/wp-json\/wp\/v2\/types\/product"}],"version-history":[{"count":0,"href":"https:\/\/as-schwabe.de\/pl\/wp-json\/wp\/v2\/product\/32974\/revisions"}],"wp:featuredmedia":[{"embeddable":true,"href":"https:\/\/as-schwabe.de\/pl\/wp-json\/wp\/v2\/media\/32140"}],"wp:attachment":[{"href":"https:\/\/as-schwabe.de\/pl\/wp-json\/wp\/v2\/media?parent=32974"}],"wp:term":[{"taxonomy":"product_brand","embeddable":true,"href":"https:\/\/as-schwabe.de\/pl\/wp-json\/wp\/v2\/genre?post=32974"},{"taxonomy":"product_cat","embeddable":true,"href":"https:\/\/as-schwabe.de\/pl\/wp-json\/wp\/v2\/product_cat?post=32974"},{"taxonomy":"product_tag","embeddable":true,"href":"https:\/\/as-schwabe.de\/pl\/wp-json\/wp\/v2\/product_tag?post=32974"}],"curies":[{"name":"wp","href":"https:\/\/api.w.org\/{rel}","templated":true}]}}