{"id":32973,"date":"2025-09-26T23:38:01","date_gmt":"2025-09-26T23:38:01","guid":{"rendered":"https:\/\/as-schwabe.de\/?post_type=product&#038;p=32973"},"modified":"2025-10-23T00:19:48","modified_gmt":"2025-10-23T00:19:48","slug":"detektor-gazu-h-al-8300-90418","status":"publish","type":"product","link":"https:\/\/as-schwabe.de\/pl\/produkt\/detektor-gazu-h-al-8300-90418\/","title":{"rendered":"Detektor gazu H-AL 8300 | 90418"},"content":{"rendered":"<p>Detektor gazu H-AL 8300 to niezawodne urz\u0105dzenie, kt\u00f3re skutecznie ostrzega przed niebezpiecznymi gazami, takimi jak propan, butan i eter. Idealnie nadaje si\u0119 do zastosowania w kamperach oraz kabinach ci\u0119\u017car\u00f3wek, zapewniaj\u0105c dodatkowe bezpiecze\u0144stwo podczas podr\u00f3\u017cy. Detektor wyposa\u017cony jest w g\u0142o\u015bny alarm d\u017awi\u0119kowy o nat\u0119\u017ceniu 75 dB oraz optyczne sygna\u0142y za pomoc\u0105 trzech diod LED, co umo\u017cliwia szybk\u0105 reakcj\u0119 w przypadku wykrycia zagro\u017cenia. Urz\u0105dzenie jest \u0142atwe w u\u017cyciu, \u0142adowane za pomoc\u0105 do\u0142\u0105czonego kabla USB-C, a jego stopie\u0144 ochrony IP20 pozwala na bezpieczne u\u017cytkowanie wewn\u0105trz pomieszcze\u0144. Zainwestuj w detektor H-AL 8300, aby cieszy\u0107 si\u0119 bezpiecznymi podr\u00f3\u017cami i spokojem umys\u0142u.<\/p>","protected":false},"excerpt":{"rendered":"<div class=\"icons\" style=\"display: flex; flex-wrap: wrap; gap: 5px; align-items: center; margin-top: 10px;\"><img decoding=\"async\" src=\"https:\/\/as-schwabe.de\/wp-content\/uploads\/ikony\/znak_CE.png\" alt=\"\" width=\"50\" height=\"50\" \/><img decoding=\"async\" src=\"https:\/\/as-schwabe.de\/wp-content\/uploads\/ikony\/znak_IP20.png\" alt=\"\" width=\"50\" height=\"50\" \/><img decoding=\"async\" src=\"https:\/\/as-schwabe.de\/wp-content\/uploads\/ikony\/znak_D.png\" alt=\"\" width=\"50\" height=\"50\" \/><\/div>\n<ul>\n<li>detektor gazu ostrzega przed propanem, butanem i eterem (gazem usypiaj\u0105cym)<\/li>\n<li> nadaje si\u0119 do stosowania w samochodach kempingowych i kabinach samochod\u00f3w ci\u0119\u017carowych <\/li>\n<li>monta\u017c na wysoko\u015bci 70-110 cm od pod\u0142o\u017ca <\/li>\n<li>z wy\u015bwietlaczem funkcji LED: zasilanie (zielony), b\u0142\u0105d (\u017c\u00f3\u0142ty), alarm (czerwony) <\/li>\n<li>z czujnikiem elektrochemicznym <\/li>\n<li>sygna\u0142 d\u017awi\u0119kowy z dodatkow\u0105 migaj\u0105c\u0105 diod\u0105 LED <\/li>\n<li>\u0142adowanie za pomoc\u0105 kabla USB-C (w zestawie) <\/li>\n<li>mo\u017cna go tak\u017ce u\u017cywa\u0107 z powerbankiem. <\/li>\n<li>IP20: do u\u017cytku w pomieszczeniach<\/li>\n<\/ul>","protected":false},"featured_media":32142,"template":"","meta":{"inline_featured_image":false},"genre":[509],"product_cat":[515,566],"product_tag":[],"class_list":{"0":"post-32973","1":"product","2":"type-product","3":"status-publish","4":"has-post-thumbnail","6":"product_brand-as-schwabe-pl","7":"product_cat-kemping-i-caravaning-pl","8":"product_cat-akcesoria-kempingowe-2-pl","10":"first","11":"instock","12":"shipping-taxable","13":"product-type-simple"},"aioseo_notices":[],"_links":{"self":[{"href":"https:\/\/as-schwabe.de\/pl\/wp-json\/wp\/v2\/product\/32973","targetHints":{"allow":["GET"]}}],"collection":[{"href":"https:\/\/as-schwabe.de\/pl\/wp-json\/wp\/v2\/product"}],"about":[{"href":"https:\/\/as-schwabe.de\/pl\/wp-json\/wp\/v2\/types\/product"}],"version-history":[{"count":0,"href":"https:\/\/as-schwabe.de\/pl\/wp-json\/wp\/v2\/product\/32973\/revisions"}],"wp:featuredmedia":[{"embeddable":true,"href":"https:\/\/as-schwabe.de\/pl\/wp-json\/wp\/v2\/media\/32142"}],"wp:attachment":[{"href":"https:\/\/as-schwabe.de\/pl\/wp-json\/wp\/v2\/media?parent=32973"}],"wp:term":[{"taxonomy":"product_brand","embeddable":true,"href":"https:\/\/as-schwabe.de\/pl\/wp-json\/wp\/v2\/genre?post=32973"},{"taxonomy":"product_cat","embeddable":true,"href":"https:\/\/as-schwabe.de\/pl\/wp-json\/wp\/v2\/product_cat?post=32973"},{"taxonomy":"product_tag","embeddable":true,"href":"https:\/\/as-schwabe.de\/pl\/wp-json\/wp\/v2\/product_tag?post=32973"}],"curies":[{"name":"wp","href":"https:\/\/api.w.org\/{rel}","templated":true}]}}