{"id":32972,"date":"2025-09-26T23:38:01","date_gmt":"2025-09-26T23:38:01","guid":{"rendered":"https:\/\/as-schwabe.de\/?post_type=product&#038;p=32972"},"modified":"2025-10-23T00:19:48","modified_gmt":"2025-10-23T00:19:48","slug":"detektor-dymu-h-al13000-90417","status":"publish","type":"product","link":"https:\/\/as-schwabe.de\/pl\/produkt\/detektor-dymu-h-al13000-90417\/","title":{"rendered":"Detektor dymu H-AL13000 | 90417"},"content":{"rendered":"<p>Detektor dymu H-AL13000 to nowoczesne urz\u0105dzenie fotoelektryczne, przeznaczone do monta\u017cu na \u015bcianie lub suficie, kt\u00f3re zapewnia skuteczn\u0105 ochron\u0119 przed po\u017carem w pomieszczeniach. Wyposa\u017cony w bateri\u0119 litow\u0105 CR123 A o \u017cywotno\u015bci do 10 lat, gwarantuje d\u0142ugotrwa\u0142e i niezawodne dzia\u0142anie. Alarm d\u017awi\u0119kowy o g\u0142o\u015bno\u015bci przekraczaj\u0105cej 85 dB skutecznie informuje o zagro\u017ceniu, a dodatkowe funkcje, takie jak sygnalizacja niskiego poziomu baterii oraz kontrolka z przyciskiem testowym, zwi\u0119kszaj\u0105 komfort u\u017cytkowania. Klips zapobiegaj\u0105cy monta\u017cowi bez baterii oraz stopie\u0144 ochrony IP20 czyni\u0105 ten detektor idealnym rozwi\u0105zaniem do stosowania wewn\u0105trz budynk\u00f3w. Wybieraj\u0105c detektor H-AL13000, inwestuj\u0105 Pa\u0144stwo w bezpiecze\u0144stwo i spok\u00f3j swojego domu lub biura.<\/p>","protected":false},"excerpt":{"rendered":"<div class=\"icons\" style=\"display: flex; flex-wrap: wrap; gap: 5px; align-items: center; margin-top: 10px;\"><img decoding=\"async\" src=\"https:\/\/as-schwabe.de\/wp-content\/uploads\/ikony\/znak_CE.png\" alt=\"\" width=\"50\" height=\"50\" \/><img decoding=\"async\" src=\"https:\/\/as-schwabe.de\/wp-content\/uploads\/ikony\/znak_IP20.png\" alt=\"\" width=\"50\" height=\"50\" \/><img decoding=\"async\" src=\"https:\/\/as-schwabe.de\/wp-content\/uploads\/ikony\/znak_D.png\" alt=\"\" width=\"50\" height=\"50\" \/><\/div>\n<ul>\n<li>detektor fotoelektryczny <\/li>\n<li>H-AL 13000 zawiera 1 bateri\u0119 litow\u0105 3 V CR123 A (10 lat \u017cywotno\u015bci), niewymienn\u0105 <\/li>\n<li>d\u017awi\u0119k ostrzegawczy o niskim stanie baterii <\/li>\n<li>wizualny czerwony wy\u015bwietlacz funkcji testowej z przyciskiem testowym do sprawdzania funkcji <\/li>\n<li>nadaje si\u0119 do monta\u017cu na \u015bcianie lub suficie <\/li>\n<li>wysoko\u015b\u0107 ok. 37 mm, \u015brednica 100 mm <\/li>\n<li>materia\u0142 monta\u017cowy w zestawie <\/li>\n<li>H-AL 13000 przetestowany zgodnie z VdS 3131 <\/li>\n<li>IP20: do u\u017cytku w pomieszczeniach<\/li>\n<\/ul>","protected":false},"featured_media":32138,"template":"","meta":{"inline_featured_image":false},"genre":[509],"product_cat":[525,602],"product_tag":[],"class_list":{"0":"post-32972","1":"product","2":"type-product","3":"status-publish","4":"has-post-thumbnail","6":"product_brand-as-schwabe-pl","7":"product_cat-dom-i-ogrod-2-pl","8":"product_cat-detektory-zagrozen-pl","10":"first","11":"instock","12":"shipping-taxable","13":"product-type-simple"},"aioseo_notices":[],"_links":{"self":[{"href":"https:\/\/as-schwabe.de\/pl\/wp-json\/wp\/v2\/product\/32972","targetHints":{"allow":["GET"]}}],"collection":[{"href":"https:\/\/as-schwabe.de\/pl\/wp-json\/wp\/v2\/product"}],"about":[{"href":"https:\/\/as-schwabe.de\/pl\/wp-json\/wp\/v2\/types\/product"}],"version-history":[{"count":0,"href":"https:\/\/as-schwabe.de\/pl\/wp-json\/wp\/v2\/product\/32972\/revisions"}],"wp:featuredmedia":[{"embeddable":true,"href":"https:\/\/as-schwabe.de\/pl\/wp-json\/wp\/v2\/media\/32138"}],"wp:attachment":[{"href":"https:\/\/as-schwabe.de\/pl\/wp-json\/wp\/v2\/media?parent=32972"}],"wp:term":[{"taxonomy":"product_brand","embeddable":true,"href":"https:\/\/as-schwabe.de\/pl\/wp-json\/wp\/v2\/genre?post=32972"},{"taxonomy":"product_cat","embeddable":true,"href":"https:\/\/as-schwabe.de\/pl\/wp-json\/wp\/v2\/product_cat?post=32972"},{"taxonomy":"product_tag","embeddable":true,"href":"https:\/\/as-schwabe.de\/pl\/wp-json\/wp\/v2\/product_tag?post=32972"}],"curies":[{"name":"wp","href":"https:\/\/api.w.org\/{rel}","templated":true}]}}