{"id":32971,"date":"2025-09-26T23:38:01","date_gmt":"2025-09-26T23:38:01","guid":{"rendered":"https:\/\/as-schwabe.de\/?post_type=product&#038;p=32971"},"modified":"2025-10-23T00:19:48","modified_gmt":"2025-10-23T00:19:48","slug":"detektor-gazu-h-al-14000-90408","status":"publish","type":"product","link":"https:\/\/as-schwabe.de\/pl\/produkt\/detektor-gazu-h-al-14000-90408\/","title":{"rendered":"Detektor gazu H-AL 14000 | 90408"},"content":{"rendered":"<p>Detektor gazu H-AL 14000 to zaawansowane urz\u0105dzenie wyposa\u017cone w czujnik elektrochemiczny, kt\u00f3re skutecznie monitoruje poziom niebezpiecznych gaz\u00f3w w pomieszczeniach. Dzi\u0119ki g\u0142o\u015bno\u015bci alarmu przekraczaj\u0105cej 85 dB oraz dodatkowej migaj\u0105cej diodzie LED, detektor gwarantuje natychmiastowe powiadomienie o zagro\u017ceniu. Urz\u0105dzenie jest zasilane dwoma bateriami AA, a funkcja sygnalizacji niskiego poziomu baterii zapewnia ci\u0105g\u0142o\u015b\u0107 pracy. Z oznaczeniem IP20, detektor jest przeznaczony do u\u017cytku wewn\u0119trznego, co czyni go idealnym rozwi\u0105zaniem dla dom\u00f3w, biur oraz innych przestrzeni zamkni\u0119tych. Wybieraj\u0105c detektor H-AL 14000, inwestujesz w bezpiecze\u0144stwo swoje i swoich bliskich.<\/p>","protected":false},"excerpt":{"rendered":"<div class=\"icons\" style=\"display: flex; flex-wrap: wrap; gap: 5px; align-items: center; margin-top: 10px;\"><img decoding=\"async\" src=\"https:\/\/as-schwabe.de\/wp-content\/uploads\/ikony\/znak_CE.png\" alt=\"\" width=\"50\" height=\"50\" \/><img decoding=\"async\" src=\"https:\/\/as-schwabe.de\/wp-content\/uploads\/ikony\/znak_IP20.png\" alt=\"\" width=\"50\" height=\"50\" \/><img decoding=\"async\" src=\"https:\/\/as-schwabe.de\/wp-content\/uploads\/ikony\/znak_D.png\" alt=\"\" width=\"50\" height=\"50\" \/><\/div>\n<ul>\n<li>z wy\u015bwietlaczem funkcji<\/li>\n<li> czujnik elektrochemiczny <\/li>\n<li>sygna\u0142 d\u017awi\u0119kowy z dodatkow\u0105 migaj\u0105c\u0105 diod\u0105 LED <\/li>\n<li>zawiera 2x baterie AA <\/li>\n<li>d\u017awi\u0119k ostrzegaj\u0105cy o niskim poziomie na\u0142adowania baterii i wska\u017anik wizualny <\/li>\n<li>warunki otoczenia: temperatura od -10\u00b0C do +40\u00b0C, wilgotno\u015b\u0107 do 95%. <\/li>\n<li>nadaje si\u0119 do monta\u017cu na \u015bcianie lub suficie, w zestawie materia\u0142y monta\u017cowe <\/li>\n<li>IP20: do u\u017cytku w pomieszczeniach<\/li>\n<\/ul>","protected":false},"featured_media":32137,"template":"","meta":{"inline_featured_image":false},"genre":[509],"product_cat":[525,602],"product_tag":[],"class_list":{"0":"post-32971","1":"product","2":"type-product","3":"status-publish","4":"has-post-thumbnail","6":"product_brand-as-schwabe-pl","7":"product_cat-dom-i-ogrod-2-pl","8":"product_cat-detektory-zagrozen-pl","10":"first","11":"instock","12":"shipping-taxable","13":"product-type-simple"},"aioseo_notices":[],"_links":{"self":[{"href":"https:\/\/as-schwabe.de\/pl\/wp-json\/wp\/v2\/product\/32971","targetHints":{"allow":["GET"]}}],"collection":[{"href":"https:\/\/as-schwabe.de\/pl\/wp-json\/wp\/v2\/product"}],"about":[{"href":"https:\/\/as-schwabe.de\/pl\/wp-json\/wp\/v2\/types\/product"}],"version-history":[{"count":0,"href":"https:\/\/as-schwabe.de\/pl\/wp-json\/wp\/v2\/product\/32971\/revisions"}],"wp:featuredmedia":[{"embeddable":true,"href":"https:\/\/as-schwabe.de\/pl\/wp-json\/wp\/v2\/media\/32137"}],"wp:attachment":[{"href":"https:\/\/as-schwabe.de\/pl\/wp-json\/wp\/v2\/media?parent=32971"}],"wp:term":[{"taxonomy":"product_brand","embeddable":true,"href":"https:\/\/as-schwabe.de\/pl\/wp-json\/wp\/v2\/genre?post=32971"},{"taxonomy":"product_cat","embeddable":true,"href":"https:\/\/as-schwabe.de\/pl\/wp-json\/wp\/v2\/product_cat?post=32971"},{"taxonomy":"product_tag","embeddable":true,"href":"https:\/\/as-schwabe.de\/pl\/wp-json\/wp\/v2\/product_tag?post=32971"}],"curies":[{"name":"wp","href":"https:\/\/api.w.org\/{rel}","templated":true}]}}