{"id":32970,"date":"2025-09-26T23:38:01","date_gmt":"2025-09-26T23:38:01","guid":{"rendered":"https:\/\/as-schwabe.de\/?post_type=product&#038;p=32970"},"modified":"2025-10-23T00:19:47","modified_gmt":"2025-10-23T00:19:47","slug":"uchwyt-magnetyczny-do-montazu-detektorow-zagrozen-90406","status":"publish","type":"product","link":"https:\/\/as-schwabe.de\/pl\/produkt\/uchwyt-magnetyczny-do-montazu-detektorow-zagrozen-90406\/","title":{"rendered":"Uchwyt magnetyczny do monta\u017cu detektor\u00f3w zagro\u017ce\u0144 | 90406"},"content":{"rendered":"<p>Uchwyt magnetyczny do monta\u017cu detektor\u00f3w zagro\u017ce\u0144 to innowacyjne rozwi\u0105zanie, kt\u00f3re umo\u017cliwia szybki i \u0142atwy monta\u017c bez konieczno\u015bci wiercenia otwor\u00f3w. Dzi\u0119ki samoprzylepnej podk\u0142adce, instalacja jest nie tylko szybka, ale r\u00f3wnie\u017c estetyczna, co pozwala na zachowanie integralno\u015bci powierzchni monta\u017cowej. Uchwyt jest kompatybilny z r\u00f3\u017cnorodnymi detektorami, takimi jak czujniki dymu czy ciep\u0142a, co czyni go wszechstronnym akcesorium w systemach zabezpiecze\u0144. Niezawodno\u015b\u0107 i prostota monta\u017cu sprawiaj\u0105, \u017ce produkt ten to idealne rozwi\u0105zanie dla os\u00f3b ceni\u0105cych sobie wygod\u0119 oraz bezpiecze\u0144stwo w swoim otoczeniu.<\/p>","protected":false},"excerpt":{"rendered":"<div class=\"icons\" style=\"display: flex; flex-wrap: wrap; gap: 5px; align-items: center; margin-top: 10px;\"><img decoding=\"async\" src=\"https:\/\/as-schwabe.de\/wp-content\/uploads\/ikony\/znak_CE.png\" alt=\"\" width=\"50\" height=\"50\" \/><img decoding=\"async\" src=\"https:\/\/as-schwabe.de\/wp-content\/uploads\/ikony\/znak_D.png\" alt=\"\" width=\"50\" height=\"50\" \/><\/div>\n<ul>\n<li>u\u0142atwia wymian\u0119 baterii i testowanie funkcjonalno\u015bci <\/li>\n<li>nadaje si\u0119 do czujek dymu i ciep\u0142a o minimalnej \u015brednicy 80 mm <\/li>\n<li>nie wymaga wiercenia: monta\u017c bez u\u017cycia narz\u0119dzi <\/li>\n<li>nadaje si\u0119 r\u00f3wnie\u017c do samochod\u00f3w kempingowych, \u0142odzi itp.<\/li>\n<\/ul>","protected":false},"featured_media":32135,"template":"","meta":{"inline_featured_image":false},"genre":[509],"product_cat":[525,602],"product_tag":[],"class_list":{"0":"post-32970","1":"product","2":"type-product","3":"status-publish","4":"has-post-thumbnail","6":"product_brand-as-schwabe-pl","7":"product_cat-dom-i-ogrod-2-pl","8":"product_cat-detektory-zagrozen-pl","10":"first","11":"instock","12":"shipping-taxable","13":"product-type-simple"},"aioseo_notices":[],"_links":{"self":[{"href":"https:\/\/as-schwabe.de\/pl\/wp-json\/wp\/v2\/product\/32970","targetHints":{"allow":["GET"]}}],"collection":[{"href":"https:\/\/as-schwabe.de\/pl\/wp-json\/wp\/v2\/product"}],"about":[{"href":"https:\/\/as-schwabe.de\/pl\/wp-json\/wp\/v2\/types\/product"}],"version-history":[{"count":0,"href":"https:\/\/as-schwabe.de\/pl\/wp-json\/wp\/v2\/product\/32970\/revisions"}],"wp:featuredmedia":[{"embeddable":true,"href":"https:\/\/as-schwabe.de\/pl\/wp-json\/wp\/v2\/media\/32135"}],"wp:attachment":[{"href":"https:\/\/as-schwabe.de\/pl\/wp-json\/wp\/v2\/media?parent=32970"}],"wp:term":[{"taxonomy":"product_brand","embeddable":true,"href":"https:\/\/as-schwabe.de\/pl\/wp-json\/wp\/v2\/genre?post=32970"},{"taxonomy":"product_cat","embeddable":true,"href":"https:\/\/as-schwabe.de\/pl\/wp-json\/wp\/v2\/product_cat?post=32970"},{"taxonomy":"product_tag","embeddable":true,"href":"https:\/\/as-schwabe.de\/pl\/wp-json\/wp\/v2\/product_tag?post=32970"}],"curies":[{"name":"wp","href":"https:\/\/api.w.org\/{rel}","templated":true}]}}