{"id":32962,"date":"2025-09-26T23:37:59","date_gmt":"2025-09-26T23:37:59","guid":{"rendered":"https:\/\/as-schwabe.de\/?post_type=product&#038;p=32962"},"modified":"2025-10-23T00:19:44","modified_gmt":"2025-10-23T00:19:44","slug":"przewod-zasilajacy-do-falownika-h07rn-f-3g15-20-m-71873","status":"publish","type":"product","link":"https:\/\/as-schwabe.de\/pl\/produkt\/przewod-zasilajacy-do-falownika-h07rn-f-3g15-20-m-71873\/","title":{"rendered":"Przew\u00f3d zasilaj\u0105cy do falownika 20 m H07RN-F 3G1,5 | 71873"},"content":{"rendered":"<p>Przew\u00f3d zasilaj\u0105cy do falownika H07RN-F 3G1,5 w kolorze czarnym to wydajne i niezawodne rozwi\u0105zanie o d\u0142ugo\u015bci 20 m, idealne do zastosowa\u0144 zewn\u0119trznych. Wyposa\u017cony w wtyczk\u0119 IP44, umo\u017cliwia bezpieczne zasilanie urz\u0105dze\u0144 w trudnych warunkach atmosferycznych, obs\u0142uguj\u0105c napi\u0119cie do 230 V i pr\u0105d do 16 A. Z\u0142\u0105cze Betteri BC01 IP68 zapewnia najwy\u017csz\u0105 ochron\u0119 przed wod\u0105 i py\u0142em, co czyni go doskona\u0142ym wyborem dla falownik\u00f3w oraz innych urz\u0105dze\u0144 elektrycznych. Dzi\u0119ki maksymalnej mocy 3500 W produkt gwarantuje stabiln\u0105 i efektywn\u0105 prac\u0119, przyczyniaj\u0105c si\u0119 do zwi\u0119kszenia wydajno\u015bci system\u00f3w energetycznych. Wybierz przew\u00f3d zasilaj\u0105cy H07RN-F, aby cieszy\u0107 si\u0119 bezpiecze\u0144stwem i niezawodno\u015bci\u0105 w ka\u017cdych warunkach.<\/p>","protected":false},"excerpt":{"rendered":"<div class=\"icons\" style=\"display: flex; flex-wrap: wrap; gap: 5px; align-items: center; margin-top: 10px;\"><img decoding=\"async\" src=\"https:\/\/as-schwabe.de\/wp-content\/uploads\/ikony\/znak_CE.png\" alt=\"\" width=\"50\" height=\"50\" \/><img decoding=\"async\" src=\"https:\/\/as-schwabe.de\/wp-content\/uploads\/ikony\/znak_IP44.png\" alt=\"\" width=\"50\" height=\"50\" \/><img decoding=\"async\" src=\"https:\/\/as-schwabe.de\/wp-content\/uploads\/ikony\/znak_Z.png\" alt=\"\" width=\"50\" height=\"50\" \/><img loading=\"lazy\" decoding=\"async\" src=\"https:\/\/as-schwabe.de\/wp-content\/uploads\/ikony\/znak_D.png\" alt=\"\" width=\"50\" height=\"50\" \/><\/div>\n<ul>\n<li>IP44: chroniony przed cia\u0142ami obcymi i bryzgami wody <\/li>\n<li>1 strona: wtyczka 2P+Z IP44 z uziemieniem <\/li>\n<li>2 strona: z\u0142\u0105cze Betteri\u00aeBC01 (IP68) <\/li>\n<li>230 V<\/li>\n<\/ul>","protected":false},"featured_media":32111,"template":"","meta":{"inline_featured_image":false},"genre":[509],"product_cat":[507,570],"product_tag":[],"class_list":{"0":"post-32962","1":"product","2":"type-product","3":"status-publish","4":"has-post-thumbnail","6":"product_brand-as-schwabe-pl","7":"product_cat-przewody-przylaczeniowe-2-pl","8":"product_cat-przewody-przylaczeniowe-z-wtyczka-pl","10":"first","11":"instock","12":"shipping-taxable","13":"product-type-simple"},"aioseo_notices":[],"_links":{"self":[{"href":"https:\/\/as-schwabe.de\/pl\/wp-json\/wp\/v2\/product\/32962","targetHints":{"allow":["GET"]}}],"collection":[{"href":"https:\/\/as-schwabe.de\/pl\/wp-json\/wp\/v2\/product"}],"about":[{"href":"https:\/\/as-schwabe.de\/pl\/wp-json\/wp\/v2\/types\/product"}],"version-history":[{"count":0,"href":"https:\/\/as-schwabe.de\/pl\/wp-json\/wp\/v2\/product\/32962\/revisions"}],"wp:featuredmedia":[{"embeddable":true,"href":"https:\/\/as-schwabe.de\/pl\/wp-json\/wp\/v2\/media\/32111"}],"wp:attachment":[{"href":"https:\/\/as-schwabe.de\/pl\/wp-json\/wp\/v2\/media?parent=32962"}],"wp:term":[{"taxonomy":"product_brand","embeddable":true,"href":"https:\/\/as-schwabe.de\/pl\/wp-json\/wp\/v2\/genre?post=32962"},{"taxonomy":"product_cat","embeddable":true,"href":"https:\/\/as-schwabe.de\/pl\/wp-json\/wp\/v2\/product_cat?post=32962"},{"taxonomy":"product_tag","embeddable":true,"href":"https:\/\/as-schwabe.de\/pl\/wp-json\/wp\/v2\/product_tag?post=32962"}],"curies":[{"name":"wp","href":"https:\/\/api.w.org\/{rel}","templated":true}]}}