{"id":32961,"date":"2025-09-26T23:37:59","date_gmt":"2025-09-26T23:37:59","guid":{"rendered":"https:\/\/as-schwabe.de\/?post_type=product&#038;p=32961"},"modified":"2025-10-23T00:19:44","modified_gmt":"2025-10-23T00:19:44","slug":"przewod-zasilajacy-do-falownika-h07rn-f-3g15-10-m-71872","status":"publish","type":"product","link":"https:\/\/as-schwabe.de\/pl\/produkt\/przewod-zasilajacy-do-falownika-h07rn-f-3g15-10-m-71872\/","title":{"rendered":"Przew\u00f3d zasilaj\u0105cy do falownika 10 m H07RN-F 3G1,5 | 71872"},"content":{"rendered":"<p>Przew\u00f3d zasilaj\u0105cy do falownika H07RN-F 3G1,5 czarny o d\u0142ugo\u015bci 10 m to solidne rozwi\u0105zanie do zasilania urz\u0105dze\u0144 w trudnych warunkach, z klas\u0105 ochrony IP44, co czyni go idealnym do zastosowa\u0144 na zewn\u0105trz. Wyposa\u017cony w wtyczk\u0119 IP44 230 V oraz z\u0142\u0105cze Betteri BC01 IP68, oba o maksymalnym obci\u0105\u017ceniu 16 A i 3500 W, zapewnia bezpieczne i niezawodne po\u0142\u0105czenie z urz\u0105dzeniami. Dzi\u0119ki zastosowaniu trwa\u0142ych materia\u0142\u00f3w, przew\u00f3d charakteryzuje si\u0119 wysok\u0105 odporno\u015bci\u0105 na dzia\u0142anie warunk\u00f3w atmosferycznych oraz uszkodzenia mechaniczne. Idealnie sprawdzi si\u0119 w instalacjach przemys\u0142owych oraz w zastosowaniach domowych, gdzie niezb\u0119dne jest niezawodne zasilanie urz\u0105dze\u0144 elektrycznych. Wybieraj\u0105c nasz przew\u00f3d, zyskujesz pewno\u015b\u0107 i komfort u\u017cytkowania w ka\u017cdych warunkach.<\/p>","protected":false},"excerpt":{"rendered":"<div class=\"icons\" style=\"display: flex; flex-wrap: wrap; gap: 5px; align-items: center; margin-top: 10px;\"><img decoding=\"async\" src=\"https:\/\/as-schwabe.de\/wp-content\/uploads\/ikony\/znak_CE.png\" alt=\"\" width=\"50\" height=\"50\" \/><img decoding=\"async\" src=\"https:\/\/as-schwabe.de\/wp-content\/uploads\/ikony\/znak_IP44.png\" alt=\"\" width=\"50\" height=\"50\" \/><img decoding=\"async\" src=\"https:\/\/as-schwabe.de\/wp-content\/uploads\/ikony\/znak_Z.png\" alt=\"\" width=\"50\" height=\"50\" \/><img loading=\"lazy\" decoding=\"async\" src=\"https:\/\/as-schwabe.de\/wp-content\/uploads\/ikony\/znak_D.png\" alt=\"\" width=\"50\" height=\"50\" \/><\/div>\n<ul>\n<li>IP44: chroniony przed cia\u0142ami obcymi i bryzgami wody <\/li>\n<li>1 strona: wtyczka 2P+Z IP44 z uziemieniem <\/li>\n<li>2 strona: z\u0142\u0105cze Betteri\u00aeBC01 (IP68) <\/li>\n<li>230 V<\/li>\n<\/ul>","protected":false},"featured_media":32109,"template":"","meta":{"inline_featured_image":false},"genre":[509],"product_cat":[507,570],"product_tag":[],"class_list":{"0":"post-32961","1":"product","2":"type-product","3":"status-publish","4":"has-post-thumbnail","6":"product_brand-as-schwabe-pl","7":"product_cat-przewody-przylaczeniowe-2-pl","8":"product_cat-przewody-przylaczeniowe-z-wtyczka-pl","10":"first","11":"instock","12":"shipping-taxable","13":"product-type-simple"},"aioseo_notices":[],"_links":{"self":[{"href":"https:\/\/as-schwabe.de\/pl\/wp-json\/wp\/v2\/product\/32961","targetHints":{"allow":["GET"]}}],"collection":[{"href":"https:\/\/as-schwabe.de\/pl\/wp-json\/wp\/v2\/product"}],"about":[{"href":"https:\/\/as-schwabe.de\/pl\/wp-json\/wp\/v2\/types\/product"}],"version-history":[{"count":0,"href":"https:\/\/as-schwabe.de\/pl\/wp-json\/wp\/v2\/product\/32961\/revisions"}],"wp:featuredmedia":[{"embeddable":true,"href":"https:\/\/as-schwabe.de\/pl\/wp-json\/wp\/v2\/media\/32109"}],"wp:attachment":[{"href":"https:\/\/as-schwabe.de\/pl\/wp-json\/wp\/v2\/media?parent=32961"}],"wp:term":[{"taxonomy":"product_brand","embeddable":true,"href":"https:\/\/as-schwabe.de\/pl\/wp-json\/wp\/v2\/genre?post=32961"},{"taxonomy":"product_cat","embeddable":true,"href":"https:\/\/as-schwabe.de\/pl\/wp-json\/wp\/v2\/product_cat?post=32961"},{"taxonomy":"product_tag","embeddable":true,"href":"https:\/\/as-schwabe.de\/pl\/wp-json\/wp\/v2\/product_tag?post=32961"}],"curies":[{"name":"wp","href":"https:\/\/api.w.org\/{rel}","templated":true}]}}