{"id":32960,"date":"2025-09-26T23:37:59","date_gmt":"2025-09-26T23:37:59","guid":{"rendered":"https:\/\/as-schwabe.de\/?post_type=product&#038;p=32960"},"modified":"2025-10-23T00:19:43","modified_gmt":"2025-10-23T00:19:43","slug":"przewod-zasilajacy-do-falownika-h07rn-f-3g15-5-m-71871","status":"publish","type":"product","link":"https:\/\/as-schwabe.de\/pl\/produkt\/przewod-zasilajacy-do-falownika-h07rn-f-3g15-5-m-71871\/","title":{"rendered":"Przew\u00f3d zasilaj\u0105cy do falownika 5 m H07RN-F 3G1,5 | 71871"},"content":{"rendered":"<p>Przew\u00f3d zasilaj\u0105cy do falownika H07RN-F 3G1,5 w kolorze czarnym o d\u0142ugo\u015bci 5 metr\u00f3w to idealne rozwi\u0105zanie dla profesjonalnych instalacji zewn\u0119trznych. Wyposa\u017cony w wtyczk\u0119 o IP44 i parametrach 230 V, 16 A (2P+Z), zapewnia niezawodne zasilanie urz\u0105dze\u0144 w trudnych warunkach atmosferycznych. Z\u0142\u0105cze Betteri BC01 o IP68 w wyj\u015bciu gwarantuje wysok\u0105 odporno\u015b\u0107 na wilgo\u0107 i py\u0142, co czyni go odpowiednim do zastosowania w miejscach nara\u017conych na dzia\u0142anie niekorzystnych czynnik\u00f3w zewn\u0119trznych. Przew\u00f3d ten umo\u017cliwia przesy\u0142 energii elektrycznej o maksymalnej mocy 3500 W, co sprawia, \u017ce jest doskona\u0142ym elementem system\u00f3w fotowoltaicznych oraz innych aplikacji wymagaj\u0105cych mobilnego zasilania. Wybieraj\u0105c nasz produkt, u\u017cytkownik zyskuje pewno\u015b\u0107 wysokiej jako\u015bci, trwa\u0142o\u015bci oraz bezpiecze\u0144stwa u\u017cytkowania.<\/p>","protected":false},"excerpt":{"rendered":"<div class=\"icons\" style=\"display: flex; flex-wrap: wrap; gap: 5px; align-items: center; margin-top: 10px;\"><img decoding=\"async\" src=\"https:\/\/as-schwabe.de\/wp-content\/uploads\/ikony\/znak_CE.png\" alt=\"\" width=\"50\" height=\"50\" \/><img decoding=\"async\" src=\"https:\/\/as-schwabe.de\/wp-content\/uploads\/ikony\/znak_IP44.png\" alt=\"\" width=\"50\" height=\"50\" \/><img decoding=\"async\" src=\"https:\/\/as-schwabe.de\/wp-content\/uploads\/ikony\/znak_Z.png\" alt=\"\" width=\"50\" height=\"50\" \/><img loading=\"lazy\" decoding=\"async\" src=\"https:\/\/as-schwabe.de\/wp-content\/uploads\/ikony\/znak_D.png\" alt=\"\" width=\"50\" height=\"50\" \/><\/div>\n<ul>\n<li>IP44: chroniony przed cia\u0142ami obcymi i bryzgami wody <\/li>\n<li>1 strona: wtyczka 2P+Z IP44 z uziemieniem <\/li>\n<li>2 strona: z\u0142\u0105cze Betteri\u00aeBC01 (IP68) <\/li>\n<li>230 V<\/li>\n<\/ul>","protected":false},"featured_media":32106,"template":"","meta":{"inline_featured_image":false},"genre":[509],"product_cat":[507,570],"product_tag":[],"class_list":{"0":"post-32960","1":"product","2":"type-product","3":"status-publish","4":"has-post-thumbnail","6":"product_brand-as-schwabe-pl","7":"product_cat-przewody-przylaczeniowe-2-pl","8":"product_cat-przewody-przylaczeniowe-z-wtyczka-pl","10":"first","11":"instock","12":"shipping-taxable","13":"product-type-simple"},"aioseo_notices":[],"_links":{"self":[{"href":"https:\/\/as-schwabe.de\/pl\/wp-json\/wp\/v2\/product\/32960","targetHints":{"allow":["GET"]}}],"collection":[{"href":"https:\/\/as-schwabe.de\/pl\/wp-json\/wp\/v2\/product"}],"about":[{"href":"https:\/\/as-schwabe.de\/pl\/wp-json\/wp\/v2\/types\/product"}],"version-history":[{"count":0,"href":"https:\/\/as-schwabe.de\/pl\/wp-json\/wp\/v2\/product\/32960\/revisions"}],"wp:featuredmedia":[{"embeddable":true,"href":"https:\/\/as-schwabe.de\/pl\/wp-json\/wp\/v2\/media\/32106"}],"wp:attachment":[{"href":"https:\/\/as-schwabe.de\/pl\/wp-json\/wp\/v2\/media?parent=32960"}],"wp:term":[{"taxonomy":"product_brand","embeddable":true,"href":"https:\/\/as-schwabe.de\/pl\/wp-json\/wp\/v2\/genre?post=32960"},{"taxonomy":"product_cat","embeddable":true,"href":"https:\/\/as-schwabe.de\/pl\/wp-json\/wp\/v2\/product_cat?post=32960"},{"taxonomy":"product_tag","embeddable":true,"href":"https:\/\/as-schwabe.de\/pl\/wp-json\/wp\/v2\/product_tag?post=32960"}],"curies":[{"name":"wp","href":"https:\/\/api.w.org\/{rel}","templated":true}]}}