{"id":32929,"date":"2025-09-26T23:37:37","date_gmt":"2025-09-26T23:37:37","guid":{"rendered":"https:\/\/as-schwabe.de\/?post_type=product&#038;p=32929"},"modified":"2025-10-23T00:19:42","modified_gmt":"2025-10-23T00:19:42","slug":"przewodnik-przylaczeniowy-gumowy-cee-h07rn-f-5g15-3-m-70977","status":"publish","type":"product","link":"https:\/\/as-schwabe.de\/pl\/produkt\/przewodnik-przylaczeniowy-gumowy-cee-h07rn-f-5g15-3-m-70977\/","title":{"rendered":"Przew\u00f3d przy\u0142\u0105czeniowy gumowy CEE 3 m H07RN-F 5G1,5 | 70977"},"content":{"rendered":"<p>Przew\u00f3d przy\u0142\u0105czeniowy gumowy CEE H07RN-F 5G1,5 to wszechstronne rozwi\u0105zanie dla profesjonalnych u\u017cytkownik\u00f3w, kt\u00f3re sprawdzi si\u0119 zar\u00f3wno na budowach, jak i w zastosowaniach zewn\u0119trznych. Dzi\u0119ki wtyczce CEE 400 V, 16 A, 5P oraz odizolowanej ko\u0144c\u00f3wce na 50 mm z tulejkami, zapewnia solidne po\u0142\u0105czenie elektryczne oraz \u0142atwy monta\u017c. Produkt charakteryzuje si\u0119 wysok\u0105 odporno\u015bci\u0105 na dzia\u0142anie czynnik\u00f3w atmosferycznych, co potwierdza klasa ochrony IP44. D\u0142ugo\u015b\u0107 3 metr\u00f3w pozwala na elastyczne wykorzystanie w r\u00f3\u017cnych warunkach, a zastosowanie materia\u0142\u00f3w gumowych zapewnia wytrzyma\u0142o\u015b\u0107 i elastyczno\u015b\u0107 w trudnych warunkach pracy. Wybieraj\u0105c ten przew\u00f3d, u\u017cytkownik zyskuje pewno\u015b\u0107 niezawodnego zasilania w ka\u017cdych okoliczno\u015bciach.<\/p>","protected":false},"excerpt":{"rendered":"<div class=\"icons\" style=\"display: flex; flex-wrap: wrap; gap: 5px; align-items: center; margin-top: 10px;\"><img decoding=\"async\" src=\"https:\/\/as-schwabe.de\/wp-content\/uploads\/ikony\/znak_CE.png\" alt=\"\" width=\"50\" height=\"50\" \/><img decoding=\"async\" src=\"https:\/\/as-schwabe.de\/wp-content\/uploads\/ikony\/znak_IP44.png\" alt=\"\" width=\"50\" height=\"50\" \/><img decoding=\"async\" src=\"https:\/\/as-schwabe.de\/wp-content\/uploads\/ikony\/znak_PB.png\" alt=\"\" width=\"50\" height=\"50\" \/><img loading=\"lazy\" decoding=\"async\" src=\"https:\/\/as-schwabe.de\/wp-content\/uploads\/ikony\/znak_Z.png\" alt=\"\" width=\"50\" height=\"50\" \/><img loading=\"lazy\" decoding=\"async\" src=\"https:\/\/as-schwabe.de\/wp-content\/uploads\/ikony\/znak_D.png\" alt=\"\" width=\"50\" height=\"50\" \/><\/div>\n<ul>\n<li>IP44: chroniony przed cia\u0142ami obcymi i bryzgami wody <\/li>\n<li>wysokiej jako\u015bci wtyczka CEE <\/li>\n<li>400 V, 16 A<\/li>\n<\/ul>","protected":false},"featured_media":32094,"template":"","meta":{"inline_featured_image":false},"genre":[509],"product_cat":[507,570],"product_tag":[],"class_list":{"0":"post-32929","1":"product","2":"type-product","3":"status-publish","4":"has-post-thumbnail","6":"product_brand-as-schwabe-pl","7":"product_cat-przewody-przylaczeniowe-2-pl","8":"product_cat-przewody-przylaczeniowe-z-wtyczka-pl","10":"first","11":"instock","12":"shipping-taxable","13":"product-type-simple"},"aioseo_notices":[],"_links":{"self":[{"href":"https:\/\/as-schwabe.de\/pl\/wp-json\/wp\/v2\/product\/32929","targetHints":{"allow":["GET"]}}],"collection":[{"href":"https:\/\/as-schwabe.de\/pl\/wp-json\/wp\/v2\/product"}],"about":[{"href":"https:\/\/as-schwabe.de\/pl\/wp-json\/wp\/v2\/types\/product"}],"version-history":[{"count":0,"href":"https:\/\/as-schwabe.de\/pl\/wp-json\/wp\/v2\/product\/32929\/revisions"}],"wp:featuredmedia":[{"embeddable":true,"href":"https:\/\/as-schwabe.de\/pl\/wp-json\/wp\/v2\/media\/32094"}],"wp:attachment":[{"href":"https:\/\/as-schwabe.de\/pl\/wp-json\/wp\/v2\/media?parent=32929"}],"wp:term":[{"taxonomy":"product_brand","embeddable":true,"href":"https:\/\/as-schwabe.de\/pl\/wp-json\/wp\/v2\/genre?post=32929"},{"taxonomy":"product_cat","embeddable":true,"href":"https:\/\/as-schwabe.de\/pl\/wp-json\/wp\/v2\/product_cat?post=32929"},{"taxonomy":"product_tag","embeddable":true,"href":"https:\/\/as-schwabe.de\/pl\/wp-json\/wp\/v2\/product_tag?post=32929"}],"curies":[{"name":"wp","href":"https:\/\/api.w.org\/{rel}","templated":true}]}}