{"id":32926,"date":"2025-09-26T23:37:37","date_gmt":"2025-09-26T23:37:37","guid":{"rendered":"https:\/\/as-schwabe.de\/?post_type=product&#038;p=32926"},"modified":"2025-10-23T00:19:41","modified_gmt":"2025-10-23T00:19:41","slug":"przewodnik-przylaczeniowy-h07bq-f-3g10-pom-3m-70918","status":"publish","type":"product","link":"https:\/\/as-schwabe.de\/pl\/produkt\/przewodnik-przylaczeniowy-h07bq-f-3g10-pom-3m-70918\/","title":{"rendered":"Przew\u00f3d przy\u0142\u0105czeniowy 3 m H07BQ-F 3G1,0 POM | 70918"},"content":{"rendered":"<p>Przew\u00f3d przy\u0142\u0105czeniowy H07BQ-F 3G1,0 o d\u0142ugo\u015bci 3 metr\u00f3w to idealne rozwi\u0105zanie do zastosowa\u0144 zewn\u0119trznych oraz na budowach. Posiada solidn\u0105 wtyczk\u0119 IP44, przystosowan\u0105 do zasilania urz\u0105dze\u0144 o napi\u0119ciu 230 V i nat\u0119\u017ceniu 16 A, zapewniaj\u0105c bezpieczne po\u0142\u0105czenie elektryczne. Dzi\u0119ki odizolowaniu na 30 mm z tulejkami, przew\u00f3d gwarantuje prost\u0105 instalacj\u0119 oraz wysok\u0105 odporno\u015b\u0107 na uszkodzenia mechaniczne i warunki atmosferyczne. Produkt ten cechuje si\u0119 wysok\u0105 jako\u015bci\u0105 wykonania, co przek\u0142ada si\u0119 na d\u0142ugoletni\u0105 i niezawodn\u0105 eksploatacj\u0119 w trudnych warunkach. Jest to idealny wyb\u00f3r dla profesjonalist\u00f3w poszukuj\u0105cych niezawodnych rozwi\u0105za\u0144 dla bud\u00f3w i prac na \u015bwie\u017cym powietrzu.<\/p>","protected":false},"excerpt":{"rendered":"<div class=\"icons\" style=\"display: flex; flex-wrap: wrap; gap: 5px; align-items: center; margin-top: 10px;\"><img decoding=\"async\" src=\"https:\/\/as-schwabe.de\/wp-content\/uploads\/ikony\/znak_CE.png\" alt=\"\" width=\"50\" height=\"50\" \/><img decoding=\"async\" src=\"https:\/\/as-schwabe.de\/wp-content\/uploads\/ikony\/znak_IP44.png\" alt=\"\" width=\"50\" height=\"50\" \/><img decoding=\"async\" src=\"https:\/\/as-schwabe.de\/wp-content\/uploads\/ikony\/znak_PB.png\" alt=\"\" width=\"50\" height=\"50\" \/><img loading=\"lazy\" decoding=\"async\" src=\"https:\/\/as-schwabe.de\/wp-content\/uploads\/ikony\/znak_Z.png\" alt=\"\" width=\"50\" height=\"50\" \/><img loading=\"lazy\" decoding=\"async\" src=\"https:\/\/as-schwabe.de\/wp-content\/uploads\/ikony\/znak_D.png\" alt=\"\" width=\"50\" height=\"50\" \/><\/div>\n<ul>\n<li>IP44: chroniony przed cia\u0142ami obcymi i bryzgami wody <\/li>\n<li>wtyczka 2P+Z IP44 z uziemieniem <\/li>\n<li>230 V, 16 A<\/li>\n<\/ul>","protected":false},"featured_media":32088,"template":"","meta":{"inline_featured_image":false},"genre":[509],"product_cat":[507,570],"product_tag":[],"class_list":{"0":"post-32926","1":"product","2":"type-product","3":"status-publish","4":"has-post-thumbnail","6":"product_brand-as-schwabe-pl","7":"product_cat-przewody-przylaczeniowe-2-pl","8":"product_cat-przewody-przylaczeniowe-z-wtyczka-pl","10":"first","11":"instock","12":"shipping-taxable","13":"product-type-simple"},"aioseo_notices":[],"_links":{"self":[{"href":"https:\/\/as-schwabe.de\/pl\/wp-json\/wp\/v2\/product\/32926","targetHints":{"allow":["GET"]}}],"collection":[{"href":"https:\/\/as-schwabe.de\/pl\/wp-json\/wp\/v2\/product"}],"about":[{"href":"https:\/\/as-schwabe.de\/pl\/wp-json\/wp\/v2\/types\/product"}],"version-history":[{"count":0,"href":"https:\/\/as-schwabe.de\/pl\/wp-json\/wp\/v2\/product\/32926\/revisions"}],"wp:featuredmedia":[{"embeddable":true,"href":"https:\/\/as-schwabe.de\/pl\/wp-json\/wp\/v2\/media\/32088"}],"wp:attachment":[{"href":"https:\/\/as-schwabe.de\/pl\/wp-json\/wp\/v2\/media?parent=32926"}],"wp:term":[{"taxonomy":"product_brand","embeddable":true,"href":"https:\/\/as-schwabe.de\/pl\/wp-json\/wp\/v2\/genre?post=32926"},{"taxonomy":"product_cat","embeddable":true,"href":"https:\/\/as-schwabe.de\/pl\/wp-json\/wp\/v2\/product_cat?post=32926"},{"taxonomy":"product_tag","embeddable":true,"href":"https:\/\/as-schwabe.de\/pl\/wp-json\/wp\/v2\/product_tag?post=32926"}],"curies":[{"name":"wp","href":"https:\/\/api.w.org\/{rel}","templated":true}]}}