{"id":32924,"date":"2025-09-26T23:37:36","date_gmt":"2025-09-26T23:37:36","guid":{"rendered":"https:\/\/as-schwabe.de\/?post_type=product&#038;p=32924"},"modified":"2025-10-23T00:19:41","modified_gmt":"2025-10-23T00:19:41","slug":"przewodnik-przylaczeniowy-h07bq-f-2x15-pom-3-m-70914","status":"publish","type":"product","link":"https:\/\/as-schwabe.de\/pl\/produkt\/przewodnik-przylaczeniowy-h07bq-f-2x15-pom-3-m-70914\/","title":{"rendered":"Przew\u00f3d przy\u0142\u0105czeniowy 3 m H07BQ-F 2&#215;1,5 POM  | 70914"},"content":{"rendered":"<p>Przew\u00f3d przy\u0142\u0105czeniowy H07BQ-F 2&#215;1,5 pomara\u0144czowy o d\u0142ugo\u015bci 3 m to idealne rozwi\u0105zanie do zastosowa\u0144 zewn\u0119trznych oraz na budowach. Wyposa\u017cony w wtyczk\u0119 IP44 230 V o pr\u0105dzie znamionowym 16 A, gwarantuje wysok\u0105 odporno\u015b\u0107 na warunki atmosferyczne oraz zachowuje pe\u0142n\u0105 funkcjonalno\u015b\u0107 w trudnych warunkach. Dzi\u0119ki odizolowaniu na 30 mm z tulejkami, instalacja elektroniczna jest nie tylko szybka, ale i bezpieczna. Przew\u00f3d ten cechuje si\u0119 elastyczno\u015bci\u0105 oraz trwa\u0142o\u015bci\u0105, co czyni go niezast\u0105pionym elementem w pracy profesjonalist\u00f3w oraz pasjonat\u00f3w. Wyb\u00f3r tego przewodu to pewno\u015b\u0107 niezawodno\u015bci i bezpiecze\u0144stwa w ka\u017cdych warunkach.<\/p>","protected":false},"excerpt":{"rendered":"<div class=\"icons\" style=\"display: flex; flex-wrap: wrap; gap: 5px; align-items: center; margin-top: 10px;\"><img decoding=\"async\" src=\"https:\/\/as-schwabe.de\/wp-content\/uploads\/ikony\/znak_CE.png\" alt=\"\" width=\"50\" height=\"50\" \/><img decoding=\"async\" src=\"https:\/\/as-schwabe.de\/wp-content\/uploads\/ikony\/znak_IP44.png\" alt=\"\" width=\"50\" height=\"50\" \/><img decoding=\"async\" src=\"https:\/\/as-schwabe.de\/wp-content\/uploads\/ikony\/znak_PB.png\" alt=\"\" width=\"50\" height=\"50\" \/><img loading=\"lazy\" decoding=\"async\" src=\"https:\/\/as-schwabe.de\/wp-content\/uploads\/ikony\/znak_Z.png\" alt=\"\" width=\"50\" height=\"50\" \/><img loading=\"lazy\" decoding=\"async\" src=\"https:\/\/as-schwabe.de\/wp-content\/uploads\/ikony\/znak_D.png\" alt=\"\" width=\"50\" height=\"50\" \/><\/div>\n<ul>\n<li>IP44: chroniony przed cia\u0142ami obcymi i bryzgami wody <\/li>\n<li>wtyczka: 2P\/II IP44 bez uziemienia <\/li>\n<li>230 V, 16 A<\/li>\n<\/ul>","protected":false},"featured_media":32084,"template":"","meta":{"inline_featured_image":false},"genre":[509],"product_cat":[507,570],"product_tag":[],"class_list":{"0":"post-32924","1":"product","2":"type-product","3":"status-publish","4":"has-post-thumbnail","6":"product_brand-as-schwabe-pl","7":"product_cat-przewody-przylaczeniowe-2-pl","8":"product_cat-przewody-przylaczeniowe-z-wtyczka-pl","10":"first","11":"instock","12":"shipping-taxable","13":"product-type-simple"},"aioseo_notices":[],"_links":{"self":[{"href":"https:\/\/as-schwabe.de\/pl\/wp-json\/wp\/v2\/product\/32924","targetHints":{"allow":["GET"]}}],"collection":[{"href":"https:\/\/as-schwabe.de\/pl\/wp-json\/wp\/v2\/product"}],"about":[{"href":"https:\/\/as-schwabe.de\/pl\/wp-json\/wp\/v2\/types\/product"}],"version-history":[{"count":0,"href":"https:\/\/as-schwabe.de\/pl\/wp-json\/wp\/v2\/product\/32924\/revisions"}],"wp:featuredmedia":[{"embeddable":true,"href":"https:\/\/as-schwabe.de\/pl\/wp-json\/wp\/v2\/media\/32084"}],"wp:attachment":[{"href":"https:\/\/as-schwabe.de\/pl\/wp-json\/wp\/v2\/media?parent=32924"}],"wp:term":[{"taxonomy":"product_brand","embeddable":true,"href":"https:\/\/as-schwabe.de\/pl\/wp-json\/wp\/v2\/genre?post=32924"},{"taxonomy":"product_cat","embeddable":true,"href":"https:\/\/as-schwabe.de\/pl\/wp-json\/wp\/v2\/product_cat?post=32924"},{"taxonomy":"product_tag","embeddable":true,"href":"https:\/\/as-schwabe.de\/pl\/wp-json\/wp\/v2\/product_tag?post=32924"}],"curies":[{"name":"wp","href":"https:\/\/api.w.org\/{rel}","templated":true}]}}