{"id":32921,"date":"2025-09-26T23:37:36","date_gmt":"2025-09-26T23:37:36","guid":{"rendered":"https:\/\/as-schwabe.de\/?post_type=product&#038;p=32921"},"modified":"2025-10-23T00:19:40","modified_gmt":"2025-10-23T00:19:40","slug":"przewod-przylaczeniowy-h05bq-f-2x10-pom-3-m-70911","status":"publish","type":"product","link":"https:\/\/as-schwabe.de\/pl\/produkt\/przewod-przylaczeniowy-h05bq-f-2x10-pom-3-m-70911\/","title":{"rendered":"Przew\u00f3d przy\u0142\u0105czeniowy 3 m H05BQ-F 2&#215;1,0 POM | 70911"},"content":{"rendered":"<p>Przew\u00f3d przy\u0142\u0105czeniowy H05BQ-F 2&#215;1,0 w kolorze pomara\u0144czowym o d\u0142ugo\u015bci 3 metr\u00f3w to solidne rozwi\u0105zanie w zakresie elektryki, idealne do u\u017cytku na zewn\u0105trz oraz na budowach. Wyposa\u017cony w wtyczk\u0119 IP44, zapewnia bezpieczne po\u0142\u0105czenie z sieci\u0105 230 V i 16 A, dzi\u0119ki czemu doskonale sprawdza si\u0119 w trudnych warunkach atmosferycznych. Odizolowanie na 30 mm z tulejkami umo\u017cliwia \u0142atwe pod\u0142\u0105czenie urz\u0105dze\u0144 elektrycznych, co upraszcza wykorzystanie przewodu w r\u00f3\u017cnych aplikacjach. Jego wysoka odporno\u015b\u0107 na czynniki zewn\u0119trzne oraz d\u0142ugotrwa\u0142o\u015b\u0107 materia\u0142\u00f3w czyni\u0105 go niezawodnym wyborem dla profesjonalist\u00f3w w bran\u017cy elektrotechnicznej.<\/p>","protected":false},"excerpt":{"rendered":"<div class=\"icons\" style=\"display: flex; flex-wrap: wrap; gap: 5px; align-items: center; margin-top: 10px;\"><img decoding=\"async\" src=\"https:\/\/as-schwabe.de\/wp-content\/uploads\/ikony\/znak_CE.png\" alt=\"\" width=\"50\" height=\"50\" \/><img decoding=\"async\" src=\"https:\/\/as-schwabe.de\/wp-content\/uploads\/ikony\/znak_IP44.png\" alt=\"\" width=\"50\" height=\"50\" \/><img decoding=\"async\" src=\"https:\/\/as-schwabe.de\/wp-content\/uploads\/ikony\/znak_PB.png\" alt=\"\" width=\"50\" height=\"50\" \/><img loading=\"lazy\" decoding=\"async\" src=\"https:\/\/as-schwabe.de\/wp-content\/uploads\/ikony\/znak_Z.png\" alt=\"\" width=\"50\" height=\"50\" \/><img loading=\"lazy\" decoding=\"async\" src=\"https:\/\/as-schwabe.de\/wp-content\/uploads\/ikony\/znak_D.png\" alt=\"\" width=\"50\" height=\"50\" \/><\/div>\n<ul>\n<li>IP44: chroniony przed cia\u0142ami obcymi i bryzgami wody <\/li>\n<li>wtyczka: 2P\/II IP44 bez uziemienia <\/li>\n<li>230 V, 16 A<\/li>\n<\/ul>","protected":false},"featured_media":32081,"template":"","meta":{"inline_featured_image":false},"genre":[509],"product_cat":[507,570],"product_tag":[],"class_list":{"0":"post-32921","1":"product","2":"type-product","3":"status-publish","4":"has-post-thumbnail","6":"product_brand-as-schwabe-pl","7":"product_cat-przewody-przylaczeniowe-2-pl","8":"product_cat-przewody-przylaczeniowe-z-wtyczka-pl","10":"first","11":"instock","12":"shipping-taxable","13":"product-type-simple"},"aioseo_notices":[],"_links":{"self":[{"href":"https:\/\/as-schwabe.de\/pl\/wp-json\/wp\/v2\/product\/32921","targetHints":{"allow":["GET"]}}],"collection":[{"href":"https:\/\/as-schwabe.de\/pl\/wp-json\/wp\/v2\/product"}],"about":[{"href":"https:\/\/as-schwabe.de\/pl\/wp-json\/wp\/v2\/types\/product"}],"version-history":[{"count":0,"href":"https:\/\/as-schwabe.de\/pl\/wp-json\/wp\/v2\/product\/32921\/revisions"}],"wp:featuredmedia":[{"embeddable":true,"href":"https:\/\/as-schwabe.de\/pl\/wp-json\/wp\/v2\/media\/32081"}],"wp:attachment":[{"href":"https:\/\/as-schwabe.de\/pl\/wp-json\/wp\/v2\/media?parent=32921"}],"wp:term":[{"taxonomy":"product_brand","embeddable":true,"href":"https:\/\/as-schwabe.de\/pl\/wp-json\/wp\/v2\/genre?post=32921"},{"taxonomy":"product_cat","embeddable":true,"href":"https:\/\/as-schwabe.de\/pl\/wp-json\/wp\/v2\/product_cat?post=32921"},{"taxonomy":"product_tag","embeddable":true,"href":"https:\/\/as-schwabe.de\/pl\/wp-json\/wp\/v2\/product_tag?post=32921"}],"curies":[{"name":"wp","href":"https:\/\/api.w.org\/{rel}","templated":true}]}}