{"id":32920,"date":"2025-09-26T23:37:35","date_gmt":"2025-09-26T23:37:35","guid":{"rendered":"https:\/\/as-schwabe.de\/?post_type=product&#038;p=32920"},"modified":"2025-10-23T00:19:39","modified_gmt":"2025-10-23T00:19:39","slug":"przewodnik-przylaczeniowy-gumowy-h07rn-f-3g15-cza-10-m-70910","status":"publish","type":"product","link":"https:\/\/as-schwabe.de\/pl\/produkt\/przewodnik-przylaczeniowy-gumowy-h07rn-f-3g15-cza-10-m-70910\/","title":{"rendered":"Przew\u00f3d przy\u0142\u0105czeniowy gumowy 10 m H07RN-F 3G1,5 CZA | 70910"},"content":{"rendered":"<p>Przew\u00f3d przy\u0142\u0105czeniowy gumowy H07RN-F 3G1,5 o d\u0142ugo\u015bci 10 m to niezawodne rozwi\u0105zanie do zasilania urz\u0105dze\u0144 elektrycznych w trudnych warunkach, zar\u00f3wno na zewn\u0105trz, jak i na budowie. Dzi\u0119ki wtyczce o stopniu ochrony IP44, przew\u00f3d ten zapewnia bezpieczne po\u0142\u0105czenie z sieci\u0105 elektryczn\u0105 230 V i 16 A, co czyni go idealnym do zastosowa\u0144 w terenie. Odizolowanie na d\u0142ugo\u015bci 30 mm z tulejkami u\u0142atwia pod\u0142\u0105czenie do r\u00f3\u017cnych urz\u0105dze\u0144, a gumowa konstrukcja gwarantuje elastyczno\u015b\u0107 i odporno\u015b\u0107 na uszkodzenia mechaniczne oraz dzia\u0142anie warunk\u00f3w atmosferycznych. Produkt wyr\u00f3\u017cnia si\u0119 trwa\u0142o\u015bci\u0105 i wysok\u0105 jako\u015bci\u0105, co przek\u0142ada si\u0119 na d\u0142ugotrwa\u0142e u\u017cytkowanie i bezpiecze\u0144stwo pracy.<\/p>","protected":false},"excerpt":{"rendered":"<div class=\"icons\" style=\"display: flex; flex-wrap: wrap; gap: 5px; align-items: center; margin-top: 10px;\"><img decoding=\"async\" src=\"https:\/\/as-schwabe.de\/wp-content\/uploads\/ikony\/znak_CE.png\" alt=\"\" width=\"50\" height=\"50\" \/><img decoding=\"async\" src=\"https:\/\/as-schwabe.de\/wp-content\/uploads\/ikony\/znak_IP44.png\" alt=\"\" width=\"50\" height=\"50\" \/><img decoding=\"async\" src=\"https:\/\/as-schwabe.de\/wp-content\/uploads\/ikony\/znak_PB.png\" alt=\"\" width=\"50\" height=\"50\" \/><img loading=\"lazy\" decoding=\"async\" src=\"https:\/\/as-schwabe.de\/wp-content\/uploads\/ikony\/znak_Z.png\" alt=\"\" width=\"50\" height=\"50\" \/><img loading=\"lazy\" decoding=\"async\" src=\"https:\/\/as-schwabe.de\/wp-content\/uploads\/ikony\/znak_D.png\" alt=\"\" width=\"50\" height=\"50\" \/><\/div>\n<ul>\n<li>IP44: chroniony przed cia\u0142ami obcymi i bryzgami wody <\/li>\n<li>wtyczka: 2P+Z IP44 z uziemieniem <\/li>\n<li>230 V, 16 A<\/li>\n<\/ul>","protected":false},"featured_media":32080,"template":"","meta":{"inline_featured_image":false},"genre":[509],"product_cat":[507,570],"product_tag":[],"class_list":{"0":"post-32920","1":"product","2":"type-product","3":"status-publish","4":"has-post-thumbnail","6":"product_brand-as-schwabe-pl","7":"product_cat-przewody-przylaczeniowe-2-pl","8":"product_cat-przewody-przylaczeniowe-z-wtyczka-pl","10":"first","11":"instock","12":"shipping-taxable","13":"product-type-simple"},"aioseo_notices":[],"_links":{"self":[{"href":"https:\/\/as-schwabe.de\/pl\/wp-json\/wp\/v2\/product\/32920","targetHints":{"allow":["GET"]}}],"collection":[{"href":"https:\/\/as-schwabe.de\/pl\/wp-json\/wp\/v2\/product"}],"about":[{"href":"https:\/\/as-schwabe.de\/pl\/wp-json\/wp\/v2\/types\/product"}],"version-history":[{"count":0,"href":"https:\/\/as-schwabe.de\/pl\/wp-json\/wp\/v2\/product\/32920\/revisions"}],"wp:featuredmedia":[{"embeddable":true,"href":"https:\/\/as-schwabe.de\/pl\/wp-json\/wp\/v2\/media\/32080"}],"wp:attachment":[{"href":"https:\/\/as-schwabe.de\/pl\/wp-json\/wp\/v2\/media?parent=32920"}],"wp:term":[{"taxonomy":"product_brand","embeddable":true,"href":"https:\/\/as-schwabe.de\/pl\/wp-json\/wp\/v2\/genre?post=32920"},{"taxonomy":"product_cat","embeddable":true,"href":"https:\/\/as-schwabe.de\/pl\/wp-json\/wp\/v2\/product_cat?post=32920"},{"taxonomy":"product_tag","embeddable":true,"href":"https:\/\/as-schwabe.de\/pl\/wp-json\/wp\/v2\/product_tag?post=32920"}],"curies":[{"name":"wp","href":"https:\/\/api.w.org\/{rel}","templated":true}]}}