{"id":32919,"date":"2025-09-26T23:37:35","date_gmt":"2025-09-26T23:37:35","guid":{"rendered":"https:\/\/as-schwabe.de\/?post_type=product&#038;p=32919"},"modified":"2025-10-23T00:19:39","modified_gmt":"2025-10-23T00:19:39","slug":"przewodnik-przylaczeniowy-h07bq-f-3g15-pom-3-m-70909","status":"publish","type":"product","link":"https:\/\/as-schwabe.de\/pl\/produkt\/przewodnik-przylaczeniowy-h07bq-f-3g15-pom-3-m-70909\/","title":{"rendered":"Przew\u00f3d przy\u0142\u0105czeniowy 3 m H07BQ-F 3G1,5 POM | 70909"},"content":{"rendered":"<p>Przew\u00f3d przy\u0142\u0105czeniowy H07BQ-F 3G1,5 w kolorze pomara\u0144czowym o d\u0142ugo\u015bci 3 metr\u00f3w to niezawodne rozwi\u0105zanie dla profesjonalist\u00f3w i entuzjast\u00f3w budowlanych. Posiada wej\u015bcie wtyczki IP44 o napi\u0119ciu 230 V i pr\u0105dzie 16 A, co zapewnia wysok\u0105 wydajno\u015b\u0107 i bezpiecze\u0144stwo u\u017cytkowania. Wyj\u015bcie przewodu zosta\u0142o zaprojektowane z odizolowaniem na 30 mm i wyposa\u017cone w tulejki, co u\u0142atwia pod\u0142\u0105czenie do r\u00f3\u017cnych urz\u0105dze\u0144. Klasa odporno\u015bci IP44 gwarantuje, \u017ce przew\u00f3d doskonale sprawdzi si\u0119 zar\u00f3wno w zastosowaniach zewn\u0119trznych, jak i w trudnych warunkach budowlanych, oferuj\u0105c pewno\u015b\u0107 i trwa\u0142o\u015b\u0107. Wybieraj\u0105c ten przew\u00f3d, inwestujesz w jako\u015b\u0107, kt\u00f3ra sprosta nawet najbardziej wymagaj\u0105cym zadaniom.<\/p>","protected":false},"excerpt":{"rendered":"<div class=\"icons\" style=\"display: flex; flex-wrap: wrap; gap: 5px; align-items: center; margin-top: 10px;\"><img decoding=\"async\" src=\"https:\/\/as-schwabe.de\/wp-content\/uploads\/ikony\/znak_CE.png\" alt=\"\" width=\"50\" height=\"50\" \/><img decoding=\"async\" src=\"https:\/\/as-schwabe.de\/wp-content\/uploads\/ikony\/znak_IP44.png\" alt=\"\" width=\"50\" height=\"50\" \/><img decoding=\"async\" src=\"https:\/\/as-schwabe.de\/wp-content\/uploads\/ikony\/znak_PB.png\" alt=\"\" width=\"50\" height=\"50\" \/><img loading=\"lazy\" decoding=\"async\" src=\"https:\/\/as-schwabe.de\/wp-content\/uploads\/ikony\/znak_Z.png\" alt=\"\" width=\"50\" height=\"50\" \/><img loading=\"lazy\" decoding=\"async\" src=\"https:\/\/as-schwabe.de\/wp-content\/uploads\/ikony\/znak_D.png\" alt=\"\" width=\"50\" height=\"50\" \/><\/div>\n<ul>\n<li>IP44: chroniony przed cia\u0142ami obcymi i bryzgami wody <\/li>\n<li>wtyczka 2P+Z IP44 z uziemieniem <\/li>\n<li>230 V, 16 A<\/li>\n<\/ul>","protected":false},"featured_media":32079,"template":"","meta":{"inline_featured_image":false},"genre":[509],"product_cat":[507,570],"product_tag":[],"class_list":{"0":"post-32919","1":"product","2":"type-product","3":"status-publish","4":"has-post-thumbnail","6":"product_brand-as-schwabe-pl","7":"product_cat-przewody-przylaczeniowe-2-pl","8":"product_cat-przewody-przylaczeniowe-z-wtyczka-pl","10":"first","11":"instock","12":"shipping-taxable","13":"product-type-simple"},"aioseo_notices":[],"_links":{"self":[{"href":"https:\/\/as-schwabe.de\/pl\/wp-json\/wp\/v2\/product\/32919","targetHints":{"allow":["GET"]}}],"collection":[{"href":"https:\/\/as-schwabe.de\/pl\/wp-json\/wp\/v2\/product"}],"about":[{"href":"https:\/\/as-schwabe.de\/pl\/wp-json\/wp\/v2\/types\/product"}],"version-history":[{"count":0,"href":"https:\/\/as-schwabe.de\/pl\/wp-json\/wp\/v2\/product\/32919\/revisions"}],"wp:featuredmedia":[{"embeddable":true,"href":"https:\/\/as-schwabe.de\/pl\/wp-json\/wp\/v2\/media\/32079"}],"wp:attachment":[{"href":"https:\/\/as-schwabe.de\/pl\/wp-json\/wp\/v2\/media?parent=32919"}],"wp:term":[{"taxonomy":"product_brand","embeddable":true,"href":"https:\/\/as-schwabe.de\/pl\/wp-json\/wp\/v2\/genre?post=32919"},{"taxonomy":"product_cat","embeddable":true,"href":"https:\/\/as-schwabe.de\/pl\/wp-json\/wp\/v2\/product_cat?post=32919"},{"taxonomy":"product_tag","embeddable":true,"href":"https:\/\/as-schwabe.de\/pl\/wp-json\/wp\/v2\/product_tag?post=32919"}],"curies":[{"name":"wp","href":"https:\/\/api.w.org\/{rel}","templated":true}]}}