{"id":32918,"date":"2025-09-26T23:37:35","date_gmt":"2025-09-26T23:37:35","guid":{"rendered":"https:\/\/as-schwabe.de\/?post_type=product&#038;p=32918"},"modified":"2025-10-23T00:19:38","modified_gmt":"2025-10-23T00:19:38","slug":"przewodnik-przylaczeniowy-h07bq-f-3g15-pom-5-m-70908","status":"publish","type":"product","link":"https:\/\/as-schwabe.de\/pl\/produkt\/przewodnik-przylaczeniowy-h07bq-f-3g15-pom-5-m-70908\/","title":{"rendered":"Przew\u00f3d przy\u0142\u0105czeniowy 5 m H07BQ-F 3G1,5 POM | 70908"},"content":{"rendered":"<p>Przew\u00f3d przy\u0142\u0105czeniowy H07BQ-F 3G1,5 pomara\u0144czowy o d\u0142ugo\u015bci 5 m to niezawodne rozwi\u0105zanie do zasilania urz\u0105dze\u0144 zar\u00f3wno na budowie, jak i na zewn\u0105trz. Wyposa\u017cony w wtyczk\u0119 IP44 o napi\u0119ciu 230 V i pr\u0105dzie 16 A, zapewnia doskona\u0142\u0105 ochron\u0119 przed wod\u0105 i py\u0142em, co czyni go idealnym do u\u017cytku w trudnych warunkach. Dodatkowo, przew\u00f3d posiada mo\u017cliwo\u015b\u0107 odizolowania na 30 mm z tulejkami, co u\u0142atwia pod\u0142\u0105czenie i zapewnia wysok\u0105 jako\u015b\u0107 instalacji. Dzi\u0119ki zastosowaniu materia\u0142\u00f3w odpornych na dzia\u0142anie warunk\u00f3w atmosferycznych, produkt gwarantuje d\u0142ugotrwa\u0142\u0105 funkcjonalno\u015b\u0107 i bezpiecze\u0144stwo u\u017cytkowania.<\/p>","protected":false},"excerpt":{"rendered":"<div class=\"icons\" style=\"display: flex; flex-wrap: wrap; gap: 5px; align-items: center; margin-top: 10px;\"><img decoding=\"async\" src=\"https:\/\/as-schwabe.de\/wp-content\/uploads\/ikony\/znak_CE.png\" alt=\"\" width=\"50\" height=\"50\" \/><img decoding=\"async\" src=\"https:\/\/as-schwabe.de\/wp-content\/uploads\/ikony\/znak_IP44.png\" alt=\"\" width=\"50\" height=\"50\" \/><img decoding=\"async\" src=\"https:\/\/as-schwabe.de\/wp-content\/uploads\/ikony\/znak_PB.png\" alt=\"\" width=\"50\" height=\"50\" \/><img loading=\"lazy\" decoding=\"async\" src=\"https:\/\/as-schwabe.de\/wp-content\/uploads\/ikony\/znak_Z.png\" alt=\"\" width=\"50\" height=\"50\" \/><img loading=\"lazy\" decoding=\"async\" src=\"https:\/\/as-schwabe.de\/wp-content\/uploads\/ikony\/znak_D.png\" alt=\"\" width=\"50\" height=\"50\" \/><\/div>\n<ul>\n<li>IP44: chroniony przed cia\u0142ami obcymi i bryzgami wody <\/li>\n<li>wtyczka 2P+Z IP44 z uziemieniem <\/li>\n<li>230 V, 16 A<\/li>\n<\/ul>","protected":false},"featured_media":32078,"template":"","meta":{"inline_featured_image":false},"genre":[509],"product_cat":[507,570],"product_tag":[],"class_list":{"0":"post-32918","1":"product","2":"type-product","3":"status-publish","4":"has-post-thumbnail","6":"product_brand-as-schwabe-pl","7":"product_cat-przewody-przylaczeniowe-2-pl","8":"product_cat-przewody-przylaczeniowe-z-wtyczka-pl","10":"first","11":"instock","12":"shipping-taxable","13":"product-type-simple"},"aioseo_notices":[],"_links":{"self":[{"href":"https:\/\/as-schwabe.de\/pl\/wp-json\/wp\/v2\/product\/32918","targetHints":{"allow":["GET"]}}],"collection":[{"href":"https:\/\/as-schwabe.de\/pl\/wp-json\/wp\/v2\/product"}],"about":[{"href":"https:\/\/as-schwabe.de\/pl\/wp-json\/wp\/v2\/types\/product"}],"version-history":[{"count":0,"href":"https:\/\/as-schwabe.de\/pl\/wp-json\/wp\/v2\/product\/32918\/revisions"}],"wp:featuredmedia":[{"embeddable":true,"href":"https:\/\/as-schwabe.de\/pl\/wp-json\/wp\/v2\/media\/32078"}],"wp:attachment":[{"href":"https:\/\/as-schwabe.de\/pl\/wp-json\/wp\/v2\/media?parent=32918"}],"wp:term":[{"taxonomy":"product_brand","embeddable":true,"href":"https:\/\/as-schwabe.de\/pl\/wp-json\/wp\/v2\/genre?post=32918"},{"taxonomy":"product_cat","embeddable":true,"href":"https:\/\/as-schwabe.de\/pl\/wp-json\/wp\/v2\/product_cat?post=32918"},{"taxonomy":"product_tag","embeddable":true,"href":"https:\/\/as-schwabe.de\/pl\/wp-json\/wp\/v2\/product_tag?post=32918"}],"curies":[{"name":"wp","href":"https:\/\/api.w.org\/{rel}","templated":true}]}}