{"id":32910,"date":"2025-09-26T23:37:33","date_gmt":"2025-09-26T23:37:33","guid":{"rendered":"https:\/\/as-schwabe.de\/?post_type=product&#038;p=32910"},"modified":"2025-10-23T00:19:35","modified_gmt":"2025-10-23T00:19:35","slug":"przewod-zasilajacy-do-urzadzen-grzewczych-do-155-c-70874","status":"publish","type":"product","link":"https:\/\/as-schwabe.de\/pl\/produkt\/przewod-zasilajacy-do-urzadzen-grzewczych-do-155-c-70874\/","title":{"rendered":"Przew\u00f3d zasilaj\u0105cy do urz\u0105dze\u0144 grzewczych do 155 \u00b0C 2 m H05RN-F 3G1,0 | 70874"},"content":{"rendered":"<p>Przew\u00f3d zasilaj\u0105cy H05RN-F 3G1,0, o d\u0142ugo\u015bci 2 m, dedykowany do urz\u0105dze\u0144 grzewczych, zapewnia bezpieczne po\u0142\u0105czenie zasilania w warunkach wewn\u0119trznych. Wyposa\u017cony w wtyczk\u0119 IP20 o napi\u0119ciu 230 V i pr\u0105dzie nominalnym 16 A, a tak\u017ce gniazdo C15 o maksymalnym obci\u0105\u017ceniu 10 A, umo\u017cliwia bezproblemowe pod\u0142\u0105czenie urz\u0105dze\u0144 grzewczych, kt\u00f3re pracuj\u0105 w temperaturach si\u0119gaj\u0105cych 155 \u00b0C. Wysoka jako\u015b\u0107 materia\u0142\u00f3w oraz odpowiednie zabezpieczenia zapewniaj\u0105 trwa\u0142o\u015b\u0107 i niezawodno\u015b\u0107 dzia\u0142ania. Przew\u00f3d charakteryzuje si\u0119 elastyczno\u015bci\u0105 i odporno\u015bci\u0105 na dzia\u0142anie wysokich temperatur, co sprawia, \u017ce jest idealnym rozwi\u0105zaniem dla u\u017cytkownik\u00f3w ceni\u0105cych sobie bezpiecze\u0144stwo i komfort u\u017cytkowania w domowych pomieszczeniach.<\/p>","protected":false},"excerpt":{"rendered":"<div class=\"icons\" style=\"display: flex; flex-wrap: wrap; gap: 5px; align-items: center; margin-top: 10px;\"><img decoding=\"async\" src=\"https:\/\/as-schwabe.de\/wp-content\/uploads\/ikony\/znak_CE.png\" alt=\"\" width=\"50\" height=\"50\" \/><img decoding=\"async\" src=\"https:\/\/as-schwabe.de\/wp-content\/uploads\/ikony\/znak_IP20.png\" alt=\"\" width=\"50\" height=\"50\" \/><img decoding=\"async\" src=\"https:\/\/as-schwabe.de\/wp-content\/uploads\/ikony\/znak_D.png\" alt=\"\" width=\"50\" height=\"50\" \/><\/div>\n<ul>\n<li>IP20: do u\u017cytku wewn\u0105trz pomieszcze\u0144 <\/li>\n<li>z gniazdem do urz\u0105dze\u0144 grzewczych typu C15A <\/li>\n<li>do 155 \u00b0C <\/li>\n<li>wtyczka: 2P+Z <\/li>\n<li>230 V, 10 A<\/li>\n<\/ul>","protected":false},"featured_media":32062,"template":"","meta":{"inline_featured_image":false},"genre":[509],"product_cat":[507,570],"product_tag":[],"class_list":{"0":"post-32910","1":"product","2":"type-product","3":"status-publish","4":"has-post-thumbnail","6":"product_brand-as-schwabe-pl","7":"product_cat-przewody-przylaczeniowe-2-pl","8":"product_cat-przewody-przylaczeniowe-z-wtyczka-pl","10":"first","11":"instock","12":"shipping-taxable","13":"product-type-simple"},"aioseo_notices":[],"_links":{"self":[{"href":"https:\/\/as-schwabe.de\/pl\/wp-json\/wp\/v2\/product\/32910","targetHints":{"allow":["GET"]}}],"collection":[{"href":"https:\/\/as-schwabe.de\/pl\/wp-json\/wp\/v2\/product"}],"about":[{"href":"https:\/\/as-schwabe.de\/pl\/wp-json\/wp\/v2\/types\/product"}],"version-history":[{"count":0,"href":"https:\/\/as-schwabe.de\/pl\/wp-json\/wp\/v2\/product\/32910\/revisions"}],"wp:featuredmedia":[{"embeddable":true,"href":"https:\/\/as-schwabe.de\/pl\/wp-json\/wp\/v2\/media\/32062"}],"wp:attachment":[{"href":"https:\/\/as-schwabe.de\/pl\/wp-json\/wp\/v2\/media?parent=32910"}],"wp:term":[{"taxonomy":"product_brand","embeddable":true,"href":"https:\/\/as-schwabe.de\/pl\/wp-json\/wp\/v2\/genre?post=32910"},{"taxonomy":"product_cat","embeddable":true,"href":"https:\/\/as-schwabe.de\/pl\/wp-json\/wp\/v2\/product_cat?post=32910"},{"taxonomy":"product_tag","embeddable":true,"href":"https:\/\/as-schwabe.de\/pl\/wp-json\/wp\/v2\/product_tag?post=32910"}],"curies":[{"name":"wp","href":"https:\/\/api.w.org\/{rel}","templated":true}]}}