{"id":32909,"date":"2025-09-26T23:37:33","date_gmt":"2025-09-26T23:37:33","guid":{"rendered":"https:\/\/as-schwabe.de\/?post_type=product&#038;p=32909"},"modified":"2025-10-23T00:19:35","modified_gmt":"2025-10-23T00:19:35","slug":"przewod-zasilajacy-do-urzadzen-grzewczych-do-120-c-70873","status":"publish","type":"product","link":"https:\/\/as-schwabe.de\/pl\/produkt\/przewod-zasilajacy-do-urzadzen-grzewczych-do-120-c-70873\/","title":{"rendered":"Przew\u00f3d zasilaj\u0105cy do urz\u0105dze\u0144 grzewczych do 120 \u00b0C 2 m H05RR-F 3G1,0 | 70873"},"content":{"rendered":"<p>Przew\u00f3d zasilaj\u0105cy H05RN-F 3G1,0 czarny o d\u0142ugo\u015bci 2 m jest idealnym rozwi\u0105zaniem dla urz\u0105dze\u0144 grzewczych dzia\u0142aj\u0105cych w temperaturach do 120 \u00b0C. Wyposa\u017cony w wtyczk\u0119 IP20 o parametrach 230 V i 16 A oraz gniazdo C15, umo\u017cliwia bezpieczne pod\u0142\u0105czenie sprz\u0119tu grzewczego w pomieszczeniach. Dzi\u0119ki wysokiej odporno\u015bci na dzia\u0142anie wysokich temperatur, przew\u00f3d zapewnia niezawodno\u015b\u0107 i trwa\u0142o\u015b\u0107 w codziennym u\u017cytkowaniu. Oferuj\u0105c maksymalne obci\u0105\u017cenie 230 V i 10 A, produkt stanowi doskona\u0142e wsparcie dla urz\u0105dze\u0144 wymagaj\u0105cych stabilnego i wydajnego zasilania. Jego zastosowanie w \u015brodowisku wewn\u0119trznym sprawia, \u017ce jest nie tylko funkcjonalny, ale i praktyczny w r\u00f3\u017cnorodnych zastosowaniach grzewczych.<\/p>","protected":false},"excerpt":{"rendered":"<div class=\"icons\" style=\"display: flex; flex-wrap: wrap; gap: 5px; align-items: center; margin-top: 10px;\"><img decoding=\"async\" src=\"https:\/\/as-schwabe.de\/wp-content\/uploads\/ikony\/znak_CE.png\" alt=\"\" width=\"50\" height=\"50\" \/><img decoding=\"async\" src=\"https:\/\/as-schwabe.de\/wp-content\/uploads\/ikony\/znak_IP20.png\" alt=\"\" width=\"50\" height=\"50\" \/><img decoding=\"async\" src=\"https:\/\/as-schwabe.de\/wp-content\/uploads\/ikony\/znak_D.png\" alt=\"\" width=\"50\" height=\"50\" \/><\/div>\n<ul>\n<li>IP20: do u\u017cytku wewn\u0105trz pomieszcze\u0144 <\/li>\n<li>z gniazdem do urz\u0105dze\u0144 grzewczych typu C15 <\/li>\n<li>do 120 \u00b0C <\/li>\n<li>wtyczka: 2P+Z k\u0105towa z uziemieniem <\/li>\n<li>230 V, 10 A<\/li>\n<\/ul>","protected":false},"featured_media":32061,"template":"","meta":{"inline_featured_image":false},"genre":[509],"product_cat":[507,570],"product_tag":[],"class_list":{"0":"post-32909","1":"product","2":"type-product","3":"status-publish","4":"has-post-thumbnail","6":"product_brand-as-schwabe-pl","7":"product_cat-przewody-przylaczeniowe-2-pl","8":"product_cat-przewody-przylaczeniowe-z-wtyczka-pl","10":"first","11":"instock","12":"shipping-taxable","13":"product-type-simple"},"aioseo_notices":[],"_links":{"self":[{"href":"https:\/\/as-schwabe.de\/pl\/wp-json\/wp\/v2\/product\/32909","targetHints":{"allow":["GET"]}}],"collection":[{"href":"https:\/\/as-schwabe.de\/pl\/wp-json\/wp\/v2\/product"}],"about":[{"href":"https:\/\/as-schwabe.de\/pl\/wp-json\/wp\/v2\/types\/product"}],"version-history":[{"count":0,"href":"https:\/\/as-schwabe.de\/pl\/wp-json\/wp\/v2\/product\/32909\/revisions"}],"wp:featuredmedia":[{"embeddable":true,"href":"https:\/\/as-schwabe.de\/pl\/wp-json\/wp\/v2\/media\/32061"}],"wp:attachment":[{"href":"https:\/\/as-schwabe.de\/pl\/wp-json\/wp\/v2\/media?parent=32909"}],"wp:term":[{"taxonomy":"product_brand","embeddable":true,"href":"https:\/\/as-schwabe.de\/pl\/wp-json\/wp\/v2\/genre?post=32909"},{"taxonomy":"product_cat","embeddable":true,"href":"https:\/\/as-schwabe.de\/pl\/wp-json\/wp\/v2\/product_cat?post=32909"},{"taxonomy":"product_tag","embeddable":true,"href":"https:\/\/as-schwabe.de\/pl\/wp-json\/wp\/v2\/product_tag?post=32909"}],"curies":[{"name":"wp","href":"https:\/\/api.w.org\/{rel}","templated":true}]}}