{"id":32908,"date":"2025-09-26T23:37:33","date_gmt":"2025-09-26T23:37:33","guid":{"rendered":"https:\/\/as-schwabe.de\/?post_type=product&#038;p=32908"},"modified":"2025-10-23T00:19:34","modified_gmt":"2025-10-23T00:19:34","slug":"przewod-uziemiajacy-h07v-k-16mm-z-o-z-oczkami-m8-oraz-m10-70869","status":"publish","type":"product","link":"https:\/\/as-schwabe.de\/pl\/produkt\/przewod-uziemiajacy-h07v-k-16mm-z-o-z-oczkami-m8-oraz-m10-70869\/","title":{"rendered":"Przew\u00f3d uziemiaj\u0105cy H07V-K 16 mm, \u017c\u00f3\u0142to zielony z oczkami M8 oraz M10 | 70869"},"content":{"rendered":"<p>Przew\u00f3d uziemiaj\u0105cy H07V-K o przekroju 16 mm\u00b2 to niezawodne rozwi\u0105zanie dedykowane do u\u017cytku na zewn\u0105trz oraz na budowach, zapewniaj\u0105ce optymaln\u0105 ochron\u0119 przed pora\u017ceniem elektrycznym. Jego \u017c\u00f3\u0142to-zielona izolacja zosta\u0142a wykonana z wysokiej jako\u015bci materia\u0142\u00f3w, co gwarantuje dobr\u0105 odporno\u015b\u0107 na dzia\u0142anie warunk\u00f3w atmosferycznych oraz mechanicznych. Dzi\u0119ki zastosowaniu oczek M8 oraz M10, przew\u00f3d umo\u017cliwia \u0142atwy i pewny monta\u017c, co przyspiesza prace instalacyjne. Produkt charakteryzuje si\u0119 wysok\u0105 przewodno\u015bci\u0105 elektryczn\u0105 i odporno\u015bci\u0105 na uszkodzenia, co przek\u0142ada si\u0119 na jego d\u0142ugoletni\u0105 \u017cywotno\u015b\u0107 oraz bezpiecze\u0144stwo u\u017cytkowania. Wybieraj\u0105c przew\u00f3d H07V-K, inwestujesz w bezpiecze\u0144stwo i efektywno\u015b\u0107 swojej instalacji elektrycznej.<\/p>","protected":false},"excerpt":{"rendered":"<div class=\"icons\" style=\"display: flex; flex-wrap: wrap; gap: 5px; align-items: center; margin-top: 10px;\"><img decoding=\"async\" src=\"https:\/\/as-schwabe.de\/wp-content\/uploads\/ikony\/znak_CE.png\" alt=\"\" width=\"50\" height=\"50\" \/><img decoding=\"async\" src=\"https:\/\/as-schwabe.de\/wp-content\/uploads\/ikony\/znak_IP44.png\" alt=\"\" width=\"50\" height=\"50\" \/><img decoding=\"async\" src=\"https:\/\/as-schwabe.de\/wp-content\/uploads\/ikony\/znak_PB.png\" alt=\"\" width=\"50\" height=\"50\" \/><img loading=\"lazy\" decoding=\"async\" src=\"https:\/\/as-schwabe.de\/wp-content\/uploads\/ikony\/znak_Z.png\" alt=\"\" width=\"50\" height=\"50\" \/><img loading=\"lazy\" decoding=\"async\" src=\"https:\/\/as-schwabe.de\/wp-content\/uploads\/ikony\/znak_D.png\" alt=\"\" width=\"50\" height=\"50\" \/><img loading=\"lazy\" decoding=\"async\" src=\"https:\/\/as-schwabe.de\/wp-content\/uploads\/ikony\/znak_DE.png\" alt=\"\" width=\"50\" height=\"40\" \/><\/div>\n<ul>\n<li>Przew\u00f3d uziemiaj\u0105cy <\/li>\n<li>dopuszczone do stosowania na budowach i w rolnictwie <\/li>\n<\/ul>","protected":false},"featured_media":32060,"template":"","meta":{"inline_featured_image":false},"genre":[509],"product_cat":[518,519],"product_tag":[],"class_list":{"0":"post-32908","1":"product","2":"type-product","3":"status-publish","4":"has-post-thumbnail","6":"product_brand-as-schwabe-pl","7":"product_cat-asortyment-produktow-cee-400-v-pl","8":"product_cat-budowlane-szafy-rozdzielcze-cee-i-akcesoria-pl","10":"first","11":"instock","12":"shipping-taxable","13":"product-type-simple"},"aioseo_notices":[],"_links":{"self":[{"href":"https:\/\/as-schwabe.de\/pl\/wp-json\/wp\/v2\/product\/32908","targetHints":{"allow":["GET"]}}],"collection":[{"href":"https:\/\/as-schwabe.de\/pl\/wp-json\/wp\/v2\/product"}],"about":[{"href":"https:\/\/as-schwabe.de\/pl\/wp-json\/wp\/v2\/types\/product"}],"version-history":[{"count":0,"href":"https:\/\/as-schwabe.de\/pl\/wp-json\/wp\/v2\/product\/32908\/revisions"}],"wp:featuredmedia":[{"embeddable":true,"href":"https:\/\/as-schwabe.de\/pl\/wp-json\/wp\/v2\/media\/32060"}],"wp:attachment":[{"href":"https:\/\/as-schwabe.de\/pl\/wp-json\/wp\/v2\/media?parent=32908"}],"wp:term":[{"taxonomy":"product_brand","embeddable":true,"href":"https:\/\/as-schwabe.de\/pl\/wp-json\/wp\/v2\/genre?post=32908"},{"taxonomy":"product_cat","embeddable":true,"href":"https:\/\/as-schwabe.de\/pl\/wp-json\/wp\/v2\/product_cat?post=32908"},{"taxonomy":"product_tag","embeddable":true,"href":"https:\/\/as-schwabe.de\/pl\/wp-json\/wp\/v2\/product_tag?post=32908"}],"curies":[{"name":"wp","href":"https:\/\/api.w.org\/{rel}","templated":true}]}}