{"id":32907,"date":"2025-09-26T23:37:33","date_gmt":"2025-09-26T23:37:33","guid":{"rendered":"https:\/\/as-schwabe.de\/?post_type=product&#038;p=32907"},"modified":"2025-10-23T00:19:34","modified_gmt":"2025-10-23T00:19:34","slug":"kabel-do-podlaczania-piekarnika-h05vv-f-5g25-3-m-70868","status":"publish","type":"product","link":"https:\/\/as-schwabe.de\/pl\/produkt\/kabel-do-podlaczania-piekarnika-h05vv-f-5g25-3-m-70868\/","title":{"rendered":"Kabel do pod\u0142\u0105czania piekarnika lub kuchenki 400 V, 16 A 3 m H05VV-F 5G2,5 BIA | 70868"},"content":{"rendered":"<p>Kabel do pod\u0142\u0105czania piekarnika lub kuchenki 400 V, 16 A o d\u0142ugo\u015bci 3 m to niezawodne rozwi\u0105zanie dla ka\u017cdego gospodarstwa domowego. Wykonany z wysokiej jako\u015bci materia\u0142\u00f3w, zapewnia bezpieczne i stabilne po\u0142\u0105czenie dzi\u0119ki odizolowaniu na 50 mm z tulejkami na obu ko\u0144cach przewodu. Oferowany produkt jest przystosowany do pracy w warunkach wewn\u0119trznych, co potwierdza klasa ochrony IP20. Z maksymalnym napi\u0119ciem wynosz\u0105cym 400 V oraz pr\u0105dem 16 A, kabel gwarantuje efektywne dzia\u0142anie urz\u0105dze\u0144 kuchennych. Wybieraj\u0105c ten kabel, zyskujesz pewno\u015b\u0107 bezpiecznego u\u017cytkowania oraz wygod\u0119 w codziennym gotowaniu.<\/p>","protected":false},"excerpt":{"rendered":"<div class=\"icons\" style=\"display: flex; flex-wrap: wrap; gap: 5px; align-items: center; margin-top: 10px;\"><img decoding=\"async\" src=\"https:\/\/as-schwabe.de\/wp-content\/uploads\/ikony\/znak_CE.png\" alt=\"\" width=\"50\" height=\"50\" \/><img decoding=\"async\" src=\"https:\/\/as-schwabe.de\/wp-content\/uploads\/ikony\/znak_IP20.png\" alt=\"\" width=\"50\" height=\"50\" \/><img decoding=\"async\" src=\"https:\/\/as-schwabe.de\/wp-content\/uploads\/ikony\/znak_D.png\" alt=\"\" width=\"50\" height=\"50\" \/><\/div>\n<ul>\n<li>IP20: do u\u017cytku wewn\u0105trz pomieszcze\u0144 <\/li>\n<li>do pod\u0142\u0105czenia kuchenki elektrycznej lub piekarnika <\/li>\n<li>wolne ko\u0144ce kabla po obu stronach: ok. 50 mm bez izolacji z tulejkami <\/li>\n<li>400 V, 16 A<\/li>\n<\/ul>","protected":false},"featured_media":32058,"template":"","meta":{"inline_featured_image":false},"genre":[509],"product_cat":[507,570],"product_tag":[],"class_list":{"0":"post-32907","1":"product","2":"type-product","3":"status-publish","4":"has-post-thumbnail","6":"product_brand-as-schwabe-pl","7":"product_cat-przewody-przylaczeniowe-2-pl","8":"product_cat-przewody-przylaczeniowe-z-wtyczka-pl","10":"first","11":"instock","12":"shipping-taxable","13":"product-type-simple"},"aioseo_notices":[],"_links":{"self":[{"href":"https:\/\/as-schwabe.de\/pl\/wp-json\/wp\/v2\/product\/32907","targetHints":{"allow":["GET"]}}],"collection":[{"href":"https:\/\/as-schwabe.de\/pl\/wp-json\/wp\/v2\/product"}],"about":[{"href":"https:\/\/as-schwabe.de\/pl\/wp-json\/wp\/v2\/types\/product"}],"version-history":[{"count":0,"href":"https:\/\/as-schwabe.de\/pl\/wp-json\/wp\/v2\/product\/32907\/revisions"}],"wp:featuredmedia":[{"embeddable":true,"href":"https:\/\/as-schwabe.de\/pl\/wp-json\/wp\/v2\/media\/32058"}],"wp:attachment":[{"href":"https:\/\/as-schwabe.de\/pl\/wp-json\/wp\/v2\/media?parent=32907"}],"wp:term":[{"taxonomy":"product_brand","embeddable":true,"href":"https:\/\/as-schwabe.de\/pl\/wp-json\/wp\/v2\/genre?post=32907"},{"taxonomy":"product_cat","embeddable":true,"href":"https:\/\/as-schwabe.de\/pl\/wp-json\/wp\/v2\/product_cat?post=32907"},{"taxonomy":"product_tag","embeddable":true,"href":"https:\/\/as-schwabe.de\/pl\/wp-json\/wp\/v2\/product_tag?post=32907"}],"curies":[{"name":"wp","href":"https:\/\/api.w.org\/{rel}","templated":true}]}}