{"id":32869,"date":"2025-09-26T23:37:10","date_gmt":"2025-09-26T23:37:10","guid":{"rendered":"https:\/\/as-schwabe.de\/?post_type=product&#038;p=32869"},"modified":"2025-10-23T00:19:30","modified_gmt":"2025-10-23T00:19:30","slug":"przewod-przylaczeniowy-z-wt-katowa-cza-h05vv-f-3g10-10-m-70802","status":"publish","type":"product","link":"https:\/\/as-schwabe.de\/pl\/produkt\/przewod-przylaczeniowy-z-wt-katowa-cza-h05vv-f-3g10-10-m-70802\/","title":{"rendered":"Przew\u00f3d przy\u0142\u0105czeniowy z wtyczk\u0105 k\u0105tow\u0105 CZA 10 m H05VV-F 3G1,0 | 70802"},"content":{"rendered":"<p>Przew\u00f3d przy\u0142\u0105czeniowy z wtyczk\u0105 k\u0105tow\u0105 H05VV-F 3G1,0 czarny o d\u0142ugo\u015bci 10 m to idealne rozwi\u0105zanie dla zastosowa\u0144 wewn\u0119trznych, gdzie wymagana jest elastyczno\u015b\u0107 i wygoda pod\u0142\u0105czenia urz\u0105dze\u0144. Zbudowany z trwa\u0142ych materia\u0142\u00f3w, przew\u00f3d posiada wtyczk\u0119 k\u0105tow\u0105 IP20, co zapewnia bezpieczne po\u0142\u0105czenie przy napi\u0119ciu 230 V i maksymalnym pr\u0105dzie 16 A. Dzi\u0119ki odizolowaniu na 30 mm z tulejkami, u\u017cytkownik ma mo\u017cliwo\u015b\u0107 \u0142atwego i szybkiego pod\u0142\u0105czenia do r\u00f3\u017cnych urz\u0105dze\u0144 elektrycznych. Przew\u00f3d o stopniu ochrony IP20 jest przeznaczony do u\u017cytku w pomieszczeniach, co czyni go doskona\u0142ym wyborem do zastosowa\u0144 w biurach, warsztatach oraz innych przestrzeniach zamkni\u0119tych. Wybieraj\u0105c ten produkt, zyskujesz pewno\u015b\u0107 solidno\u015bci i wysokiej jako\u015bci wykonania.<\/p>","protected":false},"excerpt":{"rendered":"<div class=\"icons\" style=\"display: flex; flex-wrap: wrap; gap: 5px; align-items: center; margin-top: 10px;\"><img decoding=\"async\" src=\"https:\/\/as-schwabe.de\/wp-content\/uploads\/ikony\/znak_CE.png\" alt=\"\" width=\"50\" height=\"50\" \/><img decoding=\"async\" src=\"https:\/\/as-schwabe.de\/wp-content\/uploads\/ikony\/znak_IP20.png\" alt=\"\" width=\"50\" height=\"50\" \/><img decoding=\"async\" src=\"https:\/\/as-schwabe.de\/wp-content\/uploads\/ikony\/znak_D.png\" alt=\"\" width=\"50\" height=\"50\" \/><\/div>\n<ul>\n<li>IP20: do u\u017cytku wewn\u0105trz pomieszcze\u0144  <\/li>\n<li>wtyczka: 2P+Z k\u0105towa z uziemieniem <\/li>\n<li>230 V, 10 A<\/li>\n<\/ul>","protected":false},"featured_media":32046,"template":"","meta":{"inline_featured_image":false},"genre":[509],"product_cat":[507,570],"product_tag":[],"class_list":{"0":"post-32869","1":"product","2":"type-product","3":"status-publish","4":"has-post-thumbnail","6":"product_brand-as-schwabe-pl","7":"product_cat-przewody-przylaczeniowe-2-pl","8":"product_cat-przewody-przylaczeniowe-z-wtyczka-pl","10":"first","11":"instock","12":"shipping-taxable","13":"product-type-simple"},"aioseo_notices":[],"_links":{"self":[{"href":"https:\/\/as-schwabe.de\/pl\/wp-json\/wp\/v2\/product\/32869","targetHints":{"allow":["GET"]}}],"collection":[{"href":"https:\/\/as-schwabe.de\/pl\/wp-json\/wp\/v2\/product"}],"about":[{"href":"https:\/\/as-schwabe.de\/pl\/wp-json\/wp\/v2\/types\/product"}],"version-history":[{"count":0,"href":"https:\/\/as-schwabe.de\/pl\/wp-json\/wp\/v2\/product\/32869\/revisions"}],"wp:featuredmedia":[{"embeddable":true,"href":"https:\/\/as-schwabe.de\/pl\/wp-json\/wp\/v2\/media\/32046"}],"wp:attachment":[{"href":"https:\/\/as-schwabe.de\/pl\/wp-json\/wp\/v2\/media?parent=32869"}],"wp:term":[{"taxonomy":"product_brand","embeddable":true,"href":"https:\/\/as-schwabe.de\/pl\/wp-json\/wp\/v2\/genre?post=32869"},{"taxonomy":"product_cat","embeddable":true,"href":"https:\/\/as-schwabe.de\/pl\/wp-json\/wp\/v2\/product_cat?post=32869"},{"taxonomy":"product_tag","embeddable":true,"href":"https:\/\/as-schwabe.de\/pl\/wp-json\/wp\/v2\/product_tag?post=32869"}],"curies":[{"name":"wp","href":"https:\/\/api.w.org\/{rel}","templated":true}]}}